{"id":1582,"date":"2025-12-16T09:45:47","date_gmt":"2025-12-16T08:45:47","guid":{"rendered":"https:\/\/www.camping-besse.com\/faq\/"},"modified":"2026-03-23T10:11:09","modified_gmt":"2026-03-23T09:11:09","slug":"faq","status":"publish","type":"page","link":"https:\/\/www.camping-besse.com\/de\/faq\/","title":{"rendered":"FAQ"},"content":{"rendered":"\n<div class=\"wp-block-cover alignfull is-light has-custom-content-position is-position-bottom-center has-aspect-ratio\" style=\"margin-top:0;margin-bottom:0;padding-top:var(--wp--preset--spacing--xxxxl);padding-right:0;padding-bottom:0;padding-left:0;aspect-ratio:16\/9;min-height:unset;\"><img decoding=\"async\" width=\"2560\" height=\"1440\" class=\"wp-block-cover__image-background wp-image-1515 size-16\/9_2560x1440_desktop\" alt=\"bois graviere faq\" src=\"https:\/\/www.camping-besse.com\/wp-content\/uploads\/2026\/03\/bois-graviere-faq-2560x1440.webp\" style=\"object-position:50% 100%\" data-object-fit=\"cover\" data-object-position=\"50% 100%\" srcset=\"https:\/\/www.camping-besse.com\/wp-content\/uploads\/2026\/03\/bois-graviere-faq-2560x1440.webp 2560w, https:\/\/www.camping-besse.com\/wp-content\/uploads\/2026\/03\/bois-graviere-faq-1920x1080.webp 1920w, https:\/\/www.camping-besse.com\/wp-content\/uploads\/2026\/03\/bois-graviere-faq-1440x810.webp 1440w, https:\/\/www.camping-besse.com\/wp-content\/uploads\/2026\/03\/bois-graviere-faq-1366x768.webp 1366w, https:\/\/www.camping-besse.com\/wp-content\/uploads\/2026\/03\/bois-graviere-faq-1024x576.webp 1024w, https:\/\/www.camping-besse.com\/wp-content\/uploads\/2026\/03\/bois-graviere-faq-800x450.webp 800w, https:\/\/www.camping-besse.com\/wp-content\/uploads\/2026\/03\/bois-graviere-faq-640x360.webp 640w, https:\/\/www.camping-besse.com\/wp-content\/uploads\/2026\/03\/bois-graviere-faq-375x210.webp 375w, https:\/\/www.camping-besse.com\/wp-content\/uploads\/2026\/03\/bois-graviere-faq-200x112.webp 200w, https:\/\/www.camping-besse.com\/wp-content\/uploads\/2026\/03\/bois-graviere-faq-100x56.webp 100w\" sizes=\"(max-width: 2560px) 100vw, 2560px\" \/><span aria-hidden=\"true\" class=\"wp-block-cover__background has-background-dim-0 has-background-dim\"><\/span><div class=\"wp-block-cover__inner-container is-layout-flow wp-block-cover-is-layout-flow\">\n<figure class=\"wp-block-image size-full hrz-tampon-haut\"><img alt=\"Auvergne Rh\u00f4ne-Alpes circular stamp logo\" decoding=\"async\" width=\"243\" height=\"243\" src=\"https:\/\/www.camping-besse.com\/wp-content\/uploads\/2025\/12\/tampon-beige.png\" alt=\"\" class=\"wp-image-220\" srcset=\"https:\/\/www.camping-besse.com\/wp-content\/uploads\/2025\/12\/tampon-beige.png 243w, https:\/\/www.camping-besse.com\/wp-content\/uploads\/2025\/12\/tampon-beige-150x150.png 150w, https:\/\/www.camping-besse.com\/wp-content\/uploads\/2025\/12\/tampon-beige-200x200.png 200w, https:\/\/www.camping-besse.com\/wp-content\/uploads\/2025\/12\/tampon-beige-100x100.png 100w\" sizes=\"(max-width: 243px) 100vw, 243px\" \/><\/figure>\n\n\n\n<div class=\"wp-block-group hrz-hero-5-content is-layout-flow wp-container-core-group-is-layout-911427bc wp-block-group-is-layout-flow\" style=\"margin-top:0;margin-bottom:0;padding-top:0;padding-right:var(--wp--preset--spacing--xxl);padding-bottom:0;padding-left:var(--wp--preset--spacing--xxl)\">\n<a href=\"https:\/\/www.camping-besse.com\/de\/\" target=\"_self\" data-link=\"true\"><div class=\"wp-block-group is-layout-flow wp-block-group-is-layout-flow\" data-link=\"https:\/\/www.camping-besse.com\/\" data-target=\"_self\">\n\n<figure class=\"wp-block-image aligncenter size-full\" style=\"margin-top:0;margin-bottom:0\"><img alt=\"Bois de Gravi\u00e8re circular mountain landscape logo\" decoding=\"async\" width=\"177\" height=\"240\" src=\"https:\/\/www.camping-besse.com\/wp-content\/uploads\/2025\/12\/logo-bois-de-graviere.png\" alt=\"\" class=\"wp-image-38\"\/><\/figure>\n\n<\/div><\/a>\n<\/div>\n\n\n\n<div style=\"height:var(--wp--preset--spacing--xxxxl)\" aria-hidden=\"true\" class=\"wp-block-spacer\"><\/div>\n\n\n\n<div style=\"height:var(--wp--preset--spacing--xxxxl)\" aria-hidden=\"true\" class=\"wp-block-spacer\"><\/div>\n\n\n\n<div style=\"height:var(--wp--preset--spacing--xxxxl)\" aria-hidden=\"true\" class=\"wp-block-spacer\"><\/div>\n\n\n\n<figure class=\"wp-block-image alignfull size-full hrz-elipse\"><img alt=\"\" decoding=\"async\" src=\"https:\/\/www.camping-besse.com\/wp-content\/uploads\/2025\/12\/elipse.svg\" alt=\"\" class=\"wp-image-223\"\/><\/figure>\n<\/div><\/div>\n\n\n<div style=\"padding-left:var(--wp--preset--spacing--s);padding-top:var(--wp--preset--spacing--s);padding-bottom:var(--wp--preset--spacing--s);\" class=\"alignfull wp-elements-5cd3591c1ade14a972751d58f754b855 wp-block-wpseopress-breadcrumbs has-text-color has-primary-color\"><nav  aria-label=\"breadcrumb\"><ol class=\"breadcrumb\" itemscope itemtype=\"https:\/\/schema.org\/BreadcrumbList\"><li class=\"breadcrumb-item active\" aria-current=\"page\" itemprop=\"itemListElement\" itemscope itemtype=\"https:\/\/schema.org\/ListItem\"><span itemprop=\"name\">Camping \u00e0 Super-Besse<\/span><meta itemprop=\"position\" content=\"1\"><\/li><\/ol><\/nav><\/div>\n\n\n<div class=\"wp-block-group alignfull has-global-padding is-layout-constrained wp-block-group-is-layout-constrained\">\n<div class=\"wp-block-columns alignfull is-layout-flex wp-container-core-columns-is-layout-28f84493 wp-block-columns-is-layout-flex\">\n<div class=\"wp-block-column is-layout-flow wp-block-column-is-layout-flow\">\n<h1 class=\"wp-block-heading has-text-align-center has-primary-color has-text-color has-link-color wp-elements-d727e403d2609580f42cde3dd1b120ac\">FAQ &#8211; H\u00e4ufig gestellte Fragen<\/h1>\n\n\n\n<p class=\"has-text-align-center has-secondary-color has-text-color has-link-color has-tertiary-font-family has-xxxxxl-font-size wp-elements-33ec27ec6977c663affa8c79508b8c1f\">\u00dcber unseren Campingplatz in Bois de Gravi\u00e8re<\/p>\n<\/div>\n<\/div>\n<\/div>\n\n\n\n<div class=\"wp-block-columns alignwide are-vertically-aligned-center hrz-responsive-col hrz-reponsive-order is-layout-flex wp-container-core-columns-is-layout-3f562962 wp-block-columns-is-layout-flex\" style=\"margin-top:0;margin-bottom:0;padding-top:0;padding-right:var(--wp--preset--spacing--xxl);padding-bottom:0;padding-left:var(--wp--preset--spacing--xxl)\">\n<div class=\"wp-block-column is-vertically-aligned-center is-layout-flow wp-block-column-is-layout-flow\">\n<figure class=\"wp-block-image size-full is-style-image-svg-forme-2\"><img alt=\"Wooden cabins surrounded by trees and greenery\" decoding=\"async\" width=\"1024\" height=\"655\" src=\"https:\/\/www.camping-besse.com\/wp-content\/uploads\/2025\/12\/location-ete.webp\" alt=\"\" class=\"wp-image-274\" style=\"aspect-ratio:3\/4;object-fit:cover\" srcset=\"https:\/\/www.camping-besse.com\/wp-content\/uploads\/2025\/12\/location-ete.webp 1024w, https:\/\/www.camping-besse.com\/wp-content\/uploads\/2025\/12\/location-ete-300x192.webp 300w, https:\/\/www.camping-besse.com\/wp-content\/uploads\/2025\/12\/location-ete-768x491.webp 768w\" sizes=\"(max-width: 1024px) 100vw, 1024px\" \/><\/figure>\n<\/div>\n\n\n\n<div class=\"wp-block-column is-vertically-aligned-center is-layout-flow wp-block-column-is-layout-flow\" style=\"padding-top:0;padding-right:0;padding-bottom:0;padding-left:0\">\n<p style=\"margin-bottom:var(--wp--preset--spacing--xxl)\">Willkommen auf unserer FAQ-Seite f\u00fcr den Campingplatz <strong><a href=\"https:\/\/www.camping-besse.com\/de\/\" data-type=\"page\" data-id=\"4\">Campingplatz Bois de Gravi\u00e8re<\/a><\/strong><br>im Herzen des Parc des Volcans d&#8217;Auvergne<br>im wundersch\u00f6nen Departement Puy-de-D\u00f4me. Sie fragen sich, was unseren Campingplatz so besonders macht? Lassen Sie sich von uns durch die Besonderheiten f\u00fchren und beantworten Sie uns Ihre h\u00e4ufigsten Fragen.  <\/p>\n<\/div>\n<\/div>\n\n\n\n<div style=\"height:var(--wp--preset--spacing--xxxxl)\" aria-hidden=\"true\" class=\"wp-block-spacer\"><\/div>\n\n\n\n<div class=\"pfq\">\n  \n  \n  <nav class=\"pfq__themes\">\n    <h2>Themen<\/h2>\n    <ul>\n      \n        <li class=\"pfq__theme active\" data-pfq-group=\"group-0\">\n          <a href=\"#\">General<\/a>\n        <\/li>\n\n          <\/ul>\n  <\/nav>\n\n  <div class=\"pfq__questions\">\n    \n      <div class=\"pfq__questions__group visible\" data-pfq-group=\"group-0\">\n\n        <h3>General<\/h3>\n\n        \n          <div class=\"pfq__question\"  >\n            <h4 class=\"pfq__question__title\">Warum Campingplatz Bois de Gravi\u00e8re?<\/h4>\n            <div class=\"pfq__answer\"><p>Unser Campingplatz liegt in der N\u00e4he des charmanten mittelalterlichen St\u00e4dtchens Besse-et-Saint-Anastaise und ist der ideale Ausgangspunkt f\u00fcr die Erkundung der Naturwunder der Cha\u00eenes des Puy, die zum UNESCO-Weltkulturerbe erkl\u00e4rt wurde. Im Sommer wie im Winter Ob Sie nun gerne wandern, Ski fahren, Rad fahren, angeln oder einfach nur entspannen m\u00f6chten, hier finden Sie eine authentische und einladende Umgebung. Unsere ger\u00e4umigen und schattigen Stellpl\u00e4tze sind der ideale Ausgangspunkt f\u00fcr ein vulkanisches Erlebnis, bei dem Sie sich in aller Ruhe erholen k\u00f6nnen.  <\/p>\n<\/div>\n          <\/div>\n\n        \n          <div class=\"pfq__question\"  >\n            <h4 class=\"pfq__question__title\">Welche Aktivit\u00e4ten werden auf dem Campingplatz und in der Umgebung des Campingplatzes angeboten?<\/h4>\n            <div class=\"pfq__answer\"><p>Im Bois de Gravi\u00e8re gibt es immer etwas zu tun! Nutzen Sie unseren beheizten Pool f\u00fcr einen Moment der Entspannung oder nehmen Sie in der Hochsaison an unseren geselligen Animationen teil, die Jung und Alt begeistern werden. Naturliebhaber k\u00f6nnen sich auf die nahegelegenen Wanderwege wagen, w\u00e4hrend Kulturinteressierte das reiche Erbe der Region entdecken k\u00f6nnen. Und f\u00fcr Feinschmecker bieten wir schmackhafte lokale Gerichte zum Mitnehmen an, die Ihre Geschmacksnerven wecken werden.<br \/>\nSiehe die Anmerkungen auf den vorherigen Seiten zu den zahlreichen Aktivit\u00e4ten in der Umgebung: Skifahren, Alpinski und Langlauf, Schneeschuhwanderungen, Reitausfl\u00fcge, Mountainbike, Downhill- oder DH-R\u00e4der (stark entwickelt in Super Besse), Wandern auf dem GR30 entlang des Campingplatzes, sehr viele Wanderungen in unmittelbarer N\u00e4he des Puy de Sancy und des Lac Pavin. Angeln in der Couze Pavin&#8230;    <\/p>\n<\/div>\n          <\/div>\n\n        \n          <div class=\"pfq__question\"  >\n            <h4 class=\"pfq__question__title\">Wie kann ich meinen Aufenthalt buchen?<\/h4>\n            <div class=\"pfq__answer\"><p>Ihren Aufenthalt auf dem Campingplatz Bois de Gravi\u00e8re zu buchen ist einfach und schnell. Besuchen Sie unsere Webseite, um die Verf\u00fcgbarkeit zu pr\u00fcfen und die Unterkunft zu w\u00e4hlen, die Ihnen am besten gef\u00e4llt. Unser Team steht Ihnen ebenfalls zur Verf\u00fcgung, um alle Ihre Fragen zu beantworten und Ihnen bei der Planung eines unvergesslichen Urlaubs zu helfen.  <\/p>\n<\/div>\n          <\/div>\n\n        \n          <div class=\"pfq__question\"  >\n            <h4 class=\"pfq__question__title\">\u00d6ffnungszeiten der Unterk\u00fcnfte Chalets und Mobile-Homes ?<\/h4>\n            <div class=\"pfq__answer\"><p>Durchgehend von den Weihnachtsferien bis zum zweiten Wochenende im September, M\u00f6glichkeit der w\u00f6chentlichen oder n\u00e4chtlichen Vermietung. An- und Abreisetage k\u00f6nnen je nach Saison angepasst werden. <\/p>\n<\/div>\n          <\/div>\n\n        \n          <div class=\"pfq__question\"  >\n            <h4 class=\"pfq__question__title\">\u00d6ffnungszeiten der Campingpl\u00e4tze ?<\/h4>\n            <div class=\"pfq__answer\"><p>In der Wintersaison sind die Campingpl\u00e4tze nur w\u00e4hrend der Schulferien ge\u00f6ffnet, d.h. 2 Wochen in den Weihnachtsferien und 4 Wochen in den Februarferien, danach durchgehend ab den Osterferien bis zum zweiten Wochenende im September.<\/p>\n<\/div>\n          <\/div>\n\n        \n          <div class=\"pfq__question\"  >\n            <h4 class=\"pfq__question__title\">Ist es m\u00f6glich, vor Ort zu essen?<\/h4>\n            <div class=\"pfq__answer\"><p>Der Campingplatz verf\u00fcgt nicht \u00fcber ein Restaurant vor Ort, aber wir bieten einen &#8220;hausgemachten&#8221; Essensservice zum Mitnehmen an. Die Angebote variieren je nach Saison, bitte fragen Sie nach. Raclette und Fondue Auvergne, hausgemachte Pizza mit regionalen Produkten, Tr\u00fcffel,&#8230; Restaurant 800m entfernt. <\/p>\n<\/div>\n          <\/div>\n\n        \n      <\/div>\n\n    \n  <\/div>\n<\/div>\n","protected":false},"excerpt":{"rendered":"<p>FAQ &#8211; H\u00e4ufig gestellte Fragen \u00dcber unseren Campingplatz in Bois de Gravi\u00e8re Willkommen auf unserer FAQ-Seite f\u00fcr den Campingplatz Campingplatz Bois de Gravi\u00e8reim Herzen des Parc des Volcans d&#8217;Auvergneim wundersch\u00f6nen Departement Puy-de-D\u00f4me. Sie fragen sich, was unseren Campingplatz so besonders macht? Lassen Sie sich von uns durch die Besonderheiten f\u00fchren und beantworten Sie uns Ihre [&hellip;]<\/p>\n","protected":false},"author":1,"featured_media":0,"parent":0,"menu_order":0,"comment_status":"closed","ping_status":"closed","template":"page-no-title","meta":{"_acf_changed":false,"_seopress_robots_primary_cat":"","_seopress_titles_title":"FAQ Camping Super-Besse | Alle Antworten auf Ihre Fragen","_seopress_titles_desc":"Lesen Sie unsere FAQ mit allen wichtigen Informationen zur Vorbereitung Ihres Aufenthalts auf dem Campingplatz Bois de Gravi\u00e8re in Super-Besse.","_seopress_robots_index":"","footnotes":""},"class_list":["post-1582","page","type-page","status-publish","hentry"],"acf":[],"_links":{"self":[{"href":"https:\/\/www.camping-besse.com\/de\/wp-json\/wp\/v2\/pages\/1582","targetHints":{"allow":["GET"]}}],"collection":[{"href":"https:\/\/www.camping-besse.com\/de\/wp-json\/wp\/v2\/pages"}],"about":[{"href":"https:\/\/www.camping-besse.com\/de\/wp-json\/wp\/v2\/types\/page"}],"author":[{"embeddable":true,"href":"https:\/\/www.camping-besse.com\/de\/wp-json\/wp\/v2\/users\/1"}],"replies":[{"embeddable":true,"href":"https:\/\/www.camping-besse.com\/de\/wp-json\/wp\/v2\/comments?post=1582"}],"version-history":[{"count":2,"href":"https:\/\/www.camping-besse.com\/de\/wp-json\/wp\/v2\/pages\/1582\/revisions"}],"predecessor-version":[{"id":2431,"href":"https:\/\/www.camping-besse.com\/de\/wp-json\/wp\/v2\/pages\/1582\/revisions\/2431"}],"wp:attachment":[{"href":"https:\/\/www.camping-besse.com\/de\/wp-json\/wp\/v2\/media?parent=1582"}],"curies":[{"name":"wp","href":"https:\/\/api.w.org\/{rel}","templated":true}]}}