{"id":1637,"date":"2025-12-16T09:45:46","date_gmt":"2025-12-16T08:45:46","guid":{"rendered":"https:\/\/www.camping-besse.com\/bereiten-sie-ihren-aufenthalt-vor\/"},"modified":"2026-03-20T15:25:50","modified_gmt":"2026-03-20T14:25:50","slug":"bereiten-sie-ihren-aufenthalt-vor","status":"publish","type":"page","link":"https:\/\/www.camping-besse.com\/de\/bereiten-sie-ihren-aufenthalt-vor\/","title":{"rendered":"Bereiten Sie Ihren Aufenthalt vor"},"content":{"rendered":"\n<div class=\"wp-block-cover alignfull has-custom-content-position is-position-bottom-center has-aspect-ratio\" style=\"margin-top:0;margin-bottom:0;padding-top:var(--wp--preset--spacing--xxxxl);padding-right:0;padding-bottom:0;padding-left:0;aspect-ratio:16\/9;min-height:unset;\"><img alt=\"Outdoor swimming pool with cascading water feature\" decoding=\"async\" width=\"2048\" height=\"1440\" class=\"wp-block-cover__image-background wp-image-231 size-16\/9_2560x1440_desktop\" alt=\"\" src=\"https:\/\/www.camping-besse.com\/wp-content\/uploads\/2025\/12\/vue-piscine-2048x1440.webp\" data-object-fit=\"cover\"\/><span aria-hidden=\"true\" class=\"wp-block-cover__background has-background-dim-0 has-background-dim\"><\/span><div class=\"wp-block-cover__inner-container is-layout-flow wp-block-cover-is-layout-flow\">\n<figure class=\"wp-block-image size-full hrz-tampon-haut\"><img alt=\"Auvergne Rh\u00f4ne-Alpes circular stamp logo\" decoding=\"async\" width=\"243\" height=\"243\" src=\"https:\/\/www.camping-besse.com\/wp-content\/uploads\/2025\/12\/tampon-beige.png\" alt=\"\" class=\"wp-image-220\" srcset=\"https:\/\/www.camping-besse.com\/wp-content\/uploads\/2025\/12\/tampon-beige.png 243w, https:\/\/www.camping-besse.com\/wp-content\/uploads\/2025\/12\/tampon-beige-150x150.png 150w, https:\/\/www.camping-besse.com\/wp-content\/uploads\/2025\/12\/tampon-beige-200x200.png 200w, https:\/\/www.camping-besse.com\/wp-content\/uploads\/2025\/12\/tampon-beige-100x100.png 100w\" sizes=\"(max-width: 243px) 100vw, 243px\" \/><\/figure>\n\n\n\n<div class=\"wp-block-group hrz-hero-5-content is-layout-flow wp-container-core-group-is-layout-911427bc wp-block-group-is-layout-flow\" style=\"margin-top:0;margin-bottom:0;padding-top:0;padding-right:var(--wp--preset--spacing--xxl);padding-bottom:0;padding-left:var(--wp--preset--spacing--xxl)\">\n<a href=\"https:\/\/www.camping-besse.com\/\" target=\"_self\" data-link=\"true\"><div class=\"wp-block-group is-layout-flow wp-block-group-is-layout-flow\" data-link=\"https:\/\/www.camping-besse.com\/\" data-target=\"_self\">\n<figure class=\"wp-block-image aligncenter size-full\" style=\"margin-top:0;margin-bottom:0\"><img alt=\"Bois de Gravi\u00e8re circular mountain landscape logo\" decoding=\"async\" width=\"177\" height=\"240\" src=\"https:\/\/www.camping-besse.com\/wp-content\/uploads\/2025\/12\/logo-bois-de-graviere.png\" alt=\"\" class=\"wp-image-38\"\/><\/figure>\n<\/div><\/a>\n<\/div>\n\n\n\n<div style=\"height:var(--wp--preset--spacing--xxxxl)\" aria-hidden=\"true\" class=\"wp-block-spacer\"><\/div>\n\n\n\n<div style=\"height:var(--wp--preset--spacing--xxxxl)\" aria-hidden=\"true\" class=\"wp-block-spacer\"><\/div>\n\n\n\n<div style=\"height:var(--wp--preset--spacing--xxxxl)\" aria-hidden=\"true\" class=\"wp-block-spacer\"><\/div>\n\n\n\n<figure class=\"wp-block-image alignfull size-full hrz-elipse\"><img alt=\"\" decoding=\"async\" src=\"https:\/\/www.camping-besse.com\/wp-content\/uploads\/2025\/12\/elipse.svg\" alt=\"\" class=\"wp-image-223\"\/><\/figure>\n<\/div><\/div>\n<div style=\"padding-left:var(--wp--preset--spacing--s);padding-top:var(--wp--preset--spacing--s);padding-bottom:var(--wp--preset--spacing--s);\" class=\"alignfull wp-elements-5cd3591c1ade14a972751d58f754b855 wp-block-wpseopress-breadcrumbs has-text-color has-primary-color\"><nav  aria-label=\"breadcrumb\"><ol class=\"breadcrumb\" itemscope itemtype=\"https:\/\/schema.org\/BreadcrumbList\"><li class=\"breadcrumb-item active\" aria-current=\"page\" itemprop=\"itemListElement\" itemscope itemtype=\"https:\/\/schema.org\/ListItem\"><span itemprop=\"name\">Camping \u00e0 Super-Besse<\/span><meta itemprop=\"position\" content=\"1\"><\/li><\/ol><\/nav><\/div>\n<div class=\"wp-block-group alignfull has-global-padding is-layout-constrained wp-block-group-is-layout-constrained\">\n<div class=\"wp-block-columns alignfull is-layout-flex wp-container-core-columns-is-layout-28f84493 wp-block-columns-is-layout-flex\">\n<div class=\"wp-block-column is-layout-flow wp-block-column-is-layout-flow\">\n<h1 class=\"wp-block-heading has-text-align-center has-primary-color has-text-color has-link-color wp-elements-e8c96bd476f4a32efc853d99560d2020\">Bereiten Sie Ihren Campingurlaub in Super-Besse vor<\/h1>\n\n\n\n<p class=\"has-text-align-center has-secondary-color has-text-color has-link-color has-tertiary-font-family has-xxxxxl-font-size wp-elements-020b8092b183130dac631a88e076e044\">N\u00fctzliche Dokumente<\/p>\n<\/div>\n<\/div>\n<\/div>\n\n<div class=\"wp-block-group alignfull hrz-galerie-3 has-global-padding is-layout-constrained wp-container-core-group-is-layout-a700ee33 wp-block-group-is-layout-constrained\" style=\"padding-top:0;padding-right:0;padding-bottom:0;padding-left:0\">\n<div class=\"wp-block-group has-global-padding is-layout-constrained wp-container-core-group-is-layout-41c22256 wp-block-group-is-layout-constrained\" style=\"padding-right:var(--wp--preset--spacing--l);padding-left:var(--wp--preset--spacing--l)\">\n<div class=\"wp-block-buttons is-layout-flex wp-block-buttons-is-layout-flex\">\n<div class=\"wp-block-button\"><a class=\"wp-block-button__link wp-element-button\" href=\"https:\/\/www.camping-besse.com\/wp-content\/uploads\/2026\/01\/condition-juridique-flexfrench.pdf\" target=\"_blank\" rel=\"noreferrer noopener nofollow\">NEAT Reiser\u00fccktrittsversicherung<\/a><\/div>\n\n\n\n<div class=\"wp-block-button\"><a class=\"wp-block-button__link wp-element-button\" href=\"https:\/\/www.camping-besse.com\/wp-content\/uploads\/2026\/01\/reglement-interieur.pdf\" target=\"_blank\" rel=\"noreferrer noopener nofollow\">Hausordnung des Campingplatzes<\/a><\/div>\n\n\n\n<div class=\"wp-block-button\"><a class=\"wp-block-button__link wp-element-button\" href=\"https:\/\/www.camping-besse.com\/wp-content\/uploads\/2026\/01\/contrat-emplacements.pdf\" target=\"_blank\" rel=\"noreferrer noopener nofollow\">Mietvertrag f\u00fcr einen Stellplatz<\/a><\/div>\n\n\n\n<div class=\"wp-block-button\"><a class=\"wp-block-button__link wp-element-button\" href=\"https:\/\/www.camping-besse.com\/wp-content\/uploads\/2026\/01\/contrat-locations.pdf\" target=\"_blank\" rel=\"noreferrer noopener nofollow\">Mietvertrag f\u00fcr die Unterkunft<\/a><\/div>\n\n\n\n<div class=\"wp-block-button\"><a class=\"wp-block-button__link wp-element-button\" href=\"https:\/\/www.camping-besse.com\/wp-content\/uploads\/2026\/01\/inventaire-type.pdf\" target=\"_blank\" rel=\"noreferrer noopener nofollow\">Typische Inventur<\/a><\/div>\n\n\n\n<div class=\"wp-block-button\"><a class=\"wp-block-button__link wp-element-button\" href=\"https:\/\/www.camping-besse.com\/wp-content\/uploads\/2026\/01\/conditions-generales-de-vente.pdf\" target=\"_blank\" rel=\"noreferrer noopener nofollow\">Allgemeine Gesch\u00e4ftsbedingungen<\/a><\/div>\n\n\n\n<div class=\"wp-block-button\"><a class=\"wp-block-button__link wp-element-button\" href=\"https:\/\/www.camping-besse.com\/wp-content\/uploads\/2026\/01\/protocole-de-depart.pdf\" target=\"_blank\" rel=\"noreferrer noopener nofollow\">Protokoll der Abreise<\/a><\/div>\n<\/div>\n\n\n\n<div style=\"height:var(--wp--preset--spacing--xxl)\" aria-hidden=\"true\" class=\"wp-block-spacer\"><\/div>\n\n\n\n<p><\/p>\n\n\n\n<p class=\"has-text-align-center is-style-lab-p--base has-text-alt-color has-text-color has-link-color wp-elements-b264636c928292fc0303f2cec6e228d3\" style=\"margin-top:var(--wp--preset--spacing--s);margin-bottom:var(--wp--preset--spacing--m)\">Tr\u00e4umen Sie von einem Ausflug in das Herz der Auvergne, zwischen majest\u00e4tischen Vulkanen und malerischen Landschaften? Der Campingplatz &#8220;Bois de Gravi\u00e8re&#8221; im Departement Puy-de-D\u00f4me ist der ideale Ort, um Ihre Koffer abzustellen und sich zu erholen. Unser <strong><a href=\"https:\/\/www.camping-besse.com\/de\/\" data-type=\"page\" data-id=\"4\">Campingplatz in Besse<\/a><\/strong> bietet Ihnen eine authentische und freundliche Erfahrung, die perfekt ist, um die nat\u00fcrlichen und kulturellen Reicht\u00fcmer der Region zu entdecken.  <\/p>\n\n\n\n<p>Bei einem Aufenthalt auf &#8220;Bois de Gravi\u00e8re&#8221; genie\u00dfen Sie eine au\u00dfergew\u00f6hnliche nat\u00fcrliche Umgebung mit ger\u00e4umigen und schattigen Stellpl\u00e4tzen, die sich perfekt f\u00fcr Ihr Zelt oder Ihren Wohnwagen eignen. Die komfortablen Mobilheime sind auch eine Option f\u00fcr diejenigen, die etwas mehr Komfort bevorzugen. Der Campingplatz bietet eine Vielzahl von Dienstleistungen f\u00fcr die ganze Familie: beheiztes Schwimmbad, Kinderspielplatz und sogar Abendunterhaltung f\u00fcr unvergessliche Momente mit der Familie oder mit Freunden. Wanderfreunde werden von den Wanderwegen begeistert sein, die sich durch die Vulkane der Auvergne schl\u00e4ngeln und atemberaubende Panoramen bieten.   <\/p>\n\n\n\n<p class=\"has-text-align-center is-style-lab-p--base has-text-alt-color has-text-color has-link-color wp-elements-d301443c069c952440d4bf771ec41330\" style=\"margin-top:var(--wp--preset--spacing--s);margin-bottom:var(--wp--preset--spacing--m)\">Um Ihren Aufenthalt vorzubereiten, sollten Sie die Umgebung erkunden: den regionalen Naturpark Volcans d&#8217;Auvergne, den Puy de Sancy, den Puy de D\u00f4me, Vulcania und die Stadt Clermont-Ferrand mit ihrer ber\u00fchmten gotischen Kathedrale. Der Campingplatz &#8220;Bois de Gravi\u00e8re&#8221; ist der ideale Ausgangspunkt f\u00fcr all Ihre Abenteuer. Buchen Sie jetzt und lassen Sie sich von der herzlichen Gastfreundschaft und den gro\u00dfartigen Landschaften der Auvergne verzaubern. Sie werden mit vielen Erinnerungen und dem Wunsch, so schnell wie m\u00f6glich wiederzukommen, nach Hause fahren.   <\/p>\n<\/div>\n<\/div>\n\n<div style=\"height:var(--wp--preset--spacing--xxxxl)\" aria-hidden=\"true\" class=\"wp-block-spacer\"><\/div>\n","protected":false},"excerpt":{"rendered":"<p>Bereiten Sie Ihren Campingurlaub in Super-Besse vor N\u00fctzliche Dokumente Tr\u00e4umen Sie von einem Ausflug in das Herz der Auvergne, zwischen majest\u00e4tischen Vulkanen und malerischen Landschaften? Der Campingplatz &#8220;Bois de Gravi\u00e8re&#8221; im Departement Puy-de-D\u00f4me ist der ideale Ort, um Ihre Koffer abzustellen und sich zu erholen. Unser Campingplatz in Besse bietet Ihnen eine authentische und freundliche [&hellip;]<\/p>\n","protected":false},"author":1,"featured_media":0,"parent":0,"menu_order":0,"comment_status":"closed","ping_status":"closed","template":"page-no-title","meta":{"_acf_changed":false,"_seopress_robots_primary_cat":"","_seopress_titles_title":"Bereiten Sie Ihren Urlaub auf dem Campingplatz Super-Besse in Puy-de-D\u00f4me vor.","_seopress_titles_desc":"Bereiten Sie Ihren Urlaub im Herzen des Puy-de-D\u00f4me vor: Hier finden Sie alle praktischen Informationen zur Buchung des Campingplatzes Bois de Gravi\u00e8re in Super-Besse.","_seopress_robots_index":"","footnotes":""},"class_list":["post-1637","page","type-page","status-publish","hentry"],"acf":[],"_links":{"self":[{"href":"https:\/\/www.camping-besse.com\/de\/wp-json\/wp\/v2\/pages\/1637","targetHints":{"allow":["GET"]}}],"collection":[{"href":"https:\/\/www.camping-besse.com\/de\/wp-json\/wp\/v2\/pages"}],"about":[{"href":"https:\/\/www.camping-besse.com\/de\/wp-json\/wp\/v2\/types\/page"}],"author":[{"embeddable":true,"href":"https:\/\/www.camping-besse.com\/de\/wp-json\/wp\/v2\/users\/1"}],"replies":[{"embeddable":true,"href":"https:\/\/www.camping-besse.com\/de\/wp-json\/wp\/v2\/comments?post=1637"}],"version-history":[{"count":2,"href":"https:\/\/www.camping-besse.com\/de\/wp-json\/wp\/v2\/pages\/1637\/revisions"}],"predecessor-version":[{"id":1653,"href":"https:\/\/www.camping-besse.com\/de\/wp-json\/wp\/v2\/pages\/1637\/revisions\/1653"}],"wp:attachment":[{"href":"https:\/\/www.camping-besse.com\/de\/wp-json\/wp\/v2\/media?parent=1637"}],"curies":[{"name":"wp","href":"https:\/\/api.w.org\/{rel}","templated":true}]}}