{"id":1638,"date":"2025-12-31T11:39:19","date_gmt":"2025-12-31T10:39:19","guid":{"rendered":"https:\/\/www.camping-besse.com\/plaetze\/"},"modified":"2026-03-23T09:24:37","modified_gmt":"2026-03-23T08:24:37","slug":"plaetze","status":"publish","type":"page","link":"https:\/\/www.camping-besse.com\/de\/plaetze\/","title":{"rendered":"Pl\u00e4tze"},"content":{"rendered":"\n<div class=\"wp-block-cover alignfull is-light has-custom-content-position is-position-bottom-center has-aspect-ratio\" style=\"margin-top:0;margin-bottom:0;padding-top:var(--wp--preset--spacing--xxxxl);padding-right:0;padding-bottom:0;padding-left:0;aspect-ratio:16\/9;min-height:unset;\"><img alt=\"Red car parked near winding park pathway\" decoding=\"async\" width=\"2560\" height=\"1440\" class=\"wp-block-cover__image-background wp-image-765 size-16\/9_2560x1440_desktop\" alt=\"\" src=\"https:\/\/www.camping-besse.com\/wp-content\/uploads\/2026\/01\/00000903058-2560x1440.jpg\" data-object-fit=\"cover\" srcset=\"https:\/\/www.camping-besse.com\/wp-content\/uploads\/2026\/01\/00000903058-2560x1440.jpg 2560w, https:\/\/www.camping-besse.com\/wp-content\/uploads\/2026\/01\/00000903058-1920x1080.jpg 1920w, https:\/\/www.camping-besse.com\/wp-content\/uploads\/2026\/01\/00000903058-1440x810.jpg 1440w, https:\/\/www.camping-besse.com\/wp-content\/uploads\/2026\/01\/00000903058-1366x768.jpg 1366w, https:\/\/www.camping-besse.com\/wp-content\/uploads\/2026\/01\/00000903058-1024x576.jpg 1024w, https:\/\/www.camping-besse.com\/wp-content\/uploads\/2026\/01\/00000903058-800x450.jpg 800w, https:\/\/www.camping-besse.com\/wp-content\/uploads\/2026\/01\/00000903058-640x360.jpg 640w, https:\/\/www.camping-besse.com\/wp-content\/uploads\/2026\/01\/00000903058-375x210.jpg 375w, https:\/\/www.camping-besse.com\/wp-content\/uploads\/2026\/01\/00000903058-200x112.jpg 200w, https:\/\/www.camping-besse.com\/wp-content\/uploads\/2026\/01\/00000903058-100x56.jpg 100w\" sizes=\"(max-width: 2560px) 100vw, 2560px\" \/><span aria-hidden=\"true\" class=\"wp-block-cover__background has-background-dim-0 has-background-dim\"><\/span><div class=\"wp-block-cover__inner-container is-layout-flow wp-block-cover-is-layout-flow\">\n<figure class=\"wp-block-image size-full hrz-tampon-haut\"><img alt=\"Auvergne Rh\u00f4ne-Alpes circular stamp logo\" decoding=\"async\" width=\"243\" height=\"243\" src=\"https:\/\/www.camping-besse.com\/wp-content\/uploads\/2025\/12\/tampon-beige.png\" alt=\"\" class=\"wp-image-220\" srcset=\"https:\/\/www.camping-besse.com\/wp-content\/uploads\/2025\/12\/tampon-beige.png 243w, https:\/\/www.camping-besse.com\/wp-content\/uploads\/2025\/12\/tampon-beige-150x150.png 150w, https:\/\/www.camping-besse.com\/wp-content\/uploads\/2025\/12\/tampon-beige-200x200.png 200w, https:\/\/www.camping-besse.com\/wp-content\/uploads\/2025\/12\/tampon-beige-100x100.png 100w\" sizes=\"(max-width: 243px) 100vw, 243px\" \/><\/figure>\n\n\n\n<div class=\"wp-block-group hrz-hero-5-content is-layout-flow wp-container-core-group-is-layout-911427bc wp-block-group-is-layout-flow\" style=\"margin-top:0;margin-bottom:0;padding-top:0;padding-right:var(--wp--preset--spacing--xxl);padding-bottom:0;padding-left:var(--wp--preset--spacing--xxl)\">\n<a href=\"https:\/\/www.camping-besse.com\/de\/\" target=\"_self\" data-link=\"true\"><div class=\"wp-block-group is-layout-flow wp-block-group-is-layout-flow\" data-link=\"https:\/\/www.camping-besse.com\/\" data-target=\"_self\">\n<figure class=\"wp-block-image aligncenter size-full\" style=\"margin-top:0;margin-bottom:0\"><img alt=\"Bois de Gravi\u00e8re circular mountain landscape logo\" decoding=\"async\" width=\"177\" height=\"240\" src=\"https:\/\/www.camping-besse.com\/wp-content\/uploads\/2025\/12\/logo-bois-de-graviere.png\" alt=\"\" class=\"wp-image-38\"\/><\/figure>\n<\/div><\/a>\n<\/div>\n\n\n\n<div style=\"height:var(--wp--preset--spacing--xxxxl)\" aria-hidden=\"true\" class=\"wp-block-spacer\"><\/div>\n\n\n\n<div style=\"height:var(--wp--preset--spacing--xxxxl)\" aria-hidden=\"true\" class=\"wp-block-spacer\"><\/div>\n\n\n\n<div style=\"height:var(--wp--preset--spacing--xxxxl)\" aria-hidden=\"true\" class=\"wp-block-spacer\"><\/div>\n\n\n\n<figure class=\"wp-block-image alignfull size-full hrz-elipse\"><img alt=\"\" decoding=\"async\" src=\"https:\/\/www.camping-besse.com\/wp-content\/uploads\/2025\/12\/elipse.svg\" alt=\"\" class=\"wp-image-223\"\/><\/figure>\n<\/div><\/div>\n\n\n<div style=\"padding-left:var(--wp--preset--spacing--s);padding-top:var(--wp--preset--spacing--s);padding-bottom:var(--wp--preset--spacing--s);\" class=\"alignfull wp-elements-5cd3591c1ade14a972751d58f754b855 wp-block-wpseopress-breadcrumbs has-text-color has-primary-color\"><nav  aria-label=\"breadcrumb\"><ol class=\"breadcrumb\" itemscope itemtype=\"https:\/\/schema.org\/BreadcrumbList\"><li class=\"breadcrumb-item active\" aria-current=\"page\" itemprop=\"itemListElement\" itemscope itemtype=\"https:\/\/schema.org\/ListItem\"><span itemprop=\"name\">Camping \u00e0 Super-Besse<\/span><meta itemprop=\"position\" content=\"1\"><\/li><\/ol><\/nav><\/div>\n\n\n<div class=\"wp-block-group alignfull has-global-padding is-layout-constrained wp-block-group-is-layout-constrained\">\n<div class=\"wp-block-columns alignfull is-layout-flex wp-container-core-columns-is-layout-28f84493 wp-block-columns-is-layout-flex\">\n<div class=\"wp-block-column is-layout-flow wp-block-column-is-layout-flow\">\n<h1 class=\"wp-block-heading has-text-align-center has-primary-color has-text-color has-link-color wp-elements-f3d6c57bcd95ddc068798472d441e47c\">Campingpl\u00e4tze in der N\u00e4he von Super-Besse<\/h1>\n\n\n\n<p class=\"has-text-align-center has-secondary-color has-text-color has-link-color has-tertiary-font-family has-xxxxxl-font-size wp-elements-4158aa7273fae96a032ff4def1982788\">In Puy-de-D\u00f4me<\/p>\n<\/div>\n<\/div>\n<\/div>\n\n\n\n<div class=\"wp-block-group alignfull hrz-galerie-3 has-global-padding is-layout-constrained wp-container-core-group-is-layout-a700ee33 wp-block-group-is-layout-constrained\" style=\"padding-top:0;padding-right:0;padding-bottom:0;padding-left:0\">\n<div class=\"wp-block-group has-global-padding is-layout-constrained wp-container-core-group-is-layout-41c22256 wp-block-group-is-layout-constrained\" style=\"padding-right:var(--wp--preset--spacing--l);padding-left:var(--wp--preset--spacing--l)\">\n<p class=\"has-text-align-center is-style-lab-p--base has-text-alt-color has-text-color has-link-color wp-elements-4d690b04faf2a50bc36ac690c592deb5\" style=\"margin-top:var(--wp--preset--spacing--s);margin-bottom:var(--wp--preset--spacing--m)\"><br>Willkommen auf dem Campingplatz <strong><a href=\"https:\/\/www.camping-besse.com\/de\/\" data-type=\"page\" data-id=\"4\">Campingplatz &#8220;Bois de Gravi\u00e8re&#8221; in Besse.<\/a><\/strong>Der Campingplatz liegt im Herzen des Parc des Volcans d&#8217;Auvergne im Departement Puy-de-D\u00f4me, wo jeder Platz eine Einladung zum Entspannen und Entdecken ist. Ob Sie nun ein Naturliebhaber sind, gerne wandern oder einfach nur einen ruhigen Ort suchen, um sich zu erholen, unser Campingplatz ist der ideale Ort, um Ihre Koffer zu packen. In dieser einfachen und freundlichen Umgebung findet jeder Besucher sein Gl\u00fcck, sei es im Zelt, im Wohnwagen oder im Wohnmobil.  <\/p>\n<\/div>\n<\/div>\n\n\n\n<div class=\"wp-block-group alignwide has-global-padding is-layout-constrained wp-block-group-is-layout-constrained\">\n\t<div class=\"alignfull is-layout-flow wp-block-hrz-blocks-query-camping-rest-is-layout-flow\">\n\t\t<ul class=\"hebergement-listing \">\n\t\t\t<style>:root { --query-color: var(--wp--preset--color--secondary); }<\/style>\t\t\t\t<li class=\"swiper-slide\">\n\t\t\t\t\t<div class=\"wp-block-group card-gamme is-style-default is-style-relative\"\n\t\t\t\t\t\t\t\t\t\t\t\t>\n\t\t\t\t\t\t<div class=\"wp-block-group thumbnail-image\">\n\t\t\t\t\t\t\t<a href=\"https:\/\/www.camping-besse.com\/de\/hebergements\/stellplatz-zelt-wohnwagen-wohnmobil\/\" title=\"Stellplatz: Zelt, Wohnwagen, Wohnmobil\">\n\t\t\t\t\t\t\t\t<figure class=\"wp-block-image alignfull size-large\" style=\"margin:0;\">\n\t\t\t\t\t\t\t\t\t<img decoding=\"async\" src=\"https:\/\/www.camping-besse.com\/wp-content\/uploads\/2026\/01\/00000366406-1024x640.jpg\"\n\t\t\t\t\t\t\t\t\t\talt=\"Stellplatz: Zelt, Wohnwagen, Wohnmobil\" \/>\n\t\t\t\t\t\t\t\t<\/figure>\n\t\t\t\t\t\t\t\t<div class=\"full\">\n\t\t\t\t\t\t\t\t\t<p class=\"text\">Disponible \u00e0 d&#8217;autres dates<\/p>\n\t\t\t\t\t\t\t\t<\/div>\n\t\t\t\t\t\t\t<\/a>\n\t\t\t\t\t\t<\/div>\n\n\n\t\t\t\t\t\t<div class=\"wp-block-group has-white-background-color has-background card-content\">\n\t\t\t\t\t\t\t<div class=\"wp-block-group content\">\n\t\t\t\t\t\t\t\t<h3 class=\"wp-block-heading has-secondary-color has-link-color has-secondary-color\">\n\t\t\t\t\t\t\t\t\tStellplatz: Zelt, Wohnwagen, Wohnmobil\t\t\t\t\t\t\t\t<\/h3>\n\n\t\t\t\t\t\t\t\t\t\t\t\t\t\t\t<\/div>\n\n\t\t\t\t\t\t\t<div class=\"wp-block-group card-price has-background\">\n\t\t\t\t\t\t\t\t<div class=\"loader\">\n\t\t\t\t\t\t\t\t\t<span class=\"dot\"><\/span>\n\t\t\t\t\t\t\t\t\t<span class=\"dot\"><\/span>\n\t\t\t\t\t\t\t\t\t<span class=\"dot\"><\/span>\n\t\t\t\t\t\t\t\t<\/div>\n\t\t\t\t\t\t\t\t<div class=\"booking_default\">\n\t\t\t\t\t\t\t\t\t<p class=\"has-text-align-right\">Ab<\/p>\n\n\t\t\t\t\t\t\t\t\t<p class=\"has-text-align-right booking_price has-secondary-font-family\"><\/p>\n\t\t\t\t\t\t\t\t\t<p class=\"has-text-align-right booking_no_discount has-secondary-font-family\"><\/p>\n\n\t\t\t\t\t\t\t\t\t<p class=\"has-text-align-right dates\">\n\t\t\t\t\t\t\t\t\t\tDu <span class=\"start\"><\/span> au <span class=\"end\"><\/span>\t\t\t\t\t\t\t\t\t<\/p>\n\t\t\t\t\t\t\t\t<\/div>\n\t\t\t\t\t\t\t\t<div class=\"wp-block-group booking_alt\">\n\t\t\t\t\t\t\t\t\t<p class=\"booking_alt_text\">Disponible \u00e0 d&#8217;autres dates<\/p>\n\t\t\t\t\t\t\t\t\t<div class=\"booking_alt_content\">\n\t\t\t\t\t\t\t\t\t<\/div>\n\t\t\t\t\t\t\t\t<\/div>\n\t\t\t\t\t\t\t<\/div>\n\t\t\t\t\t\t<\/div>\n\n\t\t\t\t\t\t<div class=\"wp-block-buttons has-custom-font-size has-l-font-size\">\n\t\t\t\t\t\t\t<div\n\t\t\t\t\t\t\t\tclass=\"wp-block-button has-custom-width wp-block-button__width-100 has-custom-font-size booking-btn has-secondary-font-family\">\n\t\t\t\t\t\t\t\t<a href=\"https:\/\/www.camping-besse.com\/de\/hebergements\/stellplatz-zelt-wohnwagen-wohnmobil\/\"\n\t\t\t\t\t\t\t\t\tclass=\"wp-block-button__link has-white-color has-text-color has-background has-link-color has-text-align-center wp-element-button\">\n\t\t\t\t\t\t\t\t\tEntdecken Sie\t\t\t\t\t\t\t\t<\/a>\n\t\t\t\t\t\t\t<\/div>\n\t\t\t\t\t\t<\/div>\n\t\t\t\t\t\t<div class=\"booking_last\">\n\t\t\t\t\t\t\t<p class=\"booking_last_content\">\n\t\t\t\t\t\t\t\tNur noch <span class=\"booking_last_value\"><\/span> <br> verf\u00fcgbar\t\t\t\t\t\t\t<\/p>\n\t\t\t\t\t\t<\/div>\n\t\t\t\t\t\t<div class=\"booking_exclusive is-style-hover-image-effect\"><\/div>\n\t\t\t\t\t<\/div>\n\t\t\t\t<\/li>\n\n\t\t\t\t\t<\/ul>\n\n\t<\/div>\n\n<\/div>\n\n\n\n<div class=\"wp-block-group alignfull hrz-galerie-3 has-global-padding is-layout-constrained wp-container-core-group-is-layout-a700ee33 wp-block-group-is-layout-constrained\" style=\"padding-top:0;padding-right:0;padding-bottom:0;padding-left:0\">\n<div class=\"wp-block-group has-global-padding is-layout-constrained wp-container-core-group-is-layout-41c22256 wp-block-group-is-layout-constrained\" style=\"padding-right:var(--wp--preset--spacing--l);padding-left:var(--wp--preset--spacing--l)\">\n<p class=\"has-text-align-center is-style-top-title has-primary-color has-text-color has-link-color has-secondary-font-family has-xxxxl-font-size wp-elements-9c2c564e6925993ba6f1eb963b0fd6a8 is-style-top-title--1\" style=\"line-height:1.2\"><br>Mieten Sie einen Wohnmobilstellplatz<\/p>\n\n\n\n<h2 class=\"wp-block-heading has-text-align-center has-secondary-color has-text-color has-link-color has-tertiary-font-family has-xxxxl-font-size wp-elements-2cb696b0f5095d01235e8f3c40dce83e\" style=\"line-height:1\">In Clermont-Ferrand in Puy-de-D\u00f4me<\/h2>\n\n\n\n<p class=\"has-text-align-center is-style-lab-p--base has-text-alt-color has-text-color has-link-color wp-elements-9d2f3244fce2505fa29e51fa51e40d95\" style=\"margin-top:var(--wp--preset--spacing--s);margin-bottom:var(--wp--preset--spacing--m)\"><br>  Im &#8220;Bois de Gravi\u00e8re&#8221; haben wir an alles gedacht, um Ihren Aufenthalt so angenehm wie m\u00f6glich zu gestalten. Unsere ger\u00e4umigen und gut abgegrenzten Stellpl\u00e4tze bieten Ihnen die n\u00f6tige Privatsph\u00e4re, damit Sie Ihren Urlaub in vollen Z\u00fcgen genie\u00dfen k\u00f6nnen. Ob Sie mit Zelt, Wohnwagen oder Wohnmobil unterwegs sind, hier finden Sie einen Platz, der zu Ihnen passt, mit schattigen oder sonnigen Parzellen, je nach Ihren W\u00fcnschen. Jeder Stellplatz verf\u00fcgt \u00fcber einen Stromanschluss f\u00fcr Ihren t\u00e4glichen Komfort.   <\/p>\n\n\n\n<p class=\"has-text-align-center is-style-lab-p--base has-text-alt-color has-text-color has-link-color wp-elements-0fe04664750b90b258f3425388019b71\" style=\"margin-top:var(--wp--preset--spacing--s);margin-bottom:var(--wp--preset--spacing--m)\">Stellen Sie sich vor, Sie werden morgens vom Gesang der V\u00f6gel geweckt und sind bereit, die H\u00e4nge des Puy de Sancy hinunterzufahren oder sich in der Sonne zu entspannen. Unsere Stellpl\u00e4tze sind so konzipiert, dass sie Ihnen ein authentisches Campingerlebnis bieten, w\u00e4hrend Sie gleichzeitig von allen modernen Annehmlichkeiten profitieren k\u00f6nnen. In der N\u00e4he finden Sie makellose, beheizte Sanit\u00e4ranlagen, die regelm\u00e4\u00dfig gewartet werden, sowie einen Waschsalon und einen Trockenraum, um Ihr Wohlbefinden w\u00e4hrend Ihres Aufenthalts zu gew\u00e4hrleisten.  <\/p>\n\n\n\n<p class=\"has-text-align-center is-style-top-title has-primary-color has-text-color has-link-color has-secondary-font-family has-xxxxl-font-size wp-elements-b94021cdaa68a63edbb5ebeda303ba1b is-style-top-title--2\" style=\"line-height:1.2\"><br>Servicebereich f\u00fcr Wohnmobile<\/p>\n\n\n\n<h2 class=\"wp-block-heading has-text-align-center has-secondary-color has-text-color has-link-color has-tertiary-font-family has-xxxxl-font-size wp-elements-53b0f0f444dfcfda0f2eb3e15c2cd47b\" style=\"line-height:1\">In Puy-de-D\u00f4me<\/h2>\n\n\n\n<p class=\"has-text-align-center\">Die Region ist reich an nat\u00fcrlichen und kulturellen Sch\u00e4tzen, die es zu entdecken gilt. Von unserem Campingplatz aus k\u00f6nnen Sie die Puys-Kette erobern, die Vulkane der Auvergne erkunden, auf den Wanderwegen spazieren gehen oder die charmanten D\u00f6rfer in der Umgebung besuchen. Nach einem ereignisreichen Tag k\u00f6nnen Sie sich in Ihrem Wohnmobil zur\u00fccklehnen und zu neuen Abenteuern aufbrechen.  <\/p>\n\n\n\n<p class=\"has-text-align-center\">F\u00fcr Wohnmobilisten bietet &#8220;Bois de Gravi\u00e8re&#8221; einen speziellen Servicebereich, der auf alle Ihre Bed\u00fcrfnisse zugeschnitten ist. Hier k\u00f6nnen Sie problemlos Wasser tanken und Ihr Abwasser ablassen. Unser Servicebereich ist leicht zug\u00e4nglich und praktisch, so dass Sie sich auf das Wesentliche konzentrieren k\u00f6nnen: Ihren Aufenthalt genie\u00dfen und die Wunder der Region Puy-de-D\u00f4me erkunden.  <\/p>\n\n\n\n<p class=\"has-text-align-center is-style-top-title has-primary-color has-text-color has-link-color has-secondary-font-family has-xxxxl-font-size wp-elements-e001db3ca7abe795ea22b179dda1f1b3 is-style-top-title--3\" style=\"line-height:1.2\"><br>Unsere verschiedenen Arten von Unterk\u00fcnften<\/p>\n\n\n\n<h2 class=\"wp-block-heading has-text-align-center has-secondary-color has-text-color has-link-color has-tertiary-font-family has-xxxxl-font-size wp-elements-2cb696b0f5095d01235e8f3c40dce83e\" style=\"line-height:1\">In Clermont-Ferrand in Puy-de-D\u00f4me<\/h2>\n\n\n\n<p class=\"has-text-align-center\">Zus\u00e4tzlich zu unseren Stellpl\u00e4tzen f\u00fcr Zelte, Wohnwagen und Wohnmobile bietet &#8220;Bois de Gravi\u00e8re&#8221; ein vielf\u00e4ltiges Angebot an Unterk\u00fcnften, um all Ihren W\u00fcnschen gerecht zu werden. Ob Sie einen einfachen Urlaub oder etwas mehr Komfort suchen, wir haben das Richtige f\u00fcr Sie. Unsere modernen und gut ausgestatteten Mobilheime sind eine ideale Alternative f\u00fcr diejenigen, die Natur und Komfort miteinander verbinden m\u00f6chten.  <\/p>\n\n\n\n<p>Jede Unterkunft ist so konzipiert, dass sie Ihnen einen angenehmen Lebensraum bietet, mit allem, was Sie f\u00fcr einen sorgenfreien Aufenthalt ben\u00f6tigen. Genie\u00dfen Sie Ihre Mahlzeiten im Freien auf der Terrasse oder entspannen Sie sich nach einem Tag voller Erkundungen im Inneren. Was auch immer Sie bevorzugen, Sie werden hier einen einladenden und gem\u00fctlichen Ort finden, an dem jedes Detail f\u00fcr Ihr Wohlbefinden gedacht ist.  <\/p>\n\n\n\n<p class=\"has-text-align-center\">Zusammenfassend l\u00e4sst sich sagen, dass der Campingplatz &#8220;Bois de Gravi\u00e8re&#8221; mehr als nur ein Ort zum Verweilen ist. Er ist ein Ausgangspunkt f\u00fcr unvergessliche Abenteuer, ein Ort der Entspannung, an dem jeder Augenblick eine Einladung zur Entdeckung ist. Ob Sie mit der Familie, mit Freunden oder allein unterwegs sind, wir begr\u00fc\u00dfen Sie mit einem L\u00e4cheln und dem Versprechen eines gelungenen Urlaubs. Sind Sie bereit f\u00fcr das Erlebnis &#8220;Bois de Gravi\u00e8re&#8221;? Buchen Sie jetzt Ihren Stellplatz und lassen Sie sich vom Charme des Puy-de-D\u00f4me verf\u00fchren.    <\/p>\n<\/div>\n<\/div>\n","protected":false},"excerpt":{"rendered":"<p>Campingpl\u00e4tze in der N\u00e4he von Super-Besse In Puy-de-D\u00f4me Willkommen auf dem Campingplatz Campingplatz &#8220;Bois de Gravi\u00e8re&#8221; in Besse.Der Campingplatz liegt im Herzen des Parc des Volcans d&#8217;Auvergne im Departement Puy-de-D\u00f4me, wo jeder Platz eine Einladung zum Entspannen und Entdecken ist. Ob Sie nun ein Naturliebhaber sind, gerne wandern oder einfach nur einen ruhigen Ort suchen, [&hellip;]<\/p>\n","protected":false},"author":1,"featured_media":0,"parent":0,"menu_order":0,"comment_status":"closed","ping_status":"closed","template":"page-no-title","meta":{"_acf_changed":false,"_seopress_robots_primary_cat":"","_seopress_titles_title":"Stellplatz Camping Super-Besse | Zelt, Wohnwagen & Wohnmobil","_seopress_titles_desc":"Zelt, Wohnwagen oder Wohnmobil: Lassen Sie sich auf unseren schattigen oder sonnigen Stellpl\u00e4tzen in Super-Besse nieder, im Herzen der Vulkane der Auvergne.","_seopress_robots_index":"","footnotes":""},"class_list":["post-1638","page","type-page","status-publish","hentry"],"acf":[],"_links":{"self":[{"href":"https:\/\/www.camping-besse.com\/de\/wp-json\/wp\/v2\/pages\/1638","targetHints":{"allow":["GET"]}}],"collection":[{"href":"https:\/\/www.camping-besse.com\/de\/wp-json\/wp\/v2\/pages"}],"about":[{"href":"https:\/\/www.camping-besse.com\/de\/wp-json\/wp\/v2\/types\/page"}],"author":[{"embeddable":true,"href":"https:\/\/www.camping-besse.com\/de\/wp-json\/wp\/v2\/users\/1"}],"replies":[{"embeddable":true,"href":"https:\/\/www.camping-besse.com\/de\/wp-json\/wp\/v2\/comments?post=1638"}],"version-history":[{"count":3,"href":"https:\/\/www.camping-besse.com\/de\/wp-json\/wp\/v2\/pages\/1638\/revisions"}],"predecessor-version":[{"id":2415,"href":"https:\/\/www.camping-besse.com\/de\/wp-json\/wp\/v2\/pages\/1638\/revisions\/2415"}],"wp:attachment":[{"href":"https:\/\/www.camping-besse.com\/de\/wp-json\/wp\/v2\/media?parent=1638"}],"curies":[{"name":"wp","href":"https:\/\/api.w.org\/{rel}","templated":true}]}}