{"id":1702,"date":"2025-12-16T09:45:45","date_gmt":"2025-12-16T08:45:45","guid":{"rendered":"https:\/\/www.camping-besse.com\/unsere-geschichte\/"},"modified":"2026-03-20T15:27:23","modified_gmt":"2026-03-20T14:27:23","slug":"unsere-geschichte","status":"publish","type":"page","link":"https:\/\/www.camping-besse.com\/de\/unsere-geschichte\/","title":{"rendered":"Unsere Geschichte"},"content":{"rendered":"\n<div class=\"wp-block-cover alignfull is-light has-custom-content-position is-position-bottom-center has-aspect-ratio\" style=\"margin-top:0;margin-bottom:0;padding-top:var(--wp--preset--spacing--xxxxl);padding-right:0;padding-bottom:0;padding-left:0;aspect-ratio:16\/9;min-height:unset;\"><img alt=\"Rolling green hills with farmhouse and stream\" decoding=\"async\" width=\"2560\" height=\"1440\" class=\"wp-block-cover__image-background wp-image-264 size-16\/9_2560x1440_desktop\" alt=\"\" src=\"https:\/\/www.camping-besse.com\/wp-content\/uploads\/2025\/12\/paysage-auvergne-2560x1440.webp\" data-object-fit=\"cover\" srcset=\"https:\/\/www.camping-besse.com\/wp-content\/uploads\/2025\/12\/paysage-auvergne-2560x1440.webp 2560w, https:\/\/www.camping-besse.com\/wp-content\/uploads\/2025\/12\/paysage-auvergne-1920x1080.webp 1920w, https:\/\/www.camping-besse.com\/wp-content\/uploads\/2025\/12\/paysage-auvergne-1440x810.webp 1440w, https:\/\/www.camping-besse.com\/wp-content\/uploads\/2025\/12\/paysage-auvergne-1366x768.webp 1366w, https:\/\/www.camping-besse.com\/wp-content\/uploads\/2025\/12\/paysage-auvergne-1024x576.webp 1024w, https:\/\/www.camping-besse.com\/wp-content\/uploads\/2025\/12\/paysage-auvergne-800x450.webp 800w, https:\/\/www.camping-besse.com\/wp-content\/uploads\/2025\/12\/paysage-auvergne-640x360.webp 640w, https:\/\/www.camping-besse.com\/wp-content\/uploads\/2025\/12\/paysage-auvergne-375x210.webp 375w, https:\/\/www.camping-besse.com\/wp-content\/uploads\/2025\/12\/paysage-auvergne-200x112.webp 200w, https:\/\/www.camping-besse.com\/wp-content\/uploads\/2025\/12\/paysage-auvergne-100x56.webp 100w\" sizes=\"(max-width: 2560px) 100vw, 2560px\" \/><span aria-hidden=\"true\" class=\"wp-block-cover__background has-background-dim-0 has-background-dim\"><\/span><div class=\"wp-block-cover__inner-container is-layout-flow wp-block-cover-is-layout-flow\">\n<figure class=\"wp-block-image size-full hrz-tampon-haut\"><img alt=\"Auvergne Rh\u00f4ne-Alpes circular stamp logo\" decoding=\"async\" width=\"243\" height=\"243\" src=\"https:\/\/www.camping-besse.com\/wp-content\/uploads\/2025\/12\/tampon-beige.png\" alt=\"\" class=\"wp-image-220\" srcset=\"https:\/\/www.camping-besse.com\/wp-content\/uploads\/2025\/12\/tampon-beige.png 243w, https:\/\/www.camping-besse.com\/wp-content\/uploads\/2025\/12\/tampon-beige-150x150.png 150w, https:\/\/www.camping-besse.com\/wp-content\/uploads\/2025\/12\/tampon-beige-200x200.png 200w, https:\/\/www.camping-besse.com\/wp-content\/uploads\/2025\/12\/tampon-beige-100x100.png 100w\" sizes=\"(max-width: 243px) 100vw, 243px\" \/><\/figure>\n\n\n\n<div class=\"wp-block-group hrz-hero-5-content is-layout-flow wp-container-core-group-is-layout-911427bc wp-block-group-is-layout-flow\" style=\"margin-top:0;margin-bottom:0;padding-top:0;padding-right:var(--wp--preset--spacing--xxl);padding-bottom:0;padding-left:var(--wp--preset--spacing--xxl)\">\n<a href=\"https:\/\/www.camping-besse.com\/\" target=\"_self\" data-link=\"true\"><div class=\"wp-block-group is-layout-flow wp-block-group-is-layout-flow\" data-link=\"https:\/\/www.camping-besse.com\/\" data-target=\"_self\">\n<figure class=\"wp-block-image aligncenter size-full\" style=\"margin-top:0;margin-bottom:0\"><img alt=\"Bois de Gravi\u00e8re circular mountain landscape logo\" decoding=\"async\" width=\"177\" height=\"240\" src=\"https:\/\/www.camping-besse.com\/wp-content\/uploads\/2025\/12\/logo-bois-de-graviere.png\" alt=\"\" class=\"wp-image-38\"\/><\/figure>\n<\/div><\/a>\n<\/div>\n\n\n\n<div style=\"height:var(--wp--preset--spacing--xxxxl)\" aria-hidden=\"true\" class=\"wp-block-spacer\"><\/div>\n\n\n\n<div style=\"height:var(--wp--preset--spacing--xxxxl)\" aria-hidden=\"true\" class=\"wp-block-spacer\"><\/div>\n\n\n\n<div style=\"height:var(--wp--preset--spacing--xxxxl)\" aria-hidden=\"true\" class=\"wp-block-spacer\"><\/div>\n\n\n\n<figure class=\"wp-block-image alignfull size-full hrz-elipse\"><img alt=\"\" decoding=\"async\" src=\"https:\/\/www.camping-besse.com\/wp-content\/uploads\/2025\/12\/elipse.svg\" alt=\"\" class=\"wp-image-223\"\/><\/figure>\n<\/div><\/div>\n<div style=\"padding-left:var(--wp--preset--spacing--s);padding-top:var(--wp--preset--spacing--s);padding-bottom:var(--wp--preset--spacing--s);\" class=\"alignfull wp-elements-5cd3591c1ade14a972751d58f754b855 wp-block-wpseopress-breadcrumbs has-text-color has-primary-color\"><nav  aria-label=\"breadcrumb\"><ol class=\"breadcrumb\" itemscope itemtype=\"https:\/\/schema.org\/BreadcrumbList\"><li class=\"breadcrumb-item active\" aria-current=\"page\" itemprop=\"itemListElement\" itemscope itemtype=\"https:\/\/schema.org\/ListItem\"><span itemprop=\"name\">Camping \u00e0 Super-Besse<\/span><meta itemprop=\"position\" content=\"1\"><\/li><\/ol><\/nav><\/div>\n<div class=\"wp-block-group alignfull has-global-padding is-layout-constrained wp-block-group-is-layout-constrained\">\n<div class=\"wp-block-columns alignfull is-layout-flex wp-container-core-columns-is-layout-28f84493 wp-block-columns-is-layout-flex\">\n<div class=\"wp-block-column is-layout-flow wp-block-column-is-layout-flow\">\n<h1 class=\"wp-block-heading has-text-align-center has-primary-color has-text-color has-link-color wp-elements-2254ce78d6f3b64eef1ae59e21bd7889\">Campingplatz in Besse-et-Saint-Anastaise<\/h1>\n\n\n\n<p class=\"has-text-align-center has-secondary-color has-text-color has-link-color has-tertiary-font-family has-xxxxxl-font-size wp-elements-50a6573c10b627bcabbc742bff49c518\">Die Geschichte des Campingplatzes Bois de Gravi\u00e8re<\/p>\n<\/div>\n<\/div>\n<\/div>\n\n<div class=\"wp-block-columns alignwide are-vertically-aligned-center hrz-responsive-col hrz-reponsive-order is-layout-flex wp-container-core-columns-is-layout-3f562962 wp-block-columns-is-layout-flex\" style=\"margin-top:0;margin-bottom:0;padding-top:0;padding-right:var(--wp--preset--spacing--xxl);padding-bottom:0;padding-left:var(--wp--preset--spacing--xxl)\">\n<div class=\"wp-block-column is-vertically-aligned-center is-layout-flow wp-block-column-is-layout-flow\">\n<figure class=\"wp-block-image size-full is-style-image-svg-forme-2\"><img alt=\"Row of wooden cabins surrounded by lush greenery\" decoding=\"async\" width=\"1024\" height=\"576\" src=\"https:\/\/www.camping-besse.com\/wp-content\/uploads\/2025\/12\/chalet-en-ete.webp\" alt=\"\" class=\"wp-image-290\" style=\"aspect-ratio:3\/4;object-fit:cover\" srcset=\"https:\/\/www.camping-besse.com\/wp-content\/uploads\/2025\/12\/chalet-en-ete.webp 1024w, https:\/\/www.camping-besse.com\/wp-content\/uploads\/2025\/12\/chalet-en-ete-300x169.webp 300w, https:\/\/www.camping-besse.com\/wp-content\/uploads\/2025\/12\/chalet-en-ete-768x432.webp 768w, https:\/\/www.camping-besse.com\/wp-content\/uploads\/2025\/12\/chalet-en-ete-800x450.webp 800w, https:\/\/www.camping-besse.com\/wp-content\/uploads\/2025\/12\/chalet-en-ete-640x360.webp 640w, https:\/\/www.camping-besse.com\/wp-content\/uploads\/2025\/12\/chalet-en-ete-375x210.webp 375w, https:\/\/www.camping-besse.com\/wp-content\/uploads\/2025\/12\/chalet-en-ete-200x112.webp 200w, https:\/\/www.camping-besse.com\/wp-content\/uploads\/2025\/12\/chalet-en-ete-100x56.webp 100w\" sizes=\"(max-width: 1024px) 100vw, 1024px\" \/><\/figure>\n<\/div>\n\n\n\n<div class=\"wp-block-column is-vertically-aligned-center is-layout-flow wp-block-column-is-layout-flow\" style=\"padding-top:0;padding-right:0;padding-bottom:0;padding-left:0\">\n<p class=\"has-text-align-left is-style-top-title has-primary-color has-text-color has-link-color has-secondary-font-family has-xxxxl-font-size wp-elements-17142f40b073d80375e02d3c9f4c2072 is-style-top-title--1\" style=\"line-height:1.2\">Die Entstehung des Campingplatzes Bois de Gravi\u00e8re<\/p>\n\n\n\n<h2 class=\"wp-block-heading has-text-align-left has-secondary-color has-text-color has-link-color has-tertiary-font-family has-xxxxl-font-size wp-elements-55e9afb8159a6fb36617fa6a9d0d263e\" style=\"line-height:1\">In Puy-de-D\u00f4me<\/h2>\n\n\n\n<p><br\/>Im Herzen des Parc des Volcans d&#8217;Auvergne, im Departement Puy-de-D\u00f4me, liegt der Campingplatz Bois de Gravi\u00e8re in einer au\u00dfergew\u00f6hnlichen nat\u00fcrlichen Umgebung, in der N\u00e4he der mittelalterlichen Stadt Besse-et-Saint-Anastaise. Hier, in der Puys-Kette, umgeben von vulkanischen Landschaften und majest\u00e4tischen Seen, \u00f6ffnete der Campingplatz vor \u00fcber 30 Jahren seine T\u00fcren. Die Idee war einfach: mit Naturliebhabern einen authentischen Campingplatz zu teilen, wo sie sich erholen und die Wunder der Region genie\u00dfen k\u00f6nnen. Von Anfang an war unser Campingplatz sehr beliebt. <strong><a href=\"https:\/\/www.camping-besse.com\/de\/\" data-type=\"page\" data-id=\"4\">Campingplatz in Besse<\/a><\/strong> Dank seiner privilegierten Lage in Zentralfrankreich, am Fu\u00dfe des Puy de Sancy und seiner freundlichen Atmosph\u00e4re, in der Begegnungen und Entdeckungen gro\u00df geschrieben werden, hat Besse viele Besucher angezogen.   <\/p>\n<\/div>\n<\/div>\n\n<div style=\"height:var(--wp--preset--spacing--xxxxl)\" aria-hidden=\"true\" class=\"wp-block-spacer\"><\/div>\n\n<div class=\"wp-block-group alignfull hrz-galerie-1 has-global-padding is-layout-constrained wp-block-group-is-layout-constrained\">\n<div class=\"wp-block-cover alignfull hrz-galerie-1-cover\" style=\"padding-top:var(--wp--preset--spacing--xxxxxl);padding-right:var(--wp--preset--spacing--xxxxxl);padding-bottom:var(--wp--preset--spacing--xxxxxl);padding-left:var(--wp--preset--spacing--xxxxxl)\"><img alt=\"Wooden cabins surrounded by trees and greenery\" decoding=\"async\" width=\"1024\" height=\"655\" class=\"wp-block-cover__image-background wp-image-274 size-full\" alt=\"\" src=\"https:\/\/www.camping-besse.com\/wp-content\/uploads\/2025\/12\/location-ete.webp\" data-object-fit=\"cover\" srcset=\"https:\/\/www.camping-besse.com\/wp-content\/uploads\/2025\/12\/location-ete.webp 1024w, https:\/\/www.camping-besse.com\/wp-content\/uploads\/2025\/12\/location-ete-300x192.webp 300w, https:\/\/www.camping-besse.com\/wp-content\/uploads\/2025\/12\/location-ete-768x491.webp 768w\" sizes=\"(max-width: 1024px) 100vw, 1024px\" \/><span aria-hidden=\"true\" class=\"wp-block-cover__background has-real-black-background-color has-background-dim-40 has-background-dim\"><\/span><div class=\"wp-block-cover__inner-container has-global-padding is-layout-constrained wp-container-core-cover-is-layout-143ab919 wp-block-cover-is-layout-constrained\">\n<p class=\"has-text-align-center is-style-top-title has-background-color has-text-color has-link-color has-secondary-font-family has-xxxxl-font-size wp-elements-bd6ca2972b206d53ca59c95631737e37 is-style-top-title--2\" style=\"line-height:1.2\"><br\/>Die Entwicklung des Campingplatzes<\/p>\n\n\n\n<h2 class=\"wp-block-heading has-text-align-center has-background-color has-text-color has-link-color has-tertiary-font-family has-xxxxl-font-size wp-elements-db5aba56b36a7ba47b08204a547dd1e3\" style=\"line-height:1\">Bois de Gravi\u00e8re<\/h2>\n\n\n\n<p class=\"has-text-align-center has-real-white-color has-text-color has-link-color wp-elements-6fe9864695287aa11e2bbf4c21dee391\"><br\/>Im Laufe der Jahre haben wir uns weiterentwickelt, um Ihre Erwartungen zu erf\u00fcllen und gleichzeitig unsere Authentizit\u00e4t zu bewahren. Die Infrastruktur wurde modernisiert, mit komfortablen Mobilheimen und gut ausgestatteten Chalets, w\u00e4hrend die Stellpl\u00e4tze f\u00fcr Zelte und Wohnwagen beibehalten wurden, so dass jeder sein Campingerlebnis auf seine eigene Art und Weise erleben kann. Wir bieten in Zusammenarbeit mit den lokalen Akteuren (Sport, Ski, Schneeschuhwandern, Radfahren&#8230;) eine Reihe von Dienstleistungen f\u00fcr die ganze Familie an: gef\u00fchrte Wanderungen,<br\/>Naturworkshops und Themenabende, um nur einige Beispiele zu nennen. Der Respekt f\u00fcr die Umwelt ist uns ein wichtiges Anliegen. Wir haben uns zu einem \u00f6ko-verantwortlichen Ansatz verpflichtet, indem wir unsere Besucher f\u00fcr den Schutz der Natur sensibilisieren.   <\/p>\n<\/div><\/div>\n<\/div>\n\n<div class=\"wp-block-group alignfull hrz-galerie-3 has-global-padding is-layout-constrained wp-container-core-group-is-layout-a700ee33 wp-block-group-is-layout-constrained\" style=\"padding-top:0;padding-right:0;padding-bottom:0;padding-left:0\">\n<div class=\"wp-block-group has-global-padding is-layout-constrained wp-container-core-group-is-layout-41c22256 wp-block-group-is-layout-constrained\" style=\"padding-right:var(--wp--preset--spacing--l);padding-left:var(--wp--preset--spacing--l)\">\n<p class=\"has-text-align-center is-style-top-title has-primary-color has-text-color has-link-color has-secondary-font-family has-xxxxl-font-size wp-elements-6e8485750f1dd032a6cac3587065fe35 is-style-top-title--3\" style=\"line-height:1.2\"><br\/>Die Zukunft des Campingplatzes<\/p>\n\n\n\n<h2 class=\"wp-block-heading has-text-align-center has-secondary-color has-text-color has-link-color has-tertiary-font-family has-xxxxl-font-size wp-elements-50f5f12d987954f305e66448f6039b74\" style=\"line-height:1\">Bois de Gravi\u00e8re<\/h2>\n\n\n\n<p class=\"has-text-align-center is-style-lab-p--base has-text-alt-color has-text-color has-link-color wp-elements-72c9c8dcce5bd5aed474ab6db2994748\" style=\"margin-top:var(--wp--preset--spacing--s);margin-bottom:var(--wp--preset--spacing--m)\">Wir blicken mit Begeisterung in die Zukunft! Auf dem Campingplatz Bois de Gravi\u00e8re werden wir weiterhin innovativ bleiben, um unseren Besuchern ein noch reichhaltigeres und authentischeres Erlebnis zu bieten. Wir arbeiten derzeit an neuen Projekten, um unsere Einrichtungen zu verbessern und noch mehr Raum f\u00fcr Entspannung und Freizeit zu schaffen.  <\/p>\n\n\n\n<p>Ihr Wohlbefinden ist unsere Priorit\u00e4t. Wir m\u00f6chten auch unser Engagement f\u00fcr die Gemeinschaft st\u00e4rken, indem wir mit lokalen Produzenten zusammenarbeiten. Gemeinsam bieten wir regionale Produkte in unseren Take-away-Restaurants an und organisieren Veranstaltungen, um das kulturelle Erbe unserer sch\u00f6nen Region lebendig zu halten.  <\/p>\n\n\n\n<p>Unser Ziel ist einfach: Den Campingplatz Bois de Gravi\u00e8re zu einem Ort zu machen, an dem sich jeder wie zu Hause f\u00fchlt, w\u00e4hrend er die Sch\u00e4tze des Puy-de-D\u00f4me entdeckt.<\/p>\n\n\n\n<p class=\"has-text-align-center is-style-lab-p--base has-text-alt-color has-text-color has-link-color wp-elements-d5d04479f4569f13194059f116105393\" style=\"margin-top:var(--wp--preset--spacing--s);margin-bottom:var(--wp--preset--spacing--m)\">Wenn Sie zu uns kommen, entdecken Sie nicht nur einen Ort, an dem Sie \u00fcbernachten, sondern eine echte Geschichte. Wir haben uns weiterentwickelt und sind dabei unseren Werten treu geblieben. Ob Sie nun ein alter Hase auf dem Campingplatz sind oder ein Neuling auf der Suche nach neuen Erfahrungen, wir versprechen Ihnen einen Aufenthalt voller Entdeckungen und gemeinsamer Momente.  <\/p>\n<\/div>\n<\/div>\n","protected":false},"excerpt":{"rendered":"<p>Campingplatz in Besse-et-Saint-Anastaise Die Geschichte des Campingplatzes Bois de Gravi\u00e8re Die Entstehung des Campingplatzes Bois de Gravi\u00e8re In Puy-de-D\u00f4me Im Herzen des Parc des Volcans d&#8217;Auvergne, im Departement Puy-de-D\u00f4me, liegt der Campingplatz Bois de Gravi\u00e8re in einer au\u00dfergew\u00f6hnlichen nat\u00fcrlichen Umgebung, in der N\u00e4he der mittelalterlichen Stadt Besse-et-Saint-Anastaise. Hier, in der Puys-Kette, umgeben von vulkanischen Landschaften [&hellip;]<\/p>\n","protected":false},"author":1,"featured_media":0,"parent":0,"menu_order":0,"comment_status":"closed","ping_status":"closed","template":"page-no-title","meta":{"_acf_changed":false,"_seopress_robots_primary_cat":"","_seopress_titles_title":"Camping Besse-et-Saint-Anastaise | Die Geschichte des Campingplatzes Bois de Gravi\u00e8re","_seopress_titles_desc":"Eine Familiengeschichte, die am Fu\u00dfe des Puy de Sancy entstand: Entdecken Sie die Seele und die Werte des Campingplatzes Bois de Gravi\u00e8re in Besse-et-Saint-Anastaise seit 30 Jahren.","_seopress_robots_index":"","footnotes":""},"class_list":["post-1702","page","type-page","status-publish","hentry"],"acf":[],"_links":{"self":[{"href":"https:\/\/www.camping-besse.com\/de\/wp-json\/wp\/v2\/pages\/1702","targetHints":{"allow":["GET"]}}],"collection":[{"href":"https:\/\/www.camping-besse.com\/de\/wp-json\/wp\/v2\/pages"}],"about":[{"href":"https:\/\/www.camping-besse.com\/de\/wp-json\/wp\/v2\/types\/page"}],"author":[{"embeddable":true,"href":"https:\/\/www.camping-besse.com\/de\/wp-json\/wp\/v2\/users\/1"}],"replies":[{"embeddable":true,"href":"https:\/\/www.camping-besse.com\/de\/wp-json\/wp\/v2\/comments?post=1702"}],"version-history":[{"count":2,"href":"https:\/\/www.camping-besse.com\/de\/wp-json\/wp\/v2\/pages\/1702\/revisions"}],"predecessor-version":[{"id":1710,"href":"https:\/\/www.camping-besse.com\/de\/wp-json\/wp\/v2\/pages\/1702\/revisions\/1710"}],"wp:attachment":[{"href":"https:\/\/www.camping-besse.com\/de\/wp-json\/wp\/v2\/media?parent=1702"}],"curies":[{"name":"wp","href":"https:\/\/api.w.org\/{rel}","templated":true}]}}