{"id":1975,"date":"2025-12-16T09:45:46","date_gmt":"2025-12-16T08:45:46","guid":{"rendered":"https:\/\/www.camping-besse.com\/stellungnahme\/"},"modified":"2026-03-20T15:31:52","modified_gmt":"2026-03-20T14:31:52","slug":"stellungnahme","status":"publish","type":"page","link":"https:\/\/www.camping-besse.com\/de\/stellungnahme\/","title":{"rendered":"Stellungnahme"},"content":{"rendered":"\n<div class=\"wp-block-cover alignfull is-light has-custom-content-position is-position-bottom-center has-aspect-ratio\" style=\"margin-top:0;margin-bottom:0;padding-top:var(--wp--preset--spacing--xxxxl);padding-right:0;padding-bottom:0;padding-left:0;aspect-ratio:16\/9;min-height:unset;\"><img alt=\"Grassy mountain ridges under blue sky\" decoding=\"async\" width=\"2560\" height=\"1440\" class=\"wp-block-cover__image-background wp-image-247 size-16\/9_2560x1440_desktop\" alt=\"\" src=\"https:\/\/www.camping-besse.com\/wp-content\/uploads\/2025\/12\/reliefs-auvergne-2560x1440.webp\" data-object-fit=\"cover\" srcset=\"https:\/\/www.camping-besse.com\/wp-content\/uploads\/2025\/12\/reliefs-auvergne-2560x1440.webp 2560w, https:\/\/www.camping-besse.com\/wp-content\/uploads\/2025\/12\/reliefs-auvergne-1920x1080.webp 1920w, https:\/\/www.camping-besse.com\/wp-content\/uploads\/2025\/12\/reliefs-auvergne-1440x810.webp 1440w, https:\/\/www.camping-besse.com\/wp-content\/uploads\/2025\/12\/reliefs-auvergne-1366x768.webp 1366w, https:\/\/www.camping-besse.com\/wp-content\/uploads\/2025\/12\/reliefs-auvergne-1024x576.webp 1024w, https:\/\/www.camping-besse.com\/wp-content\/uploads\/2025\/12\/reliefs-auvergne-800x450.webp 800w, https:\/\/www.camping-besse.com\/wp-content\/uploads\/2025\/12\/reliefs-auvergne-640x360.webp 640w, https:\/\/www.camping-besse.com\/wp-content\/uploads\/2025\/12\/reliefs-auvergne-375x210.webp 375w, https:\/\/www.camping-besse.com\/wp-content\/uploads\/2025\/12\/reliefs-auvergne-200x112.webp 200w, https:\/\/www.camping-besse.com\/wp-content\/uploads\/2025\/12\/reliefs-auvergne-100x56.webp 100w\" sizes=\"(max-width: 2560px) 100vw, 2560px\" \/><span aria-hidden=\"true\" class=\"wp-block-cover__background has-background-dim-0 has-background-dim\"><\/span><div class=\"wp-block-cover__inner-container is-layout-flow wp-block-cover-is-layout-flow\">\n<figure class=\"wp-block-image size-full hrz-tampon-haut\"><img alt=\"Auvergne Rh\u00f4ne-Alpes circular stamp logo\" decoding=\"async\" width=\"243\" height=\"243\" src=\"https:\/\/www.camping-besse.com\/wp-content\/uploads\/2025\/12\/tampon-beige.png\" alt=\"\" class=\"wp-image-220\" srcset=\"https:\/\/www.camping-besse.com\/wp-content\/uploads\/2025\/12\/tampon-beige.png 243w, https:\/\/www.camping-besse.com\/wp-content\/uploads\/2025\/12\/tampon-beige-150x150.png 150w, https:\/\/www.camping-besse.com\/wp-content\/uploads\/2025\/12\/tampon-beige-200x200.png 200w, https:\/\/www.camping-besse.com\/wp-content\/uploads\/2025\/12\/tampon-beige-100x100.png 100w\" sizes=\"(max-width: 243px) 100vw, 243px\" \/><\/figure>\n\n\n\n<div class=\"wp-block-group hrz-hero-5-content is-layout-flow wp-container-core-group-is-layout-911427bc wp-block-group-is-layout-flow\" style=\"margin-top:0;margin-bottom:0;padding-top:0;padding-right:var(--wp--preset--spacing--xxl);padding-bottom:0;padding-left:var(--wp--preset--spacing--xxl)\">\n<a href=\"https:\/\/www.camping-besse.com\/\" target=\"_self\" data-link=\"true\"><div class=\"wp-block-group is-layout-flow wp-block-group-is-layout-flow\" data-link=\"https:\/\/www.camping-besse.com\/\" data-target=\"_self\">\n<figure class=\"wp-block-image aligncenter size-full\" style=\"margin-top:0;margin-bottom:0\"><img alt=\"Bois de Gravi\u00e8re circular mountain landscape logo\" decoding=\"async\" width=\"177\" height=\"240\" src=\"https:\/\/www.camping-besse.com\/wp-content\/uploads\/2025\/12\/logo-bois-de-graviere.png\" alt=\"\" class=\"wp-image-38\"\/><\/figure>\n<\/div><\/a>\n<\/div>\n\n\n\n<div style=\"height:var(--wp--preset--spacing--xxxxl)\" aria-hidden=\"true\" class=\"wp-block-spacer\"><\/div>\n\n\n\n<div style=\"height:var(--wp--preset--spacing--xxxxl)\" aria-hidden=\"true\" class=\"wp-block-spacer\"><\/div>\n\n\n\n<div style=\"height:var(--wp--preset--spacing--xxxxl)\" aria-hidden=\"true\" class=\"wp-block-spacer\"><\/div>\n\n\n\n<figure class=\"wp-block-image alignfull size-full hrz-elipse\"><img alt=\"\" decoding=\"async\" src=\"https:\/\/www.camping-besse.com\/wp-content\/uploads\/2025\/12\/elipse.svg\" alt=\"\" class=\"wp-image-223\"\/><\/figure>\n<\/div><\/div>\n<div style=\"padding-left:var(--wp--preset--spacing--s);padding-top:var(--wp--preset--spacing--s);padding-bottom:var(--wp--preset--spacing--s);\" class=\"alignfull wp-elements-5cd3591c1ade14a972751d58f754b855 wp-block-wpseopress-breadcrumbs has-text-color has-primary-color\"><nav  aria-label=\"breadcrumb\"><ol class=\"breadcrumb\" itemscope itemtype=\"https:\/\/schema.org\/BreadcrumbList\"><li class=\"breadcrumb-item active\" aria-current=\"page\" itemprop=\"itemListElement\" itemscope itemtype=\"https:\/\/schema.org\/ListItem\"><span itemprop=\"name\">Camping \u00e0 Super-Besse<\/span><meta itemprop=\"position\" content=\"1\"><\/li><\/ol><\/nav><\/div>\n<div class=\"wp-block-group alignfull has-global-padding is-layout-constrained wp-block-group-is-layout-constrained\">\n<div class=\"wp-block-columns alignfull is-layout-flex wp-container-core-columns-is-layout-28f84493 wp-block-columns-is-layout-flex\">\n<div class=\"wp-block-column is-layout-flow wp-block-column-is-layout-flow\">\n<h1 class=\"wp-block-heading has-text-align-center has-primary-color has-text-color has-link-color wp-elements-5c449d68d26a49be1ea73da40c356c67\">Bewertungen von Camping Bois de Gravi\u00e8re in der N\u00e4he von Super-Besse<\/h1>\n\n\n\n<p class=\"has-text-align-center has-secondary-color has-text-color has-link-color has-tertiary-font-family has-xxxxxl-font-size wp-elements-0408386d6661d4049be7bdda1ceb60f1\">Die Meinungen unserer Urlauber<\/p>\n<\/div>\n<\/div>\n<\/div>\n\n<div class=\"wp-block-group has-global-padding is-layout-constrained wp-block-group-is-layout-constrained\">\n<div class=\"wp-block-columns is-layout-flex wp-container-core-columns-is-layout-28f84493 wp-block-columns-is-layout-flex\">\n<div class=\"wp-block-column is-layout-flow wp-block-column-is-layout-flow\">\n<ctv-reviews-list><\/ctv-reviews-list>\n<\/div>\n<\/div>\n<\/div>\n\n<div class=\"wp-block-group alignfull hrz-galerie-3 has-global-padding is-layout-constrained wp-container-core-group-is-layout-a700ee33 wp-block-group-is-layout-constrained\" style=\"padding-top:0;padding-right:0;padding-bottom:0;padding-left:0\">\n<div class=\"wp-block-group has-global-padding is-layout-constrained wp-container-core-group-is-layout-41c22256 wp-block-group-is-layout-constrained\" style=\"padding-right:var(--wp--preset--spacing--l);padding-left:var(--wp--preset--spacing--l)\">\n<p class=\"has-text-align-center is-style-lab-p--base has-text-alt-color has-text-color has-link-color wp-elements-5f495888c5c53d792a525fb2c0d115bb\" style=\"margin-top:var(--wp--preset--spacing--s);margin-bottom:var(--wp--preset--spacing--m)\">Willkommen auf dem Campingplatz Bois de Gravi\u00e8re, der im Herzen von Puy-de-D\u00f4me, nur einen Steinwurf von Clermont-Ferrand entfernt liegt. Dieser Campingplatz ist ein ideales Ziel f\u00fcr alle, die den nat\u00fcrlichen und kulturellen Reichtum der Region erkunden m\u00f6chten. Mit seinen ger\u00e4umigen Stellpl\u00e4tzen und komfortablen Unterk\u00fcnften bietet Le Bois de Gravi\u00e8re ein authentisches Campingerlebnis mit allem Komfort, den Sie f\u00fcr einen gelungenen Urlaub ben\u00f6tigen.  <\/p>\n\n\n\n<p class=\"has-text-align-center\">Wenn Sie sich in unserem Haus aufhalten <strong><a href=\"https:\/\/www.camping-besse.com\/de\/\" data-type=\"page\" data-id=\"4\">in der N\u00e4he von Super-Besse<\/a><\/strong>finden Sie eine Umgebung, in der Sie sich entspannen und Abenteuer erleben k\u00f6nnen. Wanderfreunde werden von den Wanderwegen begeistert sein, die sich durch den Park der Vulkane der Auvergne schl\u00e4ngeln. F\u00fcr Familien bietet der Campingplatz einen sicheren Spielplatz und verschiedene Aktivit\u00e4ten, die Gro\u00df und Klein begeistern werden. Die modernen Einrichtungen, wie der beheizte Pool und der Wellnessbereich, verleihen Ihrem Aufenthalt einen Hauch von Komfort. In den Bewertungen der Besucher werden oft der herzliche Empfang und die Hilfsbereitschaft des Personals hervorgehoben, die zu einer freundlichen und einladenden Atmosph\u00e4re beitragen.    <\/p>\n\n\n\n<p class=\"has-text-align-center is-style-lab-p--base has-text-alt-color has-text-color has-link-color wp-elements-9158ddc2ad1ee6e894456bb19b805e1f\" style=\"margin-top:var(--wp--preset--spacing--s);margin-bottom:var(--wp--preset--spacing--m)\">Zusammenfassend l\u00e4sst sich sagen, dass der Campingplatz Bois de Gravi\u00e8re mehr als nur ein Ort zum \u00dcbernachten ist: er ist eine offene T\u00fcr zu den Wundern des Puy-de-D\u00f4me und der Cha\u00eene des Puys. Ob Sie nun auf der Suche nach Erholung oder Abenteuer sind, dieser Campingplatz wird Ihre Erwartungen erf\u00fcllen. Schauen Sie sich die Bewertungen anderer Urlauber an, um sich ein besseres Bild von dem zu machen, was Sie erwartet. Buchen Sie jetzt und erleben Sie eine einzigartige Erfahrung im Herzen der Auvergne!   <\/p>\n<\/div>\n<\/div>\n\n<div style=\"height:var(--wp--preset--spacing--xxxxl)\" aria-hidden=\"true\" class=\"wp-block-spacer\"><\/div>\n","protected":false},"excerpt":{"rendered":"<p>Bewertungen von Camping Bois de Gravi\u00e8re in der N\u00e4he von Super-Besse Die Meinungen unserer Urlauber Willkommen auf dem Campingplatz Bois de Gravi\u00e8re, der im Herzen von Puy-de-D\u00f4me, nur einen Steinwurf von Clermont-Ferrand entfernt liegt. Dieser Campingplatz ist ein ideales Ziel f\u00fcr alle, die den nat\u00fcrlichen und kulturellen Reichtum der Region erkunden m\u00f6chten. Mit seinen ger\u00e4umigen [&hellip;]<\/p>\n","protected":false},"author":1,"featured_media":0,"parent":0,"menu_order":0,"comment_status":"closed","ping_status":"closed","template":"page-no-title","meta":{"_acf_changed":false,"_seopress_robots_primary_cat":"","_seopress_titles_title":"Bewertungen von Camping Bois de Gravi\u00e8re in Super-Besse | Bester Campingplatz in Puy-de-D\u00f4me","_seopress_titles_desc":"8,83\/10 von 216 Bewertungen : Lesen Sie, was Urlauber \u00fcber den 4-Sterne-Campingplatz Bois de Gravi\u00e8re in Super-Besse im Herzen der Vulkane der Auvergne denken.","_seopress_robots_index":"","footnotes":""},"class_list":["post-1975","page","type-page","status-publish","hentry"],"acf":[],"_links":{"self":[{"href":"https:\/\/www.camping-besse.com\/de\/wp-json\/wp\/v2\/pages\/1975","targetHints":{"allow":["GET"]}}],"collection":[{"href":"https:\/\/www.camping-besse.com\/de\/wp-json\/wp\/v2\/pages"}],"about":[{"href":"https:\/\/www.camping-besse.com\/de\/wp-json\/wp\/v2\/types\/page"}],"author":[{"embeddable":true,"href":"https:\/\/www.camping-besse.com\/de\/wp-json\/wp\/v2\/users\/1"}],"replies":[{"embeddable":true,"href":"https:\/\/www.camping-besse.com\/de\/wp-json\/wp\/v2\/comments?post=1975"}],"version-history":[{"count":2,"href":"https:\/\/www.camping-besse.com\/de\/wp-json\/wp\/v2\/pages\/1975\/revisions"}],"predecessor-version":[{"id":1981,"href":"https:\/\/www.camping-besse.com\/de\/wp-json\/wp\/v2\/pages\/1975\/revisions\/1981"}],"wp:attachment":[{"href":"https:\/\/www.camping-besse.com\/de\/wp-json\/wp\/v2\/media?parent=1975"}],"curies":[{"name":"wp","href":"https:\/\/api.w.org\/{rel}","templated":true}]}}