{"id":2106,"date":"2025-12-31T15:03:18","date_gmt":"2025-12-31T14:03:18","guid":{"rendered":"https:\/\/www.camping-besse.com\/empfang-von-gruppen\/"},"modified":"2026-03-20T15:34:41","modified_gmt":"2026-03-20T14:34:41","slug":"empfang-von-gruppen","status":"publish","type":"page","link":"https:\/\/www.camping-besse.com\/de\/empfang-von-gruppen\/","title":{"rendered":"Empfang von Gruppen"},"content":{"rendered":"\n<div class=\"wp-block-cover alignfull has-custom-content-position is-position-bottom-center has-aspect-ratio\" style=\"margin-top:0;margin-bottom:0;padding-top:var(--wp--preset--spacing--xxxxl);padding-right:0;padding-bottom:0;padding-left:0;aspect-ratio:16\/9;min-height:unset;\"><img alt=\"Red plastic cups on wooden dining table\" decoding=\"async\" width=\"2560\" height=\"1440\" class=\"wp-block-cover__image-background wp-image-503 size-16\/9_2560x1440_desktop\" alt=\"\" src=\"https:\/\/www.camping-besse.com\/wp-content\/uploads\/2025\/12\/table-groupes-2560x1440.webp\" data-object-fit=\"cover\" srcset=\"https:\/\/www.camping-besse.com\/wp-content\/uploads\/2025\/12\/table-groupes-2560x1440.webp 2560w, https:\/\/www.camping-besse.com\/wp-content\/uploads\/2025\/12\/table-groupes-1920x1080.webp 1920w, https:\/\/www.camping-besse.com\/wp-content\/uploads\/2025\/12\/table-groupes-1440x810.webp 1440w, https:\/\/www.camping-besse.com\/wp-content\/uploads\/2025\/12\/table-groupes-1366x768.webp 1366w, https:\/\/www.camping-besse.com\/wp-content\/uploads\/2025\/12\/table-groupes-1024x576.webp 1024w, https:\/\/www.camping-besse.com\/wp-content\/uploads\/2025\/12\/table-groupes-800x450.webp 800w, https:\/\/www.camping-besse.com\/wp-content\/uploads\/2025\/12\/table-groupes-640x360.webp 640w, https:\/\/www.camping-besse.com\/wp-content\/uploads\/2025\/12\/table-groupes-375x210.webp 375w, https:\/\/www.camping-besse.com\/wp-content\/uploads\/2025\/12\/table-groupes-200x112.webp 200w, https:\/\/www.camping-besse.com\/wp-content\/uploads\/2025\/12\/table-groupes-100x56.webp 100w\" sizes=\"(max-width: 2560px) 100vw, 2560px\" \/><span aria-hidden=\"true\" class=\"wp-block-cover__background has-background-dim-0 has-background-dim\"><\/span><div class=\"wp-block-cover__inner-container is-layout-flow wp-block-cover-is-layout-flow\">\n<figure class=\"wp-block-image size-full hrz-tampon-haut\"><img alt=\"Auvergne Rh\u00f4ne-Alpes circular stamp logo\" decoding=\"async\" width=\"243\" height=\"243\" src=\"https:\/\/www.camping-besse.com\/wp-content\/uploads\/2025\/12\/tampon-beige.png\" alt=\"\" class=\"wp-image-220\" srcset=\"https:\/\/www.camping-besse.com\/wp-content\/uploads\/2025\/12\/tampon-beige.png 243w, https:\/\/www.camping-besse.com\/wp-content\/uploads\/2025\/12\/tampon-beige-150x150.png 150w, https:\/\/www.camping-besse.com\/wp-content\/uploads\/2025\/12\/tampon-beige-200x200.png 200w, https:\/\/www.camping-besse.com\/wp-content\/uploads\/2025\/12\/tampon-beige-100x100.png 100w\" sizes=\"(max-width: 243px) 100vw, 243px\" \/><\/figure>\n\n\n\n<div class=\"wp-block-group hrz-hero-5-content is-layout-flow wp-container-core-group-is-layout-911427bc wp-block-group-is-layout-flow\" style=\"margin-top:0;margin-bottom:0;padding-top:0;padding-right:var(--wp--preset--spacing--xxl);padding-bottom:0;padding-left:var(--wp--preset--spacing--xxl)\">\n<a href=\"https:\/\/www.camping-besse.com\/\" target=\"_self\" data-link=\"true\"><div class=\"wp-block-group is-layout-flow wp-block-group-is-layout-flow\" data-link=\"https:\/\/www.camping-besse.com\/\" data-target=\"_self\">\n<figure class=\"wp-block-image aligncenter size-full\" style=\"margin-top:0;margin-bottom:0\"><img alt=\"Bois de Gravi\u00e8re circular mountain landscape logo\" decoding=\"async\" width=\"177\" height=\"240\" src=\"https:\/\/www.camping-besse.com\/wp-content\/uploads\/2025\/12\/logo-bois-de-graviere.png\" alt=\"\" class=\"wp-image-38\"\/><\/figure>\n<\/div><\/a>\n<\/div>\n\n\n\n<div style=\"height:var(--wp--preset--spacing--xxxxl)\" aria-hidden=\"true\" class=\"wp-block-spacer\"><\/div>\n\n\n\n<div style=\"height:var(--wp--preset--spacing--xxxxl)\" aria-hidden=\"true\" class=\"wp-block-spacer\"><\/div>\n\n\n\n<div style=\"height:var(--wp--preset--spacing--xxxxl)\" aria-hidden=\"true\" class=\"wp-block-spacer\"><\/div>\n\n\n\n<figure class=\"wp-block-image alignfull size-full hrz-elipse\"><img alt=\"\" decoding=\"async\" src=\"https:\/\/www.camping-besse.com\/wp-content\/uploads\/2025\/12\/elipse.svg\" alt=\"\" class=\"wp-image-223\"\/><\/figure>\n<\/div><\/div>\n<div style=\"padding-left:var(--wp--preset--spacing--s);padding-top:var(--wp--preset--spacing--s);padding-bottom:var(--wp--preset--spacing--s);\" class=\"alignfull wp-elements-5cd3591c1ade14a972751d58f754b855 wp-block-wpseopress-breadcrumbs has-text-color has-primary-color\"><nav  aria-label=\"breadcrumb\"><ol class=\"breadcrumb\" itemscope itemtype=\"https:\/\/schema.org\/BreadcrumbList\"><li class=\"breadcrumb-item active\" aria-current=\"page\" itemprop=\"itemListElement\" itemscope itemtype=\"https:\/\/schema.org\/ListItem\"><span itemprop=\"name\">Camping \u00e0 Super-Besse<\/span><meta itemprop=\"position\" content=\"1\"><\/li><\/ol><\/nav><\/div>\n<div class=\"wp-block-group alignfull has-global-padding is-layout-constrained wp-block-group-is-layout-constrained\">\n<div class=\"wp-block-columns alignfull is-layout-flex wp-container-core-columns-is-layout-28f84493 wp-block-columns-is-layout-flex\">\n<div class=\"wp-block-column is-layout-flow wp-block-column-is-layout-flow\">\n<h1 class=\"wp-block-heading has-text-align-center has-primary-color has-text-color has-link-color wp-elements-e664d9ee2e8401df2341dd0fb9847bb8\">Gruppenunterkunft in der N\u00e4he von Super-Besse<\/h1>\n\n\n\n<p class=\"has-text-align-center has-secondary-color has-text-color has-link-color has-tertiary-font-family has-xxxxxl-font-size wp-elements-a8b24272bc67efc7e1af5867c3fe323f\">Urlaub mit Selbstverpflegung in der Auvergne<\/p>\n<\/div>\n<\/div>\n<\/div>\n\n<div class=\"wp-block-columns alignwide are-vertically-aligned-center hrz-responsive-col hrz-reponsive-order is-layout-flex wp-container-core-columns-is-layout-3f562962 wp-block-columns-is-layout-flex\" style=\"margin-top:0;margin-bottom:0;padding-top:0;padding-right:var(--wp--preset--spacing--xxl);padding-bottom:0;padding-left:var(--wp--preset--spacing--xxl)\">\n<div class=\"wp-block-column is-vertically-aligned-center is-layout-flow wp-block-column-is-layout-flow\">\n<figure class=\"wp-block-image size-full is-style-image-svg-forme-2\"><img alt=\"People gathered around buffet table at indoor event\" decoding=\"async\" width=\"1024\" height=\"768\" src=\"https:\/\/www.camping-besse.com\/wp-content\/uploads\/2025\/12\/reception-groupe.webp\" alt=\"\" class=\"wp-image-258\" style=\"aspect-ratio:3\/4;object-fit:cover\" srcset=\"https:\/\/www.camping-besse.com\/wp-content\/uploads\/2025\/12\/reception-groupe.webp 1024w, https:\/\/www.camping-besse.com\/wp-content\/uploads\/2025\/12\/reception-groupe-300x225.webp 300w, https:\/\/www.camping-besse.com\/wp-content\/uploads\/2025\/12\/reception-groupe-768x576.webp 768w, https:\/\/www.camping-besse.com\/wp-content\/uploads\/2025\/12\/reception-groupe-720x540.webp 720w, https:\/\/www.camping-besse.com\/wp-content\/uploads\/2025\/12\/reception-groupe-320x240.webp 320w, https:\/\/www.camping-besse.com\/wp-content\/uploads\/2025\/12\/reception-groupe-160x120.webp 160w\" sizes=\"(max-width: 1024px) 100vw, 1024px\" \/><\/figure>\n<\/div>\n\n\n\n<div class=\"wp-block-column is-vertically-aligned-center is-layout-flow wp-block-column-is-layout-flow\" style=\"padding-top:0;padding-right:0;padding-bottom:0;padding-left:0\">\n<p style=\"margin-bottom:var(--wp--preset--spacing--xxl)\">Le <strong><a href=\"https:\/\/www.camping-besse.com\/de\/\" data-type=\"page\" data-id=\"4\">Camping Bois de Gravi\u00e8re liegt in Besse-et-Saint-Anastaise, Frankreich.<\/a><\/strong> im Herzen des Puy-de-D\u00f4me, bietet ein komplettes Angebot f\u00fcr <strong>Gruppenaufenthalte<\/strong> mit Unterkunft und Verpflegung. Ob Sie ein Familientreffen, einen Vereinsausflug, einen Sportkurs oder ein Gesch\u00e4ftstreffen inmitten der Natur organisieren, unser Campingplatz bietet Ihnen L\u00f6sungen, die auf Ihre speziellen Bed\u00fcrfnisse zugeschnitten sind. <\/p>\n\n\n\n<p class=\"has-text-align-left is-style-top-title has-primary-color has-text-color has-link-color has-secondary-font-family has-xxxxl-font-size wp-elements-a6fa16bc82d1405b42ad3163ff6f8dd5 is-style-top-title--1\" style=\"line-height:1.2\">Angepasste Unterk\u00fcnfte<\/p>\n\n\n\n<h2 class=\"wp-block-heading has-text-align-left has-secondary-color has-text-color has-link-color has-tertiary-font-family has-xxxxl-font-size wp-elements-feb6fc6a4d75e6d4fa5a1781764d3603\" style=\"line-height:1\">An alle Gruppen<\/h2>\n\n\n\n<p><br\/>Um Gruppen willkommen zu hei\u00dfen, bietet der Campingplatz eine gro\u00dfe Auswahl an Unterkunftsm\u00f6glichkeiten. Sie k\u00f6nnen zwischen komfortablen Chalets, Chalet-Mobilen oder Mobilheimen mit 2 bis 3 Schlafzimmern sowie traditionellen Campingpl\u00e4tzen f\u00fcr Zelte, Wohnwagen oder Wohnmobile w\u00e4hlen. Diese flexiblen L\u00f6sungen erm\u00f6glichen es, Gruppen unterschiedlicher Gr\u00f6\u00dfe zu empfangen und garantieren Komfort und Geselligkeit w\u00e4hrend des gesamten Aufenthalts.  <\/p>\n\n\n\n<p>Die Vielfalt der verf\u00fcgbaren Unterk\u00fcnfte erm\u00f6glicht es, die Konfiguration an die Bed\u00fcrfnisse jeder Gruppe anzupassen, egal ob es sich um eine kleine Gruppe oder eine gr\u00f6\u00dfere Versammlung handelt. Die Mobilheime und Chalets bieten praktische Wohnr\u00e4ume, die f\u00fcr einen angenehmen Aufenthalt in einer au\u00dfergew\u00f6hnlichen nat\u00fcrlichen Umgebung ausgestattet sind. <\/p>\n<\/div>\n<\/div>\n\n<div style=\"height:var(--wp--preset--spacing--xxxxl)\" aria-hidden=\"true\" class=\"wp-block-spacer\"><\/div>\n\n<div class=\"wp-block-group alignfull hrz-galerie-1 has-global-padding is-layout-constrained wp-block-group-is-layout-constrained\">\n<div class=\"wp-block-cover alignfull hrz-galerie-1-cover\" style=\"padding-top:var(--wp--preset--spacing--xxxxxl);padding-right:var(--wp--preset--spacing--xxxxxl);padding-bottom:var(--wp--preset--spacing--xxxxxl);padding-left:var(--wp--preset--spacing--xxxxxl)\"><img alt=\"Dessert table with pastries, mousse cups, and candy\" decoding=\"async\" width=\"1024\" height=\"768\" class=\"wp-block-cover__image-background wp-image-288 size-full\" alt=\"\" src=\"https:\/\/www.camping-besse.com\/wp-content\/uploads\/2025\/12\/aperitif.webp\" data-object-fit=\"cover\" srcset=\"https:\/\/www.camping-besse.com\/wp-content\/uploads\/2025\/12\/aperitif.webp 1024w, https:\/\/www.camping-besse.com\/wp-content\/uploads\/2025\/12\/aperitif-300x225.webp 300w, https:\/\/www.camping-besse.com\/wp-content\/uploads\/2025\/12\/aperitif-768x576.webp 768w, https:\/\/www.camping-besse.com\/wp-content\/uploads\/2025\/12\/aperitif-720x540.webp 720w, https:\/\/www.camping-besse.com\/wp-content\/uploads\/2025\/12\/aperitif-320x240.webp 320w, https:\/\/www.camping-besse.com\/wp-content\/uploads\/2025\/12\/aperitif-160x120.webp 160w\" sizes=\"(max-width: 1024px) 100vw, 1024px\" \/><span aria-hidden=\"true\" class=\"wp-block-cover__background has-real-black-background-color has-background-dim-40 has-background-dim\"><\/span><div class=\"wp-block-cover__inner-container has-global-padding is-layout-constrained wp-container-core-cover-is-layout-143ab919 wp-block-cover-is-layout-constrained\">\n<p class=\"has-text-align-center is-style-top-title has-background-color has-text-color has-link-color has-secondary-font-family has-xxxxl-font-size wp-elements-a7ec3ff114ef0b73208e427a66e33758 is-style-top-title--2\" style=\"line-height:1.2\">Verpflegung vor Ort<\/p>\n\n\n\n<h2 class=\"wp-block-heading has-text-align-center has-background-color has-text-color has-link-color has-tertiary-font-family has-xxxxl-font-size wp-elements-3ae28f098be48cd94c66113b37baee0c\" style=\"line-height:1\">F\u00fcr Ihre Gruppenveranstaltungen<\/h2>\n\n\n\n<p class=\"has-text-align-center\">Der <strong>Campingplatz Bois de Gravi\u00e8re<\/strong> bietet einen kompletten Catering-Service f\u00fcr Gruppen, mit verschiedenen M\u00f6glichkeiten, die Ihren W\u00fcnschen und Ihrer Organisation entsprechen. Sie k\u00f6nnen sich f\u00fcr eine Verpflegung vor Ort entscheiden, die auf Ihren Zeitplan abgestimmt ist, oder Mahlzeiten zum Mitnehmen w\u00e4hlen, wenn Sie mehr Freiheit bevorzugen. <\/p>\n\n\n\n<p class=\"has-text-align-center\">Die Men\u00fcs k\u00f6nnen in traditioneller Form oder als Buffet angeboten werden, um den verschiedenen Formaten von Gruppenmahlzeiten gerecht zu werden. F\u00fcr Ausfl\u00fcge in die Natur oder Exkursionen k\u00f6nnen auf Wunsch auch <strong>Picknickk\u00f6rbe<\/strong> zusammengestellt werden. F\u00fcr einen guten Start in den Tag gibt es ein Fr\u00fchst\u00fcck f\u00fcr alle Teilnehmer Ihrer Gruppe.  <\/p>\n<\/div><\/div>\n<\/div>\n\n<div style=\"height:var(--wp--preset--spacing--xxxxl)\" aria-hidden=\"true\" class=\"wp-block-spacer\"><\/div>\n\n<div class=\"wp-block-columns alignwide are-vertically-aligned-center hrz-responsive-col hrz-reponsive-order has-light-background-color has-background is-layout-flex wp-container-core-columns-is-layout-bf75da7c wp-block-columns-is-layout-flex\" style=\"margin-top:0;margin-bottom:0;padding-top:var(--wp--preset--spacing--xxl);padding-right:var(--wp--preset--spacing--xxl);padding-bottom:var(--wp--preset--spacing--xxl);padding-left:var(--wp--preset--spacing--xxl)\">\n<div class=\"wp-block-column is-vertically-aligned-center is-layout-flow wp-block-column-is-layout-flow\" style=\"padding-top:0;padding-right:0;padding-bottom:0;padding-left:0\">\n<p class=\"has-text-align-left is-style-top-title has-primary-color has-text-color has-link-color has-secondary-font-family has-xxxxl-font-size wp-elements-9a15ee76bfcb84f9177ec5f2467a52a6 is-style-top-title--3\" style=\"line-height:1.2\">Raumvermietung und<\/p>\n\n\n\n<h2 class=\"wp-block-heading has-text-align-left has-secondary-color has-text-color has-link-color has-tertiary-font-family has-xxxxl-font-size wp-elements-437f08cf9cc0b60b977a5eebc4f75f6d\" style=\"line-height:1\">Zus\u00e4tzliche Dienstleistungen<\/h2>\n\n\n\n<p>Um Ihre Gruppenaktivit\u00e4ten zu begleiten, bietet der Campingplatz die M\u00f6glichkeit, <strong>einen Empfangsraum<\/strong> mit einer Fl\u00e4che von bis zu 100 m\u00b2 zu <strong>mieten<\/strong>. Dieser Raum kann mit oder ohne K\u00fcchenbereich genutzt werden, je nach Ihren Bed\u00fcrfnissen: Versammlungen, Pr\u00e4sentationen, Workshops oder gemeinsame Mahlzeiten k\u00f6nnen hier in einer geselligen Umgebung abgehalten werden. <\/p>\n\n\n\n<p>Diese Konfiguration ist ideal f\u00fcr Seminare, Kurse oder Familientreffen, die einen Innenraum ben\u00f6tigen, um die Teilnehmer zu versammeln. Der Raum kann nach Ihren W\u00fcnschen eingerichtet werden, ob mit Konferenztischen, Entspannungsbereichen oder einer Anordnung f\u00fcr Mahlzeiten. <\/p>\n\n\n\n<h2 class=\"wp-block-heading has-primary-color has-text-color has-link-color has-xxxxl-font-size wp-elements-432566a021074c3f1c186df8cd5571dc\" style=\"line-height:1\">Zugang zu allen  <\/h2>\n\n\n\n<h2 class=\"wp-block-heading has-text-align-left has-secondary-color has-text-color has-link-color has-tertiary-font-family has-xxxxl-font-size wp-elements-d77f24c0d48892e22b26c1d2a90f9b34\" style=\"line-height:1\">Einrichtungen des Campingplatzes<\/h2>\n\n\n\n<p>Als Gruppe, die auf dem <strong>Campingplatz Bois de Gravi\u00e8re<\/strong> untergebracht ist, haben Sie Zugang zu allen Einrichtungen der Anlage, um Ihren Aufenthalt noch angenehmer zu gestalten. Sie k\u00f6nnen die folgenden Angebote nutzen:<br\/><strong>-Wellnessbereich<\/strong> mit Sauna, Jacuzzi und Entspannungsbereichen,<br\/>-Pool <strong>in der Saison<\/strong>,<br\/>-Boulodrome und Spielplatz f\u00fcr die Freizeit,<br\/>-und alle anderen Aktivit\u00e4ten und Dienstleistungen, die vor Ort angeboten werden. <\/p>\n<\/div>\n\n\n\n<div class=\"wp-block-column is-vertically-aligned-center is-layout-flow wp-block-column-is-layout-flow\">\n<figure class=\"wp-block-image size-full is-style-image-svg-forme-2\"><img alt=\"Tables with brochures inside white event tent\" decoding=\"async\" width=\"1024\" height=\"768\" src=\"https:\/\/www.camping-besse.com\/wp-content\/uploads\/2025\/12\/chapiteau-reception-groupe-interieur.webp\" alt=\"\" class=\"wp-image-268\" style=\"aspect-ratio:3\/4;object-fit:cover\" srcset=\"https:\/\/www.camping-besse.com\/wp-content\/uploads\/2025\/12\/chapiteau-reception-groupe-interieur.webp 1024w, https:\/\/www.camping-besse.com\/wp-content\/uploads\/2025\/12\/chapiteau-reception-groupe-interieur-300x225.webp 300w, https:\/\/www.camping-besse.com\/wp-content\/uploads\/2025\/12\/chapiteau-reception-groupe-interieur-768x576.webp 768w, https:\/\/www.camping-besse.com\/wp-content\/uploads\/2025\/12\/chapiteau-reception-groupe-interieur-720x540.webp 720w, https:\/\/www.camping-besse.com\/wp-content\/uploads\/2025\/12\/chapiteau-reception-groupe-interieur-320x240.webp 320w, https:\/\/www.camping-besse.com\/wp-content\/uploads\/2025\/12\/chapiteau-reception-groupe-interieur-160x120.webp 160w\" sizes=\"(max-width: 1024px) 100vw, 1024px\" \/><\/figure>\n<\/div>\n<\/div>\n\n<div style=\"height:var(--wp--preset--spacing--xxl)\" aria-hidden=\"true\" class=\"wp-block-spacer\"><\/div>\n\n<div class=\"wp-block-group alignfull hrz-galerie-3 has-global-padding is-layout-constrained wp-container-core-group-is-layout-a700ee33 wp-block-group-is-layout-constrained\" style=\"padding-top:0;padding-right:0;padding-bottom:0;padding-left:0\">\n<div class=\"wp-block-group has-global-padding is-layout-constrained wp-container-core-group-is-layout-41c22256 wp-block-group-is-layout-constrained\" style=\"padding-right:var(--wp--preset--spacing--l);padding-left:var(--wp--preset--spacing--l)\">\n<p class=\"has-text-align-center is-style-lab-p--base has-text-alt-color has-text-color has-link-color wp-elements-6f64fa3df6996f0fb89bb9e396bf033b\" style=\"margin-top:var(--wp--preset--spacing--s);margin-bottom:var(--wp--preset--spacing--m)\">Diese reiche Infrastruktur erm\u00f6glicht es, gesellige Momente, sportliche Aktivit\u00e4ten und Entspannung miteinander zu verbinden, was den Campingplatz zu einem idealen Aufenthaltsort f\u00fcr Gruppen macht, die eine erholsame und funktionelle nat\u00fcrliche Umgebung suchen.<\/p>\n\n\n\n<p class=\"has-text-align-center is-style-lab-p--base has-text-alt-color has-text-color has-link-color wp-elements-5a625b42fb9ab41f8ff35e1a35a1d52f\" style=\"margin-top:var(--wp--preset--spacing--s);margin-bottom:var(--wp--preset--spacing--m)\">Um Ihren Gruppenaufenthalt mit Verpflegung auf dem Campingplatz Bois de Gravi\u00e8re zu organisieren, steht Ihnen unser Team zur Verf\u00fcgung, um ein ma\u00dfgeschneidertes Angebot zu erstellen, das Ihren Erwartungen und der Gr\u00f6\u00dfe Ihrer Gruppe entspricht.<\/p>\n<\/div>\n<\/div>\n\n<div style=\"height:var(--wp--preset--spacing--xxxxl)\" aria-hidden=\"true\" class=\"wp-block-spacer\"><\/div>\n","protected":false},"excerpt":{"rendered":"<p>Gruppenunterkunft in der N\u00e4he von Super-Besse Urlaub mit Selbstverpflegung in der Auvergne Le Camping Bois de Gravi\u00e8re liegt in Besse-et-Saint-Anastaise, Frankreich. im Herzen des Puy-de-D\u00f4me, bietet ein komplettes Angebot f\u00fcr Gruppenaufenthalte mit Unterkunft und Verpflegung. Ob Sie ein Familientreffen, einen Vereinsausflug, einen Sportkurs oder ein Gesch\u00e4ftstreffen inmitten der Natur organisieren, unser Campingplatz bietet Ihnen L\u00f6sungen, [&hellip;]<\/p>\n","protected":false},"author":1,"featured_media":0,"parent":0,"menu_order":0,"comment_status":"closed","ping_status":"closed","template":"page-no-title","meta":{"_acf_changed":false,"_seopress_robots_primary_cat":"","_seopress_titles_title":"Startseite Gruppen Super-Besse | Gruppenunterkunft in der Auvergne","_seopress_titles_desc":"Seminar, Praktikum oder Familientreffen am Fu\u00dfe der Vulkane der Auvergne: Der Campingplatz Bois de Gravi\u00e8re bietet Ihnen ein ma\u00dfgeschneidertes Gruppenangebot in Super-Besse.","_seopress_robots_index":"","footnotes":""},"class_list":["post-2106","page","type-page","status-publish","hentry"],"acf":[],"_links":{"self":[{"href":"https:\/\/www.camping-besse.com\/de\/wp-json\/wp\/v2\/pages\/2106","targetHints":{"allow":["GET"]}}],"collection":[{"href":"https:\/\/www.camping-besse.com\/de\/wp-json\/wp\/v2\/pages"}],"about":[{"href":"https:\/\/www.camping-besse.com\/de\/wp-json\/wp\/v2\/types\/page"}],"author":[{"embeddable":true,"href":"https:\/\/www.camping-besse.com\/de\/wp-json\/wp\/v2\/users\/1"}],"replies":[{"embeddable":true,"href":"https:\/\/www.camping-besse.com\/de\/wp-json\/wp\/v2\/comments?post=2106"}],"version-history":[{"count":2,"href":"https:\/\/www.camping-besse.com\/de\/wp-json\/wp\/v2\/pages\/2106\/revisions"}],"predecessor-version":[{"id":2153,"href":"https:\/\/www.camping-besse.com\/de\/wp-json\/wp\/v2\/pages\/2106\/revisions\/2153"}],"wp:attachment":[{"href":"https:\/\/www.camping-besse.com\/de\/wp-json\/wp\/v2\/media?parent=2106"}],"curies":[{"name":"wp","href":"https:\/\/api.w.org\/{rel}","templated":true}]}}