{"id":2144,"date":"2025-12-31T11:33:53","date_gmt":"2025-12-31T10:33:53","guid":{"rendered":"https:\/\/www.camping-besse.com\/mobilheime\/"},"modified":"2026-03-23T09:24:34","modified_gmt":"2026-03-23T08:24:34","slug":"mobilheime","status":"publish","type":"page","link":"https:\/\/www.camping-besse.com\/de\/mobilheime\/","title":{"rendered":"Mobilheime"},"content":{"rendered":"\n<div class=\"wp-block-cover alignfull has-custom-content-position is-position-bottom-center has-aspect-ratio\" style=\"margin-top:0;margin-bottom:0;padding-top:var(--wp--preset--spacing--xxxxl);padding-right:0;padding-bottom:0;padding-left:0;aspect-ratio:16\/9;min-height:unset;\"><img alt=\"White blossoms with cabins in sunny countryside\" decoding=\"async\" width=\"1920\" height=\"1080\" class=\"wp-block-cover__image-background wp-image-1247 size-16\/9_1920x1080_desktop\" alt=\"\" src=\"https:\/\/www.camping-besse.com\/wp-content\/uploads\/2026\/01\/hebergements-camping-auvergne-1920x1080.webp\" style=\"object-position:49% 95%\" data-object-fit=\"cover\" data-object-position=\"49% 95%\" srcset=\"https:\/\/www.camping-besse.com\/wp-content\/uploads\/2026\/01\/hebergements-camping-auvergne-1920x1080.webp 1920w, https:\/\/www.camping-besse.com\/wp-content\/uploads\/2026\/01\/hebergements-camping-auvergne-1440x810.webp 1440w, https:\/\/www.camping-besse.com\/wp-content\/uploads\/2026\/01\/hebergements-camping-auvergne-1366x768.webp 1366w, https:\/\/www.camping-besse.com\/wp-content\/uploads\/2026\/01\/hebergements-camping-auvergne-1024x576.webp 1024w, https:\/\/www.camping-besse.com\/wp-content\/uploads\/2026\/01\/hebergements-camping-auvergne-800x450.webp 800w, https:\/\/www.camping-besse.com\/wp-content\/uploads\/2026\/01\/hebergements-camping-auvergne-640x360.webp 640w, https:\/\/www.camping-besse.com\/wp-content\/uploads\/2026\/01\/hebergements-camping-auvergne-375x210.webp 375w, https:\/\/www.camping-besse.com\/wp-content\/uploads\/2026\/01\/hebergements-camping-auvergne-200x112.webp 200w, https:\/\/www.camping-besse.com\/wp-content\/uploads\/2026\/01\/hebergements-camping-auvergne-100x56.webp 100w\" sizes=\"(max-width: 1920px) 100vw, 1920px\" \/><span aria-hidden=\"true\" class=\"wp-block-cover__background has-background-dim-0 has-background-dim\"><\/span><div class=\"wp-block-cover__inner-container is-layout-flow wp-block-cover-is-layout-flow\">\n<figure class=\"wp-block-image size-full hrz-tampon-haut\"><img alt=\"Auvergne Rh\u00f4ne-Alpes circular stamp logo\" decoding=\"async\" width=\"243\" height=\"243\" src=\"https:\/\/www.camping-besse.com\/wp-content\/uploads\/2025\/12\/tampon-beige.png\" alt=\"\" class=\"wp-image-220\" srcset=\"https:\/\/www.camping-besse.com\/wp-content\/uploads\/2025\/12\/tampon-beige.png 243w, https:\/\/www.camping-besse.com\/wp-content\/uploads\/2025\/12\/tampon-beige-150x150.png 150w, https:\/\/www.camping-besse.com\/wp-content\/uploads\/2025\/12\/tampon-beige-200x200.png 200w, https:\/\/www.camping-besse.com\/wp-content\/uploads\/2025\/12\/tampon-beige-100x100.png 100w\" sizes=\"(max-width: 243px) 100vw, 243px\" \/><\/figure>\n\n\n\n<div class=\"wp-block-group hrz-hero-5-content is-layout-flow wp-container-core-group-is-layout-911427bc wp-block-group-is-layout-flow\" style=\"margin-top:0;margin-bottom:0;padding-top:0;padding-right:var(--wp--preset--spacing--xxl);padding-bottom:0;padding-left:var(--wp--preset--spacing--xxl)\">\n<a href=\"https:\/\/www.camping-besse.com\/de\/\" target=\"_self\" data-link=\"true\"><div class=\"wp-block-group is-layout-flow wp-block-group-is-layout-flow\" data-link=\"https:\/\/www.camping-besse.com\/\" data-target=\"_self\">\n<figure class=\"wp-block-image aligncenter size-full\" style=\"margin-top:0;margin-bottom:0\"><img alt=\"Bois de Gravi\u00e8re circular mountain landscape logo\" decoding=\"async\" width=\"177\" height=\"240\" src=\"https:\/\/www.camping-besse.com\/wp-content\/uploads\/2025\/12\/logo-bois-de-graviere.png\" alt=\"\" class=\"wp-image-38\"\/><\/figure>\n<\/div><\/a>\n<\/div>\n\n\n\n<div style=\"height:var(--wp--preset--spacing--xxxxl)\" aria-hidden=\"true\" class=\"wp-block-spacer\"><\/div>\n\n\n\n<div style=\"height:var(--wp--preset--spacing--xxxxl)\" aria-hidden=\"true\" class=\"wp-block-spacer\"><\/div>\n\n\n\n<div style=\"height:var(--wp--preset--spacing--xxxxl)\" aria-hidden=\"true\" class=\"wp-block-spacer\"><\/div>\n\n\n\n<figure class=\"wp-block-image alignfull size-full hrz-elipse\"><img alt=\"\" decoding=\"async\" src=\"https:\/\/www.camping-besse.com\/wp-content\/uploads\/2025\/12\/elipse.svg\" alt=\"\" class=\"wp-image-223\"\/><\/figure>\n<\/div><\/div>\n\n\n<div style=\"padding-left:var(--wp--preset--spacing--s);padding-top:var(--wp--preset--spacing--s);padding-bottom:var(--wp--preset--spacing--s);\" class=\"alignfull wp-elements-5cd3591c1ade14a972751d58f754b855 wp-block-wpseopress-breadcrumbs has-text-color has-primary-color\"><nav  aria-label=\"breadcrumb\"><ol class=\"breadcrumb\" itemscope itemtype=\"https:\/\/schema.org\/BreadcrumbList\"><li class=\"breadcrumb-item active\" aria-current=\"page\" itemprop=\"itemListElement\" itemscope itemtype=\"https:\/\/schema.org\/ListItem\"><span itemprop=\"name\">Camping \u00e0 Super-Besse<\/span><meta itemprop=\"position\" content=\"1\"><\/li><\/ol><\/nav><\/div>\n\n\n<div class=\"wp-block-group alignfull has-global-padding is-layout-constrained wp-block-group-is-layout-constrained\">\n<div class=\"wp-block-columns alignfull is-layout-flex wp-container-core-columns-is-layout-28f84493 wp-block-columns-is-layout-flex\">\n<div class=\"wp-block-column is-layout-flow wp-block-column-is-layout-flow\">\n<h1 class=\"wp-block-heading has-text-align-center has-primary-color has-text-color has-link-color wp-elements-6e3c1bc0472110471d4f9999024543c6\">Mobilheimvermietung in der N\u00e4he von Super-Besse<\/h1>\n\n\n\n<p class=\"has-text-align-center has-secondary-color has-text-color has-link-color has-tertiary-font-family has-xxxxxl-font-size wp-elements-ac2721da628e6be776886aadcbe76e65\">Komfortable Unterk\u00fcnfte<\/p>\n<\/div>\n<\/div>\n<\/div>\n\n\n\n<div class=\"wp-block-group alignfull hrz-galerie-3 has-global-padding is-layout-constrained wp-container-core-group-is-layout-a700ee33 wp-block-group-is-layout-constrained\" style=\"padding-top:0;padding-right:0;padding-bottom:0;padding-left:0\">\n<div class=\"wp-block-group has-global-padding is-layout-constrained wp-container-core-group-is-layout-41c22256 wp-block-group-is-layout-constrained\" style=\"padding-right:var(--wp--preset--spacing--l);padding-left:var(--wp--preset--spacing--l)\">\n<p class=\"has-text-align-center is-style-lab-p--base has-text-alt-color has-text-color has-link-color wp-elements-bc179e136da44a336562c4acca5dd6f1\" style=\"margin-top:var(--wp--preset--spacing--s);margin-bottom:var(--wp--preset--spacing--m)\"><br>Willkommen auf unserem Campingplatz <strong><a href=\"https:\/\/www.camping-besse.com\/de\/\" data-type=\"page\" data-id=\"4\">Campingplatz in der N\u00e4he von Super-Besse.<\/a><\/strong>Im Herzen des Parc des Volcans d&#8217;Auvergne im Departement Puy-de-D\u00f4me gelegen, wo die saubere Luft und die vulkanische Landschaft Sie zu Entspannung und Abenteuer einladen. Wenn Sie eine Unterkunft suchen, die Komfort und Naturn\u00e4he vereint, dann sind unsere Mobilheime genau das Richtige f\u00fcr Sie. Entdecken Sie, wie ein Mobilheim in Clermont-Ferrand Ihren Urlaub zu einem unvergesslichen Erlebnis machen kann.  <br>(wir sind nicht wirklich in Clermont Ferrand)<\/p>\n<\/div>\n<\/div>\n\n\n\n<div class=\"wp-block-group alignwide has-global-padding is-layout-constrained wp-block-group-is-layout-constrained\">\n\t<div class=\"alignfull is-layout-flow wp-block-hrz-blocks-query-camping-rest-is-layout-flow\">\n\t\t<ul class=\"hebergement-listing \">\n\t\t\t<style>:root { --query-color: var(--wp--preset--color--secondary); }<\/style>\t\t\t\t<li class=\"swiper-slide\">\n\t\t\t\t\t<div class=\"wp-block-group card-gamme is-style-default is-style-relative\"\n\t\t\t\t\t\t\t\t\t\t\t\t>\n\t\t\t\t\t\t<div class=\"wp-block-group thumbnail-image\">\n\t\t\t\t\t\t\t<a href=\"https:\/\/www.camping-besse.com\/de\/hebergements\/mobilheim-modulo-duo-27-m%c2%b2-terrasse-von-15m%c2%b2\/\" title=\"Mobilheim Modulo Duo 27 m\u00b2 + Terrasse von 15m\u00b2.\">\n\t\t\t\t\t\t\t\t<figure class=\"wp-block-image alignfull size-large\" style=\"margin:0;\">\n\t\t\t\t\t\t\t\t\t<img decoding=\"async\" src=\"https:\/\/www.camping-besse.com\/wp-content\/uploads\/2026\/01\/00001143757-1024x651.jpg\"\n\t\t\t\t\t\t\t\t\t\talt=\"Mobilheim Modulo Duo 27 m\u00b2 + Terrasse von 15m\u00b2.\" \/>\n\t\t\t\t\t\t\t\t<\/figure>\n\t\t\t\t\t\t\t\t<div class=\"full\">\n\t\t\t\t\t\t\t\t\t<p class=\"text\">Disponible \u00e0 d&#8217;autres dates<\/p>\n\t\t\t\t\t\t\t\t<\/div>\n\t\t\t\t\t\t\t<\/a>\n\t\t\t\t\t\t<\/div>\n\n\n\t\t\t\t\t\t<div class=\"wp-block-group has-white-background-color has-background card-content\">\n\t\t\t\t\t\t\t<div class=\"wp-block-group content\">\n\t\t\t\t\t\t\t\t<h3 class=\"wp-block-heading has-secondary-color has-link-color has-secondary-color\">\n\t\t\t\t\t\t\t\t\tMobilheim Modulo Duo 27 m\u00b2 + Terrasse von 15m\u00b2.\t\t\t\t\t\t\t\t<\/h3>\n\n\t\t\t\t\t\t\t\t\t\t\t\t\t\t\t<\/div>\n\n\t\t\t\t\t\t\t<div class=\"wp-block-group card-price has-background\">\n\t\t\t\t\t\t\t\t<div class=\"loader\">\n\t\t\t\t\t\t\t\t\t<span class=\"dot\"><\/span>\n\t\t\t\t\t\t\t\t\t<span class=\"dot\"><\/span>\n\t\t\t\t\t\t\t\t\t<span class=\"dot\"><\/span>\n\t\t\t\t\t\t\t\t<\/div>\n\t\t\t\t\t\t\t\t<div class=\"booking_default\">\n\t\t\t\t\t\t\t\t\t<p class=\"has-text-align-right\">Ab<\/p>\n\n\t\t\t\t\t\t\t\t\t<p class=\"has-text-align-right booking_price has-secondary-font-family\"><\/p>\n\t\t\t\t\t\t\t\t\t<p class=\"has-text-align-right booking_no_discount has-secondary-font-family\"><\/p>\n\n\t\t\t\t\t\t\t\t\t<p class=\"has-text-align-right dates\">\n\t\t\t\t\t\t\t\t\t\tDu <span class=\"start\"><\/span> au <span class=\"end\"><\/span>\t\t\t\t\t\t\t\t\t<\/p>\n\t\t\t\t\t\t\t\t<\/div>\n\t\t\t\t\t\t\t\t<div class=\"wp-block-group booking_alt\">\n\t\t\t\t\t\t\t\t\t<p class=\"booking_alt_text\">Disponible \u00e0 d&#8217;autres dates<\/p>\n\t\t\t\t\t\t\t\t\t<div class=\"booking_alt_content\">\n\t\t\t\t\t\t\t\t\t<\/div>\n\t\t\t\t\t\t\t\t<\/div>\n\t\t\t\t\t\t\t<\/div>\n\t\t\t\t\t\t<\/div>\n\n\t\t\t\t\t\t<div class=\"wp-block-buttons has-custom-font-size has-l-font-size\">\n\t\t\t\t\t\t\t<div\n\t\t\t\t\t\t\t\tclass=\"wp-block-button has-custom-width wp-block-button__width-100 has-custom-font-size booking-btn has-secondary-font-family\">\n\t\t\t\t\t\t\t\t<a href=\"https:\/\/www.camping-besse.com\/de\/hebergements\/mobilheim-modulo-duo-27-m%c2%b2-terrasse-von-15m%c2%b2\/\"\n\t\t\t\t\t\t\t\t\tclass=\"wp-block-button__link has-white-color has-text-color has-background has-link-color has-text-align-center wp-element-button\">\n\t\t\t\t\t\t\t\t\tEntdecken Sie\t\t\t\t\t\t\t\t<\/a>\n\t\t\t\t\t\t\t<\/div>\n\t\t\t\t\t\t<\/div>\n\t\t\t\t\t\t<div class=\"booking_last\">\n\t\t\t\t\t\t\t<p class=\"booking_last_content\">\n\t\t\t\t\t\t\t\tNur noch <span class=\"booking_last_value\"><\/span> <br> verf\u00fcgbar\t\t\t\t\t\t\t<\/p>\n\t\t\t\t\t\t<\/div>\n\t\t\t\t\t\t<div class=\"booking_exclusive is-style-hover-image-effect\"><\/div>\n\t\t\t\t\t<\/div>\n\t\t\t\t<\/li>\n\n\t\t\t\t\t\t\t<li class=\"swiper-slide\">\n\t\t\t\t\t<div class=\"wp-block-group card-gamme is-style-default is-style-relative\"\n\t\t\t\t\t\t\t\t\t\t\t\t>\n\t\t\t\t\t\t<div class=\"wp-block-group thumbnail-image\">\n\t\t\t\t\t\t\t<a href=\"https:\/\/www.camping-besse.com\/de\/hebergements\/mobile-home-santa-fe-loisir-30m%c2%b2-2-zimmer\/\" title=\"Mobile Home Santa F\u00e9 Loisir 30m\u00b2 (2 Zimmer)\">\n\t\t\t\t\t\t\t\t<figure class=\"wp-block-image alignfull size-large\" style=\"margin:0;\">\n\t\t\t\t\t\t\t\t\t<img decoding=\"async\" src=\"https:\/\/www.camping-besse.com\/wp-content\/uploads\/2026\/01\/00000309836-1024x768.jpg\"\n\t\t\t\t\t\t\t\t\t\talt=\"Mobile Home Santa F\u00e9 Loisir 30m\u00b2 (2 Zimmer)\" \/>\n\t\t\t\t\t\t\t\t<\/figure>\n\t\t\t\t\t\t\t\t<div class=\"full\">\n\t\t\t\t\t\t\t\t\t<p class=\"text\">Disponible \u00e0 d&#8217;autres dates<\/p>\n\t\t\t\t\t\t\t\t<\/div>\n\t\t\t\t\t\t\t<\/a>\n\t\t\t\t\t\t<\/div>\n\n\n\t\t\t\t\t\t<div class=\"wp-block-group has-white-background-color has-background card-content\">\n\t\t\t\t\t\t\t<div class=\"wp-block-group content\">\n\t\t\t\t\t\t\t\t<h3 class=\"wp-block-heading has-secondary-color has-link-color has-secondary-color\">\n\t\t\t\t\t\t\t\t\tMobile Home Santa F\u00e9 Loisir 30m\u00b2 (2 Zimmer)\t\t\t\t\t\t\t\t<\/h3>\n\n\t\t\t\t\t\t\t\t\t\t\t\t\t\t\t<\/div>\n\n\t\t\t\t\t\t\t<div class=\"wp-block-group card-price has-background\">\n\t\t\t\t\t\t\t\t<div class=\"loader\">\n\t\t\t\t\t\t\t\t\t<span class=\"dot\"><\/span>\n\t\t\t\t\t\t\t\t\t<span class=\"dot\"><\/span>\n\t\t\t\t\t\t\t\t\t<span class=\"dot\"><\/span>\n\t\t\t\t\t\t\t\t<\/div>\n\t\t\t\t\t\t\t\t<div class=\"booking_default\">\n\t\t\t\t\t\t\t\t\t<p class=\"has-text-align-right\">Ab<\/p>\n\n\t\t\t\t\t\t\t\t\t<p class=\"has-text-align-right booking_price has-secondary-font-family\"><\/p>\n\t\t\t\t\t\t\t\t\t<p class=\"has-text-align-right booking_no_discount has-secondary-font-family\"><\/p>\n\n\t\t\t\t\t\t\t\t\t<p class=\"has-text-align-right dates\">\n\t\t\t\t\t\t\t\t\t\tDu <span class=\"start\"><\/span> au <span class=\"end\"><\/span>\t\t\t\t\t\t\t\t\t<\/p>\n\t\t\t\t\t\t\t\t<\/div>\n\t\t\t\t\t\t\t\t<div class=\"wp-block-group booking_alt\">\n\t\t\t\t\t\t\t\t\t<p class=\"booking_alt_text\">Disponible \u00e0 d&#8217;autres dates<\/p>\n\t\t\t\t\t\t\t\t\t<div class=\"booking_alt_content\">\n\t\t\t\t\t\t\t\t\t<\/div>\n\t\t\t\t\t\t\t\t<\/div>\n\t\t\t\t\t\t\t<\/div>\n\t\t\t\t\t\t<\/div>\n\n\t\t\t\t\t\t<div class=\"wp-block-buttons has-custom-font-size has-l-font-size\">\n\t\t\t\t\t\t\t<div\n\t\t\t\t\t\t\t\tclass=\"wp-block-button has-custom-width wp-block-button__width-100 has-custom-font-size booking-btn has-secondary-font-family\">\n\t\t\t\t\t\t\t\t<a href=\"https:\/\/www.camping-besse.com\/de\/hebergements\/mobile-home-santa-fe-loisir-30m%c2%b2-2-zimmer\/\"\n\t\t\t\t\t\t\t\t\tclass=\"wp-block-button__link has-white-color has-text-color has-background has-link-color has-text-align-center wp-element-button\">\n\t\t\t\t\t\t\t\t\tEntdecken Sie\t\t\t\t\t\t\t\t<\/a>\n\t\t\t\t\t\t\t<\/div>\n\t\t\t\t\t\t<\/div>\n\t\t\t\t\t\t<div class=\"booking_last\">\n\t\t\t\t\t\t\t<p class=\"booking_last_content\">\n\t\t\t\t\t\t\t\tNur noch <span class=\"booking_last_value\"><\/span> <br> verf\u00fcgbar\t\t\t\t\t\t\t<\/p>\n\t\t\t\t\t\t<\/div>\n\t\t\t\t\t\t<div class=\"booking_exclusive is-style-hover-image-effect\"><\/div>\n\t\t\t\t\t<\/div>\n\t\t\t\t<\/li>\n\n\t\t\t\t\t\t\t<li class=\"swiper-slide\">\n\t\t\t\t\t<div class=\"wp-block-group card-gamme is-style-default is-style-relative\"\n\t\t\t\t\t\t\t\t\t\t\t\t>\n\t\t\t\t\t\t<div class=\"wp-block-group thumbnail-image\">\n\t\t\t\t\t\t\t<a href=\"https:\/\/www.camping-besse.com\/de\/hebergements\/mobilheim-malaga-25-m%c2%b2-8m%c2%b2-halbueberdachte-terrasse\/\" title=\"Mobilheim Malaga 25 m\u00b2 + 8m\u00b2 halb\u00fcberdachte Terrasse\">\n\t\t\t\t\t\t\t\t<figure class=\"wp-block-image alignfull size-large\" style=\"margin:0;\">\n\t\t\t\t\t\t\t\t\t<img decoding=\"async\" src=\"https:\/\/www.camping-besse.com\/wp-content\/uploads\/2026\/01\/00001196620.png\"\n\t\t\t\t\t\t\t\t\t\talt=\"Mobilheim Malaga 25 m\u00b2 + 8m\u00b2 halb\u00fcberdachte Terrasse\" \/>\n\t\t\t\t\t\t\t\t<\/figure>\n\t\t\t\t\t\t\t\t<div class=\"full\">\n\t\t\t\t\t\t\t\t\t<p class=\"text\">Disponible \u00e0 d&#8217;autres dates<\/p>\n\t\t\t\t\t\t\t\t<\/div>\n\t\t\t\t\t\t\t<\/a>\n\t\t\t\t\t\t<\/div>\n\n\n\t\t\t\t\t\t<div class=\"wp-block-group has-white-background-color has-background card-content\">\n\t\t\t\t\t\t\t<div class=\"wp-block-group content\">\n\t\t\t\t\t\t\t\t<h3 class=\"wp-block-heading has-secondary-color has-link-color has-secondary-color\">\n\t\t\t\t\t\t\t\t\tMobilheim Malaga 25 m\u00b2 + 8m\u00b2 halb\u00fcberdachte Terrasse\t\t\t\t\t\t\t\t<\/h3>\n\n\t\t\t\t\t\t\t\t\t\t\t\t\t\t\t<\/div>\n\n\t\t\t\t\t\t\t<div class=\"wp-block-group card-price has-background\">\n\t\t\t\t\t\t\t\t<div class=\"loader\">\n\t\t\t\t\t\t\t\t\t<span class=\"dot\"><\/span>\n\t\t\t\t\t\t\t\t\t<span class=\"dot\"><\/span>\n\t\t\t\t\t\t\t\t\t<span class=\"dot\"><\/span>\n\t\t\t\t\t\t\t\t<\/div>\n\t\t\t\t\t\t\t\t<div class=\"booking_default\">\n\t\t\t\t\t\t\t\t\t<p class=\"has-text-align-right\">Ab<\/p>\n\n\t\t\t\t\t\t\t\t\t<p class=\"has-text-align-right booking_price has-secondary-font-family\"><\/p>\n\t\t\t\t\t\t\t\t\t<p class=\"has-text-align-right booking_no_discount has-secondary-font-family\"><\/p>\n\n\t\t\t\t\t\t\t\t\t<p class=\"has-text-align-right dates\">\n\t\t\t\t\t\t\t\t\t\tDu <span class=\"start\"><\/span> au <span class=\"end\"><\/span>\t\t\t\t\t\t\t\t\t<\/p>\n\t\t\t\t\t\t\t\t<\/div>\n\t\t\t\t\t\t\t\t<div class=\"wp-block-group booking_alt\">\n\t\t\t\t\t\t\t\t\t<p class=\"booking_alt_text\">Disponible \u00e0 d&#8217;autres dates<\/p>\n\t\t\t\t\t\t\t\t\t<div class=\"booking_alt_content\">\n\t\t\t\t\t\t\t\t\t<\/div>\n\t\t\t\t\t\t\t\t<\/div>\n\t\t\t\t\t\t\t<\/div>\n\t\t\t\t\t\t<\/div>\n\n\t\t\t\t\t\t<div class=\"wp-block-buttons has-custom-font-size has-l-font-size\">\n\t\t\t\t\t\t\t<div\n\t\t\t\t\t\t\t\tclass=\"wp-block-button has-custom-width wp-block-button__width-100 has-custom-font-size booking-btn has-secondary-font-family\">\n\t\t\t\t\t\t\t\t<a href=\"https:\/\/www.camping-besse.com\/de\/hebergements\/mobilheim-malaga-25-m%c2%b2-8m%c2%b2-halbueberdachte-terrasse\/\"\n\t\t\t\t\t\t\t\t\tclass=\"wp-block-button__link has-white-color has-text-color has-background has-link-color has-text-align-center wp-element-button\">\n\t\t\t\t\t\t\t\t\tEntdecken Sie\t\t\t\t\t\t\t\t<\/a>\n\t\t\t\t\t\t\t<\/div>\n\t\t\t\t\t\t<\/div>\n\t\t\t\t\t\t<div class=\"booking_last\">\n\t\t\t\t\t\t\t<p class=\"booking_last_content\">\n\t\t\t\t\t\t\t\tNur noch <span class=\"booking_last_value\"><\/span> <br> verf\u00fcgbar\t\t\t\t\t\t\t<\/p>\n\t\t\t\t\t\t<\/div>\n\t\t\t\t\t\t<div class=\"booking_exclusive is-style-hover-image-effect\"><\/div>\n\t\t\t\t\t<\/div>\n\t\t\t\t<\/li>\n\n\t\t\t\t\t<\/ul>\n\n\t<\/div>\n\n<\/div>\n\n\n\n<div class=\"wp-block-group alignfull hrz-galerie-3 has-global-padding is-layout-constrained wp-container-core-group-is-layout-a700ee33 wp-block-group-is-layout-constrained\" style=\"padding-top:0;padding-right:0;padding-bottom:0;padding-left:0\">\n<div class=\"wp-block-group has-global-padding is-layout-constrained wp-container-core-group-is-layout-41c22256 wp-block-group-is-layout-constrained\" style=\"padding-right:var(--wp--preset--spacing--l);padding-left:var(--wp--preset--spacing--l)\">\n<p class=\"has-text-align-center is-style-top-title has-primary-color has-text-color has-link-color has-secondary-font-family has-xxxxl-font-size wp-elements-8e13c7d7445f884871ceb79e9d2a6934 is-style-top-title--1\" style=\"line-height:1.2\"><br>Mieten Sie ein Mobilheim in Clermont-Ferrand<\/p>\n\n\n\n<h2 class=\"wp-block-heading has-text-align-center has-secondary-color has-text-color has-link-color has-tertiary-font-family has-xxxxl-font-size wp-elements-53b0f0f444dfcfda0f2eb3e15c2cd47b\" style=\"line-height:1\">In Puy-de-D\u00f4me<\/h2>\n\n\n\n<p class=\"has-text-align-center is-style-lab-p--base has-text-alt-color has-text-color has-link-color wp-elements-90096db576727a02a08a99c5d992990a\" style=\"margin-top:var(--wp--preset--spacing--s);margin-bottom:var(--wp--preset--spacing--m)\"><br>  Der Campingplatz &#8220;Bois de Gravi\u00e8re&#8221; ist ideal am Fu\u00dfe des Puy de Sancy in der N\u00e4he von Clermont-Ferrand gelegen und bietet einen einfachen Zugang zu den nat\u00fcrlichen und kulturellen Sch\u00e4tzen unserer sch\u00f6nen Region Auvergne. Unsere Mobilheime sind so konzipiert, dass sie Ihnen nach einem Tag voller Erkundungen den n\u00f6tigen Komfort bieten. Stellen Sie sich vor, dass Sie nach einer Wanderung auf vulkanischen Pfaden in einen warmen und einladenden Raum zur\u00fcckkehren, wo Sie sich in aller Ruhe entspannen k\u00f6nnen. Jedes Mobilheim ist mit einer funktionellen K\u00fcche, komfortablen Schlafzimmern und einer Terrasse, auf der Sie die lauen Sommerabende genie\u00dfen k\u00f6nnen, ausgestattet, um Ihren Bed\u00fcrfnissen gerecht zu werden.   <\/p>\n\n\n\n<p class=\"has-text-align-center is-style-top-title has-primary-color has-text-color has-link-color has-secondary-font-family has-xxxxl-font-size wp-elements-2857c35c4a3c907c2a8d7d41614ca26d is-style-top-title--2\" style=\"line-height:1.2\">Entdecken Sie unsere<\/p>\n\n\n\n<h2 class=\"wp-block-heading has-text-align-center has-secondary-color has-text-color has-link-color has-tertiary-font-family has-xxxxl-font-size wp-elements-c20dbef4cce8943804c474e126ec129f\" style=\"line-height:1\">Vollst\u00e4ndige Palette von Mobilheimen<\/h2>\n\n\n\n<p class=\"has-text-align-center\">Auf &#8220;Bois de Gravi\u00e8re&#8221; wissen wir, dass jede Familie einzigartig ist. Deshalb bieten wir eine gro\u00dfe Auswahl an Mobilheimen an, um Ihren speziellen Bed\u00fcrfnissen gerecht zu werden. Ob Sie als Paar, Familie oder mit Freunden reisen, Sie werden die richtige Unterkunft f\u00fcr sich finden. Unsere Mobilheime bieten Platz f\u00fcr zwei bis neun Personen und sind unterschiedlich eingerichtet, um Ihren Komfort zu gew\u00e4hrleisten. Sie werden die hellen und gut eingerichteten Wohnbereiche zu sch\u00e4tzen wissen, die perfekt sind, um gesellige Momente miteinander zu verbringen. Au\u00dferdem verf\u00fcgt jedes Mobilheim \u00fcber eine eigene Terrasse, ideal f\u00fcr ein Fr\u00fchst\u00fcck im Freien oder ein Abendessen unter dem Sternenhimmel.    <\/p>\n\n\n\n<p class=\"has-text-align-center is-style-top-title has-primary-color has-text-color has-link-color has-secondary-font-family has-xxxxl-font-size wp-elements-6c6bfe3041e350c97ea80e749ae29a6c is-style-top-title--3\" style=\"line-height:1.2\">Entscheiden Sie sich f\u00fcr ein Mobilheim in Clermont-Ferrand<\/p>\n\n\n\n<h2 class=\"wp-block-heading has-text-align-center has-secondary-color has-text-color has-link-color has-tertiary-font-family has-xxxxl-font-size wp-elements-e444bbe75128207a2d27a524b5812598\" style=\"line-height:1\">F\u00fcr einen komfortablen Urlaub<\/h2>\n\n\n\n<p class=\"has-text-align-center\">Die Wahl eines Mobilheims auf dem Campingplatz &#8220;Bois de Gravi\u00e8re&#8221; bedeutet, dass Sie sich f\u00fcr einen sorgenfreien Urlaub entscheiden. Sie m\u00fcssen nur Ihre Koffer abstellen und den Augenblick genie\u00dfen. Unsere Mobilheime sind mit allem ausgestattet, was Sie brauchen, um sich wie zu Hause zu f\u00fchlen: voll ausgestattete K\u00fcche, moderne Badezimmer und bequeme Betten. Dar\u00fcber hinaus bietet unser Campingplatz eine Vielzahl von Dienstleistungen, um Ihren Aufenthalt noch angenehmer zu gestalten: beheiztes Schwimmbad, Kinderspielplatz und in der Saison Animation f\u00fcr Gro\u00df und Klein. Sie k\u00f6nnen auch unser Catering zum Mitnehmen nutzen, um die lokalen Spezialit\u00e4ten zu entdecken, ohne den Campingplatz verlassen zu m\u00fcssen.    <\/p>\n\n\n\n<p class=\"has-text-align-center is-style-top-title has-primary-color has-text-color has-link-color has-secondary-font-family has-xxxxl-font-size wp-elements-d4debacd059804b8ea9b6a26409b837a is-style-top-title--4\" style=\"line-height:1.2\">Unsere verschiedenen Arten von Unterk\u00fcnften<\/p>\n\n\n\n<h2 class=\"wp-block-heading has-text-align-center has-secondary-color has-text-color has-link-color has-tertiary-font-family has-xxxxl-font-size wp-elements-2cb696b0f5095d01235e8f3c40dce83e\" style=\"line-height:1\">In Clermont-Ferrand in Puy-de-D\u00f4me<\/h2>\n\n\n\n<p class=\"has-text-align-center\">Neben unseren Mobilheimen bietet der Campingplatz &#8220;Bois de Gravi\u00e8re&#8221; eine Vielzahl von Unterk\u00fcnften, um all Ihren W\u00fcnschen gerecht zu werden. Ob Sie nun ein Liebhaber des traditionellen Campings sind oder den Komfort eines Chalets bevorzugen, wir haben das Richtige f\u00fcr Sie. F\u00fcr Naturliebhaber bieten unsere ger\u00e4umigen und schattigen Campingpl\u00e4tze die M\u00f6glichkeit, Ihr Zelt aufzustellen oder Ihren Wohnwagen in einer gr\u00fcnen Umgebung zu parken. Wenn Sie eine etwas ungew\u00f6hnlichere Erfahrung suchen, bieten Ihnen unsere Lodge-Zelte ein totales Eintauchen in die Natur mit allen modernen Annehmlichkeiten.   <\/p>\n\n\n\n<p class=\"has-text-align-center\">Zusammenfassend l\u00e4sst sich sagen, dass der Campingplatz &#8220;Bois de Gravi\u00e8re&#8221; der ideale Ort ist, um die Region Puy-de-D\u00f4me und die Puys-Kette zu entdecken und dabei eine komfortable und gut ausgestattete Unterkunft zu genie\u00dfen. Unsere Mobilheime bieten Ihnen die Freiheit, Ihren Urlaub nach Ihrem eigenen Rhythmus zu gestalten, mit der M\u00f6glichkeit, sich in einer au\u00dfergew\u00f6hnlichen nat\u00fcrlichen Umgebung zu erholen. Warten Sie also nicht l\u00e4nger und buchen Sie Ihren Aufenthalt und erleben Sie unvergessliche Momente in Clermont-Ferrand.  <\/p>\n<\/div>\n<\/div>\n\n\n\n<p><\/p>\n","protected":false},"excerpt":{"rendered":"<p>Mobilheimvermietung in der N\u00e4he von Super-Besse Komfortable Unterk\u00fcnfte Willkommen auf unserem Campingplatz Campingplatz in der N\u00e4he von Super-Besse.Im Herzen des Parc des Volcans d&#8217;Auvergne im Departement Puy-de-D\u00f4me gelegen, wo die saubere Luft und die vulkanische Landschaft Sie zu Entspannung und Abenteuer einladen. Wenn Sie eine Unterkunft suchen, die Komfort und Naturn\u00e4he vereint, dann sind unsere [&hellip;]<\/p>\n","protected":false},"author":1,"featured_media":0,"parent":0,"menu_order":0,"comment_status":"closed","ping_status":"closed","template":"page-no-title","meta":{"_acf_changed":false,"_seopress_robots_primary_cat":"","_seopress_titles_title":"Mobilheimvermietung Super-Besse | Mobilheimvermietung f\u00fcr 2 bis 9 Personen","_seopress_titles_desc":"Mieten Sie einen Standcaravan in Super-Besse auf dem Campingplatz Bois de Gravi\u00e8re: von 2 bis 9 Personen, private Terrasse, voll ausgestattete K\u00fcche und beheizter Pool in der Region Puy-de-D\u00f4me.","_seopress_robots_index":"","footnotes":""},"class_list":["post-2144","page","type-page","status-publish","hentry"],"acf":[],"_links":{"self":[{"href":"https:\/\/www.camping-besse.com\/de\/wp-json\/wp\/v2\/pages\/2144","targetHints":{"allow":["GET"]}}],"collection":[{"href":"https:\/\/www.camping-besse.com\/de\/wp-json\/wp\/v2\/pages"}],"about":[{"href":"https:\/\/www.camping-besse.com\/de\/wp-json\/wp\/v2\/types\/page"}],"author":[{"embeddable":true,"href":"https:\/\/www.camping-besse.com\/de\/wp-json\/wp\/v2\/users\/1"}],"replies":[{"embeddable":true,"href":"https:\/\/www.camping-besse.com\/de\/wp-json\/wp\/v2\/comments?post=2144"}],"version-history":[{"count":3,"href":"https:\/\/www.camping-besse.com\/de\/wp-json\/wp\/v2\/pages\/2144\/revisions"}],"predecessor-version":[{"id":2417,"href":"https:\/\/www.camping-besse.com\/de\/wp-json\/wp\/v2\/pages\/2144\/revisions\/2417"}],"wp:attachment":[{"href":"https:\/\/www.camping-besse.com\/de\/wp-json\/wp\/v2\/media?parent=2144"}],"curies":[{"name":"wp","href":"https:\/\/api.w.org\/{rel}","templated":true}]}}