{"id":2296,"date":"2025-12-31T15:24:20","date_gmt":"2025-12-31T14:24:20","guid":{"rendered":"https:\/\/www.camping-besse.com\/einwohner-werden\/"},"modified":"2026-03-20T15:35:59","modified_gmt":"2026-03-20T14:35:59","slug":"einwohner-werden","status":"publish","type":"page","link":"https:\/\/www.camping-besse.com\/de\/einwohner-werden\/","title":{"rendered":"Einwohner werden"},"content":{"rendered":"\n<div class=\"wp-block-cover alignfull has-custom-content-position is-position-bottom-center has-aspect-ratio\" style=\"margin-top:0;margin-bottom:0;padding-top:var(--wp--preset--spacing--xxxxl);padding-right:0;padding-bottom:0;padding-left:0;aspect-ratio:16\/9;min-height:unset;\"><img alt=\"Outdoor swimming pool with cascading water feature\" decoding=\"async\" width=\"2048\" height=\"1440\" class=\"wp-block-cover__image-background wp-image-231 size-16\/9_2560x1440_desktop\" alt=\"\" src=\"https:\/\/www.camping-besse.com\/wp-content\/uploads\/2025\/12\/vue-piscine-2048x1440.webp\" data-object-fit=\"cover\"\/><span aria-hidden=\"true\" class=\"wp-block-cover__background has-background-dim-0 has-background-dim\"><\/span><div class=\"wp-block-cover__inner-container is-layout-flow wp-block-cover-is-layout-flow\">\n<figure class=\"wp-block-image size-full hrz-tampon-haut\"><img alt=\"Auvergne Rh\u00f4ne-Alpes circular stamp logo\" decoding=\"async\" width=\"243\" height=\"243\" src=\"https:\/\/www.camping-besse.com\/wp-content\/uploads\/2025\/12\/tampon-beige.png\" alt=\"\" class=\"wp-image-220\" srcset=\"https:\/\/www.camping-besse.com\/wp-content\/uploads\/2025\/12\/tampon-beige.png 243w, https:\/\/www.camping-besse.com\/wp-content\/uploads\/2025\/12\/tampon-beige-150x150.png 150w, https:\/\/www.camping-besse.com\/wp-content\/uploads\/2025\/12\/tampon-beige-200x200.png 200w, https:\/\/www.camping-besse.com\/wp-content\/uploads\/2025\/12\/tampon-beige-100x100.png 100w\" sizes=\"(max-width: 243px) 100vw, 243px\" \/><\/figure>\n\n\n\n<div class=\"wp-block-group hrz-hero-5-content is-layout-flow wp-container-core-group-is-layout-911427bc wp-block-group-is-layout-flow\" style=\"margin-top:0;margin-bottom:0;padding-top:0;padding-right:var(--wp--preset--spacing--xxl);padding-bottom:0;padding-left:var(--wp--preset--spacing--xxl)\">\n<a href=\"https:\/\/www.camping-besse.com\/\" target=\"_self\" data-link=\"true\"><div class=\"wp-block-group is-layout-flow wp-block-group-is-layout-flow\" data-link=\"https:\/\/www.camping-besse.com\/\" data-target=\"_self\">\n<figure class=\"wp-block-image aligncenter size-full\" style=\"margin-top:0;margin-bottom:0\"><img alt=\"Bois de Gravi\u00e8re circular mountain landscape logo\" decoding=\"async\" width=\"177\" height=\"240\" src=\"https:\/\/www.camping-besse.com\/wp-content\/uploads\/2025\/12\/logo-bois-de-graviere.png\" alt=\"\" class=\"wp-image-38\"\/><\/figure>\n<\/div><\/a>\n<\/div>\n\n\n\n<div style=\"height:var(--wp--preset--spacing--xxxxl)\" aria-hidden=\"true\" class=\"wp-block-spacer\"><\/div>\n\n\n\n<div style=\"height:var(--wp--preset--spacing--xxxxl)\" aria-hidden=\"true\" class=\"wp-block-spacer\"><\/div>\n\n\n\n<div style=\"height:var(--wp--preset--spacing--xxxxl)\" aria-hidden=\"true\" class=\"wp-block-spacer\"><\/div>\n\n\n\n<figure class=\"wp-block-image alignfull size-full hrz-elipse\"><img alt=\"\" decoding=\"async\" src=\"https:\/\/www.camping-besse.com\/wp-content\/uploads\/2025\/12\/elipse.svg\" alt=\"\" class=\"wp-image-223\"\/><\/figure>\n<\/div><\/div>\n<div style=\"padding-left:var(--wp--preset--spacing--s);padding-top:var(--wp--preset--spacing--s);padding-bottom:var(--wp--preset--spacing--s);\" class=\"alignfull wp-elements-5cd3591c1ade14a972751d58f754b855 wp-block-wpseopress-breadcrumbs has-text-color has-primary-color\"><nav  aria-label=\"breadcrumb\"><ol class=\"breadcrumb\" itemscope itemtype=\"https:\/\/schema.org\/BreadcrumbList\"><li class=\"breadcrumb-item active\" aria-current=\"page\" itemprop=\"itemListElement\" itemscope itemtype=\"https:\/\/schema.org\/ListItem\"><span itemprop=\"name\">Camping \u00e0 Super-Besse<\/span><meta itemprop=\"position\" content=\"1\"><\/li><\/ol><\/nav><\/div>\n<div class=\"wp-block-group alignfull has-global-padding is-layout-constrained wp-block-group-is-layout-constrained\">\n<div class=\"wp-block-columns alignfull is-layout-flex wp-container-core-columns-is-layout-28f84493 wp-block-columns-is-layout-flex\">\n<div class=\"wp-block-column is-layout-flow wp-block-column-is-layout-flow\">\n<h1 class=\"wp-block-heading has-text-align-center has-primary-color has-text-color has-link-color wp-elements-ae96bb58739a191f44bcee283271095a\">Einwohner werden in der N\u00e4he von Super-Besse<\/h1>\n\n\n\n<p class=\"has-text-align-center has-secondary-color has-text-color has-link-color has-tertiary-font-family has-xxxxxl-font-size wp-elements-ecd08a788edf273861c1075deef5e3b7\">Auf dem Campingplatz 4 Sterne Bois de Gravi\u00e8re<\/p>\n<\/div>\n<\/div>\n<\/div>\n\n<div class=\"wp-block-columns alignwide are-vertically-aligned-center hrz-responsive-col hrz-reponsive-order is-layout-flex wp-container-core-columns-is-layout-3f562962 wp-block-columns-is-layout-flex\" style=\"margin-top:0;margin-bottom:0;padding-top:0;padding-right:var(--wp--preset--spacing--xxl);padding-bottom:0;padding-left:var(--wp--preset--spacing--xxl)\">\n<div class=\"wp-block-column is-vertically-aligned-center is-layout-flow wp-block-column-is-layout-flow\">\n<figure class=\"wp-block-image size-large is-style-image-svg-forme-2\"><img alt=\"Wooden cabins on grassy hillside surrounded by trees\" decoding=\"async\" width=\"1024\" height=\"576\" src=\"https:\/\/www.camping-besse.com\/wp-content\/uploads\/2025\/12\/chalet-camping-bois-graviere-1024x576.webp\" alt=\"\" class=\"wp-image-32\" style=\"aspect-ratio:3\/4;object-fit:cover\" srcset=\"https:\/\/www.camping-besse.com\/wp-content\/uploads\/2025\/12\/chalet-camping-bois-graviere-1024x576.webp 1024w, https:\/\/www.camping-besse.com\/wp-content\/uploads\/2025\/12\/chalet-camping-bois-graviere-300x169.webp 300w, https:\/\/www.camping-besse.com\/wp-content\/uploads\/2025\/12\/chalet-camping-bois-graviere-768x432.webp 768w, https:\/\/www.camping-besse.com\/wp-content\/uploads\/2025\/12\/chalet-camping-bois-graviere-1440x810.webp 1440w, https:\/\/www.camping-besse.com\/wp-content\/uploads\/2025\/12\/chalet-camping-bois-graviere-1366x768.webp 1366w, https:\/\/www.camping-besse.com\/wp-content\/uploads\/2025\/12\/chalet-camping-bois-graviere-800x450.webp 800w, https:\/\/www.camping-besse.com\/wp-content\/uploads\/2025\/12\/chalet-camping-bois-graviere-640x360.webp 640w, https:\/\/www.camping-besse.com\/wp-content\/uploads\/2025\/12\/chalet-camping-bois-graviere-375x210.webp 375w, https:\/\/www.camping-besse.com\/wp-content\/uploads\/2025\/12\/chalet-camping-bois-graviere-200x112.webp 200w, https:\/\/www.camping-besse.com\/wp-content\/uploads\/2025\/12\/chalet-camping-bois-graviere-100x56.webp 100w, https:\/\/www.camping-besse.com\/wp-content\/uploads\/2025\/12\/chalet-camping-bois-graviere.webp 1600w\" sizes=\"(max-width: 1024px) 100vw, 1024px\" \/><\/figure>\n<\/div>\n\n\n\n<div class=\"wp-block-column is-vertically-aligned-center is-layout-flow wp-block-column-is-layout-flow\" style=\"padding-top:0;padding-right:0;padding-bottom:0;padding-left:0\">\n<p style=\"margin-bottom:var(--wp--preset--spacing--xxl)\">Der 4-Sterne-Campingplatz Bois de Gravi\u00e8re vermietet ganzj\u00e4hrig Stellpl\u00e4tze, auf denen Sie ein speziell f\u00fcr die Berge ausgestattetes Mobilheim aufstellen k\u00f6nnen.<br\/><br\/>Die Jahresgeb\u00fchr f\u00fcr die Vermietung eines Stellplatzes betr\u00e4gt \u20ac 3200 f\u00fcr Mobilheime mit 2 Schlafzimmern und \u20ac 3300 f\u00fcr Mobilheime mit 3 Schlafzimmern. Die Kurtaxe sowie Ihr Wasser-, Strom- und Gasverbrauch sind in diesem Preis nicht enthalten. <br\/><br\/>Bei Ihrer Ankunft wird au\u00dferdem eine Erstausstattungsgeb\u00fchr sowie eine Z\u00e4hler-Kaution verlangt.<br\/>Der Campingplatz ist von Oktober bis zu den Weihnachtsferien geschlossen.<br\/><br\/>Le <strong><a href=\"https:\/\/www.camping-besse.com\/de\/\" data-type=\"page\" data-id=\"4\">4-Sterne-Campingplatz Bois de Gravi\u00e8re in Besse<\/a><\/strong> ist ideal gelegen in der N\u00e4he des Skigebiets Super-besse und bietet Ihnen im Sommer und im Winter viele Freizeitm\u00f6glichkeiten in den Bergen.<\/p>\n<\/div>\n<\/div>\n\n<div style=\"height:var(--wp--preset--spacing--xxxxl)\" aria-hidden=\"true\" class=\"wp-block-spacer\"><\/div>\n\n<div class=\"wp-block-group alignfull hrz-galerie-1 has-global-padding is-layout-constrained wp-block-group-is-layout-constrained\">\n<div class=\"wp-block-cover alignfull hrz-galerie-1-cover\" style=\"padding-top:var(--wp--preset--spacing--xxxxxl);padding-right:var(--wp--preset--spacing--xxxxxl);padding-bottom:var(--wp--preset--spacing--xxxxxl);padding-left:var(--wp--preset--spacing--xxxxxl)\"><img alt=\"Snow-covered cabins in winter forest landscape\" decoding=\"async\" width=\"1024\" height=\"768\" class=\"wp-block-cover__image-background wp-image-265 size-full\" alt=\"\" src=\"https:\/\/www.camping-besse.com\/wp-content\/uploads\/2025\/12\/chalet-enneige.webp\" data-object-fit=\"cover\" srcset=\"https:\/\/www.camping-besse.com\/wp-content\/uploads\/2025\/12\/chalet-enneige.webp 1024w, https:\/\/www.camping-besse.com\/wp-content\/uploads\/2025\/12\/chalet-enneige-300x225.webp 300w, https:\/\/www.camping-besse.com\/wp-content\/uploads\/2025\/12\/chalet-enneige-768x576.webp 768w, https:\/\/www.camping-besse.com\/wp-content\/uploads\/2025\/12\/chalet-enneige-720x540.webp 720w, https:\/\/www.camping-besse.com\/wp-content\/uploads\/2025\/12\/chalet-enneige-320x240.webp 320w, https:\/\/www.camping-besse.com\/wp-content\/uploads\/2025\/12\/chalet-enneige-160x120.webp 160w\" sizes=\"(max-width: 1024px) 100vw, 1024px\" \/><span aria-hidden=\"true\" class=\"wp-block-cover__background has-real-black-background-color has-background-dim-40 has-background-dim\"><\/span><div class=\"wp-block-cover__inner-container has-global-padding is-layout-constrained wp-container-core-cover-is-layout-143ab919 wp-block-cover-is-layout-constrained\">\n<p class=\"has-text-align-center is-style-top-title has-background-color has-text-color has-link-color has-secondary-font-family has-xxxxl-font-size wp-elements-396422d4d21419370bf536f8dc41d855 is-style-top-title--1\" style=\"line-height:1.2\"><br\/>Dienstleistungen<\/p>\n\n\n\n<h2 class=\"wp-block-heading has-text-align-center has-background-color has-text-color has-link-color has-tertiary-font-family has-xxxxl-font-size wp-elements-6c3dd532b771352a3c9471f07031f1b5\" style=\"line-height:1\">F\u00fcr die Bewohner<\/h2>\n\n\n\n<p class=\"has-text-align-center has-real-white-color has-text-color has-link-color wp-elements-abe25a2a1fa455cdb5f3ca780f9f793a\">Inbetriebnahme und Entleerung Ihrer Anlage auf Bestellung w\u00e4hrend der \u00d6ffnungszeiten<br\/>Eine Waschk\u00fcche mit 7 kg Waschmaschine (7\u20ac). 1 W\u00e4schetrockner (2\u20ac pro 20 Minuten) w\u00e4hrend der \u00d6ffnungszeiten.<br\/>Wifi in Ihrem Mobilheim (kostenpflichtiger Service)<br\/>Gasdepot (Primagaz)<br\/>Empfang, Bar &amp; Essen zum Mitnehmen (w\u00e4hrend der Schulzeit)<br\/>Alle Einrichtungen des Campingplatzes Wellnessbereich (kostenpflichtiger Service), Schwimmbad, Spielpl\u00e4tze,<br\/>Bouleplatz, Restaurant und Bar, Animationen &amp; Dienstleistungen.<br\/>Eine lange \u00d6ffnungszeit, damit Sie die Freizeitm\u00f6glichkeiten in den Bergen nutzen k\u00f6nnen. <\/p>\n<\/div><\/div>\n<\/div>\n\n<div class=\"wp-block-group alignfull hrz-galerie-3 has-global-padding is-layout-constrained wp-container-core-group-is-layout-a700ee33 wp-block-group-is-layout-constrained\" style=\"padding-top:0;padding-right:0;padding-bottom:0;padding-left:0\">\n<div class=\"wp-block-group has-global-padding is-layout-constrained wp-container-core-group-is-layout-41c22256 wp-block-group-is-layout-constrained\" style=\"padding-right:var(--wp--preset--spacing--l);padding-left:var(--wp--preset--spacing--l)\">\n<p class=\"has-text-align-center is-style-top-title has-primary-color has-text-color has-link-color has-secondary-font-family has-xxxxl-font-size wp-elements-3cd811331f99a1a532da54517da88fd2 is-style-top-title--2\" style=\"line-height:1.2\"><br\/>Werden Sie Bewohner des PRL<\/p>\n\n\n\n<h2 class=\"wp-block-heading has-text-align-center has-secondary-color has-text-color has-link-color has-tertiary-font-family has-xxxxl-font-size wp-elements-f9a6fe8aafa4b0c08187edf14894b7bb\" style=\"line-height:1\">Feriendorf Loisirs des Jardins d&#8217;Entraigues<\/h2>\n\n\n\n<p class=\"has-text-align-center is-style-lab-p--base has-text-alt-color has-text-color has-link-color wp-elements-b57543aad3a461a2503f5f1fecab42eb\" style=\"margin-top:var(--wp--preset--spacing--s);margin-bottom:var(--wp--preset--spacing--m)\">Das <a href=\"https:\/\/www.facebook.com\/villageloisirslesjardinsdentraigues\" target=\"_blank\" rel=\"noreferrer noopener nofollow\">Freizeitdorf Les Jardins d&#8217;Entraigues<\/a> ist ein einzigartiges PRL, ein kleines Paradies zwischen dem Wasserfall von Entraigues und dem Wasserfall von Bois Chaux. Dieses PRL bietet Ihnen <a href=\"https:\/\/www.facebook.com\/villageloisirslesjardinsdentraigues\/videos\/821549878542223\" target=\"_blank\" rel=\"noreferrer noopener nofollow\">einen ganzj\u00e4hrig zug\u00e4nglichen Zweitwohnsitz<\/a> ab 55.000\u20ac.<\/p>\n\n\n\n<p class=\"has-text-align-center has-dark-color has-text-color has-link-color wp-elements-c4716f95ba81b01bdcbb08695938e40c\">Um Eigent\u00fcmer dieses PRL zu werden, m\u00fcssen Sie nur Ihre Parzelle mit einer Fl\u00e4che von 250m\u00b2 bis 300m\u00b2 ausw\u00e4hlen, die Sie als Eigentum erwerben (notarielle Urkunde), und Ihre Freizeitresidenz <a href=\"https:\/\/www.facebook.com\/villageloisirslesjardinsdentraigues\/videos\/887522338516271\" target=\"_blank\" rel=\"noreferrer noopener nofollow\">Chalet<\/a> oder <a href=\"https:\/\/www.facebook.com\/villageloisirslesjardinsdentraigues\/videos\/893875337898112\" target=\"_blank\" rel=\"noreferrer noopener nofollow\">Mobilheim<\/a> mit Bergausstattung ausw\u00e4hlen.<\/p>\n\n\n\n<p class=\"has-text-align-center is-style-lab-p--base has-text-alt-color has-text-color has-link-color wp-elements-e89d3ea1de86397499174730167fcb7d\" style=\"margin-top:var(--wp--preset--spacing--s);margin-bottom:var(--wp--preset--spacing--m)\">Mit unserer 25-j\u00e4hrigen Erfahrung bieten wir Ihnen ein qualifiziertes Team und ein schl\u00fcsselfertiges Produkt:<\/p>\n\n\n\n<p class=\"has-text-align-center\">Bestellung Ihres Mobilheims beim Lieferanten<br\/>-Einrichtung Ihres Stellplatzes, der Plattform und des Parkplatzes<br\/>-\u00dcberwachung und Empfang Ihrer Bestellung<br\/>-Einbau Ihres Mobilheims<br\/>-Kalibrierung<br\/>-Anschluss<br\/>-Viele Optionen m\u00f6glich: Klimaanlage, W\u00e4rmepumpe, Terrasse, Garage&#8230;<br\/>-M\u00f6glichkeit, Ihre Terrasse zu montieren<\/p>\n\n\n\n<p class=\"has-text-align-center is-style-top-title has-primary-color has-text-color has-link-color has-secondary-font-family has-xxxxl-font-size wp-elements-dc4a1f3a92e99ce2c261583fa43ac365 is-style-top-title--3\" style=\"line-height:1.2\"><br\/>Dienstleistungen f\u00fcr die Bewohner<\/p>\n\n\n\n<h2 class=\"wp-block-heading has-text-align-center has-secondary-color has-text-color has-link-color has-tertiary-font-family has-xxxxl-font-size wp-elements-c14d8a6e33d0aebbb87a7caf5690f870\" style=\"line-height:1\">Von der PRL Les Jardins d&#8217;Entraigues<\/h2>\n\n\n\n<p class=\"has-text-align-center\">Sicherer Zugang mit Code-Schranke<br\/>-Abwasserkanal<br\/>-Wasser- und Stromz\u00e4hler<br\/>-Drei Seiten eingez\u00e4unter Platz<br\/>-Kinderspielplatz<\/p>\n\n\n\n<p class=\"has-text-align-center\">Die Gemeinschaftsr\u00e4ume des PRL werden von der Eigent\u00fcmergemeinschaft, zu der Sie geh\u00f6ren, verwaltet, der Beitrag betr\u00e4gt ca. \u20ac 150 pro Jahr.<br\/>Die Parzellen und Chalets unterliegen der Grundsteuer von ca. \u20ac 100 pro Jahr, je nach Modell, Mobilheime unterliegen nicht der Grundsteuer.<\/p>\n\n\n\n<p class=\"has-text-align-center\">Das Projekt des PRL Les Jardins d&#8217;Entraigues umfasst 65 Stellpl\u00e4tze, es sind noch etwa 15 Stellpl\u00e4tze verf\u00fcgbar.<\/p>\n\n\n\n<p class=\"has-text-align-center\">Besuchen Sie auch unsere Facebook-Seite, wo Sie mehrere Videos und gebrauchte Mobilheime finden.<\/p>\n\n\n\n<p class=\"has-text-align-center\">F\u00fcr Preise kontaktieren Sie uns bitte unter 04.73.79.52.05.<\/p>\n<\/div>\n<\/div>\n\n<div style=\"height:var(--wp--preset--spacing--xxxxl)\" aria-hidden=\"true\" class=\"wp-block-spacer\"><\/div>\n","protected":false},"excerpt":{"rendered":"<p>Einwohner werden in der N\u00e4he von Super-Besse Auf dem Campingplatz 4 Sterne Bois de Gravi\u00e8re Der 4-Sterne-Campingplatz Bois de Gravi\u00e8re vermietet ganzj\u00e4hrig Stellpl\u00e4tze, auf denen Sie ein speziell f\u00fcr die Berge ausgestattetes Mobilheim aufstellen k\u00f6nnen. Die Jahresgeb\u00fchr f\u00fcr die Vermietung eines Stellplatzes betr\u00e4gt \u20ac 3200 f\u00fcr Mobilheime mit 2 Schlafzimmern und \u20ac 3300 f\u00fcr Mobilheime [&hellip;]<\/p>\n","protected":false},"author":1,"featured_media":0,"parent":0,"menu_order":0,"comment_status":"closed","ping_status":"closed","template":"page-no-title","meta":{"_acf_changed":false,"_seopress_robots_primary_cat":"","_seopress_titles_title":"Resident werden auf dem Campingplatz Super-Besse | Jahresmiete f\u00fcr Stellpl\u00e4tze","_seopress_titles_desc":"Werden Sie Bewohner des 4-Sterne-Campingplatzes Bois de Gravi\u00e8re: Mieten Sie einen Jahresplatz ab 3.200\u20ac f\u00fcr ein Mobilheim mit Bergausstattung in Super-Besse.","_seopress_robots_index":"","footnotes":""},"class_list":["post-2296","page","type-page","status-publish","hentry"],"acf":[],"_links":{"self":[{"href":"https:\/\/www.camping-besse.com\/de\/wp-json\/wp\/v2\/pages\/2296","targetHints":{"allow":["GET"]}}],"collection":[{"href":"https:\/\/www.camping-besse.com\/de\/wp-json\/wp\/v2\/pages"}],"about":[{"href":"https:\/\/www.camping-besse.com\/de\/wp-json\/wp\/v2\/types\/page"}],"author":[{"embeddable":true,"href":"https:\/\/www.camping-besse.com\/de\/wp-json\/wp\/v2\/users\/1"}],"replies":[{"embeddable":true,"href":"https:\/\/www.camping-besse.com\/de\/wp-json\/wp\/v2\/comments?post=2296"}],"version-history":[{"count":2,"href":"https:\/\/www.camping-besse.com\/de\/wp-json\/wp\/v2\/pages\/2296\/revisions"}],"predecessor-version":[{"id":2306,"href":"https:\/\/www.camping-besse.com\/de\/wp-json\/wp\/v2\/pages\/2296\/revisions\/2306"}],"wp:attachment":[{"href":"https:\/\/www.camping-besse.com\/de\/wp-json\/wp\/v2\/media?parent=2296"}],"curies":[{"name":"wp","href":"https:\/\/api.w.org\/{rel}","templated":true}]}}