{"id":1649,"date":"2025-12-31T11:33:53","date_gmt":"2025-12-31T10:33:53","guid":{"rendered":"https:\/\/www.camping-besse.com\/mobile-homes\/"},"modified":"2026-03-23T09:15:50","modified_gmt":"2026-03-23T08:15:50","slug":"mobile-homes","status":"publish","type":"page","link":"https:\/\/www.camping-besse.com\/en\/mobile-homes\/","title":{"rendered":"Mobile homes"},"content":{"rendered":"\n<div class=\"wp-block-cover alignfull has-custom-content-position is-position-bottom-center has-aspect-ratio\" style=\"margin-top:0;margin-bottom:0;padding-top:var(--wp--preset--spacing--xxxxl);padding-right:0;padding-bottom:0;padding-left:0;aspect-ratio:16\/9;min-height:unset;\"><img alt=\"White blossoms with cabins in sunny countryside\" decoding=\"async\" width=\"1920\" height=\"1080\" class=\"wp-block-cover__image-background wp-image-1247 size-16\/9_1920x1080_desktop\" alt=\"\" src=\"https:\/\/www.camping-besse.com\/wp-content\/uploads\/2026\/01\/hebergements-camping-auvergne-1920x1080.webp\" style=\"object-position:49% 95%\" data-object-fit=\"cover\" data-object-position=\"49% 95%\" srcset=\"https:\/\/www.camping-besse.com\/wp-content\/uploads\/2026\/01\/hebergements-camping-auvergne-1920x1080.webp 1920w, https:\/\/www.camping-besse.com\/wp-content\/uploads\/2026\/01\/hebergements-camping-auvergne-1440x810.webp 1440w, https:\/\/www.camping-besse.com\/wp-content\/uploads\/2026\/01\/hebergements-camping-auvergne-1366x768.webp 1366w, https:\/\/www.camping-besse.com\/wp-content\/uploads\/2026\/01\/hebergements-camping-auvergne-1024x576.webp 1024w, https:\/\/www.camping-besse.com\/wp-content\/uploads\/2026\/01\/hebergements-camping-auvergne-800x450.webp 800w, https:\/\/www.camping-besse.com\/wp-content\/uploads\/2026\/01\/hebergements-camping-auvergne-640x360.webp 640w, https:\/\/www.camping-besse.com\/wp-content\/uploads\/2026\/01\/hebergements-camping-auvergne-375x210.webp 375w, https:\/\/www.camping-besse.com\/wp-content\/uploads\/2026\/01\/hebergements-camping-auvergne-200x112.webp 200w, https:\/\/www.camping-besse.com\/wp-content\/uploads\/2026\/01\/hebergements-camping-auvergne-100x56.webp 100w\" sizes=\"(max-width: 1920px) 100vw, 1920px\" \/><span aria-hidden=\"true\" class=\"wp-block-cover__background has-background-dim-0 has-background-dim\"><\/span><div class=\"wp-block-cover__inner-container is-layout-flow wp-block-cover-is-layout-flow\">\n<figure class=\"wp-block-image size-full hrz-tampon-haut\"><img alt=\"Auvergne Rh\u00f4ne-Alpes circular stamp logo\" decoding=\"async\" width=\"243\" height=\"243\" src=\"https:\/\/www.camping-besse.com\/wp-content\/uploads\/2025\/12\/tampon-beige.png\" alt=\"\" class=\"wp-image-220\" srcset=\"https:\/\/www.camping-besse.com\/wp-content\/uploads\/2025\/12\/tampon-beige.png 243w, https:\/\/www.camping-besse.com\/wp-content\/uploads\/2025\/12\/tampon-beige-150x150.png 150w, https:\/\/www.camping-besse.com\/wp-content\/uploads\/2025\/12\/tampon-beige-200x200.png 200w, https:\/\/www.camping-besse.com\/wp-content\/uploads\/2025\/12\/tampon-beige-100x100.png 100w\" sizes=\"(max-width: 243px) 100vw, 243px\" \/><\/figure>\n\n\n\n<div class=\"wp-block-group hrz-hero-5-content is-layout-flow wp-container-core-group-is-layout-911427bc wp-block-group-is-layout-flow\" style=\"margin-top:0;margin-bottom:0;padding-top:0;padding-right:var(--wp--preset--spacing--xxl);padding-bottom:0;padding-left:var(--wp--preset--spacing--xxl)\">\n<a href=\"https:\/\/www.camping-besse.com\/en\/\" target=\"_self\" data-link=\"true\"><div class=\"wp-block-group is-layout-flow wp-block-group-is-layout-flow\" data-link=\"https:\/\/www.camping-besse.com\/\" data-target=\"_self\">\n<figure class=\"wp-block-image aligncenter size-full\" style=\"margin-top:0;margin-bottom:0\"><img alt=\"Bois de Gravi\u00e8re circular mountain landscape logo\" decoding=\"async\" width=\"177\" height=\"240\" src=\"https:\/\/www.camping-besse.com\/wp-content\/uploads\/2025\/12\/logo-bois-de-graviere.png\" alt=\"\" class=\"wp-image-38\"\/><\/figure>\n<\/div><\/a>\n<\/div>\n\n\n\n<div style=\"height:var(--wp--preset--spacing--xxxxl)\" aria-hidden=\"true\" class=\"wp-block-spacer\"><\/div>\n\n\n\n<div style=\"height:var(--wp--preset--spacing--xxxxl)\" aria-hidden=\"true\" class=\"wp-block-spacer\"><\/div>\n\n\n\n<div style=\"height:var(--wp--preset--spacing--xxxxl)\" aria-hidden=\"true\" class=\"wp-block-spacer\"><\/div>\n\n\n\n<figure class=\"wp-block-image alignfull size-full hrz-elipse\"><img alt=\"\" decoding=\"async\" src=\"https:\/\/www.camping-besse.com\/wp-content\/uploads\/2025\/12\/elipse.svg\" alt=\"\" class=\"wp-image-223\"\/><\/figure>\n<\/div><\/div>\n\n\n<div style=\"padding-left:var(--wp--preset--spacing--s);padding-top:var(--wp--preset--spacing--s);padding-bottom:var(--wp--preset--spacing--s);\" class=\"alignfull wp-elements-5cd3591c1ade14a972751d58f754b855 wp-block-wpseopress-breadcrumbs has-text-color has-primary-color\"><nav  aria-label=\"breadcrumb\"><ol class=\"breadcrumb\" itemscope itemtype=\"https:\/\/schema.org\/BreadcrumbList\"><li class=\"breadcrumb-item active\" aria-current=\"page\" itemprop=\"itemListElement\" itemscope itemtype=\"https:\/\/schema.org\/ListItem\"><span itemprop=\"name\">Camping \u00e0 Super-Besse<\/span><meta itemprop=\"position\" content=\"1\"><\/li><\/ol><\/nav><\/div>\n\n\n<div class=\"wp-block-group alignfull has-global-padding is-layout-constrained wp-block-group-is-layout-constrained\">\n<div class=\"wp-block-columns alignfull is-layout-flex wp-container-core-columns-is-layout-28f84493 wp-block-columns-is-layout-flex\">\n<div class=\"wp-block-column is-layout-flow wp-block-column-is-layout-flow\">\n<h1 class=\"wp-block-heading has-text-align-center has-primary-color has-text-color has-link-color wp-elements-b53b9b38e6ccd18925f26a184f1c86b6\">Mobile home rentals near Super-Besse<\/h1>\n\n\n\n<p class=\"has-text-align-center has-secondary-color has-text-color has-link-color has-tertiary-font-family has-xxxxxl-font-size wp-elements-d5787707acb3e225db51b1793e01f191\">Comfortable accommodations<\/p>\n<\/div>\n<\/div>\n<\/div>\n\n\n\n<div class=\"wp-block-group alignfull hrz-galerie-3 has-global-padding is-layout-constrained wp-container-core-group-is-layout-a700ee33 wp-block-group-is-layout-constrained\" style=\"padding-top:0;padding-right:0;padding-bottom:0;padding-left:0\">\n<div class=\"wp-block-group has-global-padding is-layout-constrained wp-container-core-group-is-layout-41c22256 wp-block-group-is-layout-constrained\" style=\"padding-right:var(--wp--preset--spacing--l);padding-left:var(--wp--preset--spacing--l)\">\n<p class=\"has-text-align-center is-style-lab-p--base has-text-alt-color has-text-color has-link-color wp-elements-bf9f497b4b1b01fc6c074c095059da8c\" style=\"margin-top:var(--wp--preset--spacing--s);margin-bottom:var(--wp--preset--spacing--m)\"><br>Welcome to our <strong><a href=\"https:\/\/www.camping-besse.com\/en\/\" data-type=\"page\" data-id=\"4\">campsite near Super-Besse<\/a><\/strong>nestled in the heart of the Parc des Volcans d&#8217;Auvergne in the Puy-de-D\u00f4me region, where pure air and volcanic landscapes invite you to relax and enjoy adventure. If you&#8217;re looking for accommodation that combines comfort and closeness to nature, our mobile homes are for you. Discover how renting a mobile home in Clermont-Ferrand can turn your vacation into an unforgettable experience.  <br>(we&#8217;re not really in Clermont Ferrand)<\/p>\n<\/div>\n<\/div>\n\n\n\n<div class=\"wp-block-group alignwide has-global-padding is-layout-constrained wp-block-group-is-layout-constrained\">\n\t<div class=\"alignfull is-layout-flow wp-block-hrz-blocks-query-camping-rest-is-layout-flow\">\n\t\t<ul class=\"hebergement-listing \">\n\t\t\t<style>:root { --query-color: var(--wp--preset--color--secondary); }<\/style>\t\t\t\t<li class=\"swiper-slide\">\n\t\t\t\t\t<div class=\"wp-block-group card-gamme is-style-default is-style-relative\"\n\t\t\t\t\t\t\t\t\t\t\t\t>\n\t\t\t\t\t\t<div class=\"wp-block-group thumbnail-image\">\n\t\t\t\t\t\t\t<a href=\"https:\/\/www.camping-besse.com\/en\/hebergements\/mobil-home-modulo-duo-27-m%c2%b2-15m%c2%b2-terrace\/\" title=\"Mobil Home Modulo Duo 27 m\u00b2 + 15m\u00b2 terrace\">\n\t\t\t\t\t\t\t\t<figure class=\"wp-block-image alignfull size-large\" style=\"margin:0;\">\n\t\t\t\t\t\t\t\t\t<img decoding=\"async\" src=\"https:\/\/www.camping-besse.com\/wp-content\/uploads\/2026\/01\/00001143757-1024x651.jpg\"\n\t\t\t\t\t\t\t\t\t\talt=\"Mobil Home Modulo Duo 27 m\u00b2 + 15m\u00b2 terrace\" \/>\n\t\t\t\t\t\t\t\t<\/figure>\n\t\t\t\t\t\t\t\t<div class=\"full\">\n\t\t\t\t\t\t\t\t\t<p class=\"text\">Disponible \u00e0 d&#8217;autres dates<\/p>\n\t\t\t\t\t\t\t\t<\/div>\n\t\t\t\t\t\t\t<\/a>\n\t\t\t\t\t\t<\/div>\n\n\n\t\t\t\t\t\t<div class=\"wp-block-group has-white-background-color has-background card-content\">\n\t\t\t\t\t\t\t<div class=\"wp-block-group content\">\n\t\t\t\t\t\t\t\t<h3 class=\"wp-block-heading has-secondary-color has-link-color has-secondary-color\">\n\t\t\t\t\t\t\t\t\tMobil Home Modulo Duo 27 m\u00b2 + 15m\u00b2 terrace\t\t\t\t\t\t\t\t<\/h3>\n\n\t\t\t\t\t\t\t\t\t\t\t\t\t\t\t<\/div>\n\n\t\t\t\t\t\t\t<div class=\"wp-block-group card-price has-background\">\n\t\t\t\t\t\t\t\t<div class=\"loader\">\n\t\t\t\t\t\t\t\t\t<span class=\"dot\"><\/span>\n\t\t\t\t\t\t\t\t\t<span class=\"dot\"><\/span>\n\t\t\t\t\t\t\t\t\t<span class=\"dot\"><\/span>\n\t\t\t\t\t\t\t\t<\/div>\n\t\t\t\t\t\t\t\t<div class=\"booking_default\">\n\t\t\t\t\t\t\t\t\t<p class=\"has-text-align-right\">From<\/p>\n\n\t\t\t\t\t\t\t\t\t<p class=\"has-text-align-right booking_price has-secondary-font-family\"><\/p>\n\t\t\t\t\t\t\t\t\t<p class=\"has-text-align-right booking_no_discount has-secondary-font-family\"><\/p>\n\n\t\t\t\t\t\t\t\t\t<p class=\"has-text-align-right dates\">\n\t\t\t\t\t\t\t\t\t\tDu <span class=\"start\"><\/span> au <span class=\"end\"><\/span>\t\t\t\t\t\t\t\t\t<\/p>\n\t\t\t\t\t\t\t\t<\/div>\n\t\t\t\t\t\t\t\t<div class=\"wp-block-group booking_alt\">\n\t\t\t\t\t\t\t\t\t<p class=\"booking_alt_text\">Disponible \u00e0 d&#8217;autres dates<\/p>\n\t\t\t\t\t\t\t\t\t<div class=\"booking_alt_content\">\n\t\t\t\t\t\t\t\t\t<\/div>\n\t\t\t\t\t\t\t\t<\/div>\n\t\t\t\t\t\t\t<\/div>\n\t\t\t\t\t\t<\/div>\n\n\t\t\t\t\t\t<div class=\"wp-block-buttons has-custom-font-size has-l-font-size\">\n\t\t\t\t\t\t\t<div\n\t\t\t\t\t\t\t\tclass=\"wp-block-button has-custom-width wp-block-button__width-100 has-custom-font-size booking-btn has-secondary-font-family\">\n\t\t\t\t\t\t\t\t<a href=\"https:\/\/www.camping-besse.com\/en\/hebergements\/mobil-home-modulo-duo-27-m%c2%b2-15m%c2%b2-terrace\/\"\n\t\t\t\t\t\t\t\t\tclass=\"wp-block-button__link has-white-color has-text-color has-background has-link-color has-text-align-center wp-element-button\">\n\t\t\t\t\t\t\t\t\tDiscover\t\t\t\t\t\t\t\t<\/a>\n\t\t\t\t\t\t\t<\/div>\n\t\t\t\t\t\t<\/div>\n\t\t\t\t\t\t<div class=\"booking_last\">\n\t\t\t\t\t\t\t<p class=\"booking_last_content\">\n\t\t\t\t\t\t\t\tMore than <span class=\"booking_last_value\"><\/span> <br> available\t\t\t\t\t\t\t<\/p>\n\t\t\t\t\t\t<\/div>\n\t\t\t\t\t\t<div class=\"booking_exclusive is-style-hover-image-effect\"><\/div>\n\t\t\t\t\t<\/div>\n\t\t\t\t<\/li>\n\n\t\t\t\t\t\t\t<li class=\"swiper-slide\">\n\t\t\t\t\t<div class=\"wp-block-group card-gamme is-style-default is-style-relative\"\n\t\t\t\t\t\t\t\t\t\t\t\t>\n\t\t\t\t\t\t<div class=\"wp-block-group thumbnail-image\">\n\t\t\t\t\t\t\t<a href=\"https:\/\/www.camping-besse.com\/en\/hebergements\/mobile-home-santa-fe-loisir-30m%c2%b2-2-bedrooms\/\" title=\"Mobile Home Santa F\u00e9 Loisir 30m\u00b2 (2 bedrooms)\">\n\t\t\t\t\t\t\t\t<figure class=\"wp-block-image alignfull size-large\" style=\"margin:0;\">\n\t\t\t\t\t\t\t\t\t<img decoding=\"async\" src=\"https:\/\/www.camping-besse.com\/wp-content\/uploads\/2026\/01\/00000309836-1024x768.jpg\"\n\t\t\t\t\t\t\t\t\t\talt=\"Mobile Home Santa F\u00e9 Loisir 30m\u00b2 (2 bedrooms)\" \/>\n\t\t\t\t\t\t\t\t<\/figure>\n\t\t\t\t\t\t\t\t<div class=\"full\">\n\t\t\t\t\t\t\t\t\t<p class=\"text\">Disponible \u00e0 d&#8217;autres dates<\/p>\n\t\t\t\t\t\t\t\t<\/div>\n\t\t\t\t\t\t\t<\/a>\n\t\t\t\t\t\t<\/div>\n\n\n\t\t\t\t\t\t<div class=\"wp-block-group has-white-background-color has-background card-content\">\n\t\t\t\t\t\t\t<div class=\"wp-block-group content\">\n\t\t\t\t\t\t\t\t<h3 class=\"wp-block-heading has-secondary-color has-link-color has-secondary-color\">\n\t\t\t\t\t\t\t\t\tMobile Home Santa F\u00e9 Loisir 30m\u00b2 (2 bedrooms)\t\t\t\t\t\t\t\t<\/h3>\n\n\t\t\t\t\t\t\t\t\t\t\t\t\t\t\t<\/div>\n\n\t\t\t\t\t\t\t<div class=\"wp-block-group card-price has-background\">\n\t\t\t\t\t\t\t\t<div class=\"loader\">\n\t\t\t\t\t\t\t\t\t<span class=\"dot\"><\/span>\n\t\t\t\t\t\t\t\t\t<span class=\"dot\"><\/span>\n\t\t\t\t\t\t\t\t\t<span class=\"dot\"><\/span>\n\t\t\t\t\t\t\t\t<\/div>\n\t\t\t\t\t\t\t\t<div class=\"booking_default\">\n\t\t\t\t\t\t\t\t\t<p class=\"has-text-align-right\">From<\/p>\n\n\t\t\t\t\t\t\t\t\t<p class=\"has-text-align-right booking_price has-secondary-font-family\"><\/p>\n\t\t\t\t\t\t\t\t\t<p class=\"has-text-align-right booking_no_discount has-secondary-font-family\"><\/p>\n\n\t\t\t\t\t\t\t\t\t<p class=\"has-text-align-right dates\">\n\t\t\t\t\t\t\t\t\t\tDu <span class=\"start\"><\/span> au <span class=\"end\"><\/span>\t\t\t\t\t\t\t\t\t<\/p>\n\t\t\t\t\t\t\t\t<\/div>\n\t\t\t\t\t\t\t\t<div class=\"wp-block-group booking_alt\">\n\t\t\t\t\t\t\t\t\t<p class=\"booking_alt_text\">Disponible \u00e0 d&#8217;autres dates<\/p>\n\t\t\t\t\t\t\t\t\t<div class=\"booking_alt_content\">\n\t\t\t\t\t\t\t\t\t<\/div>\n\t\t\t\t\t\t\t\t<\/div>\n\t\t\t\t\t\t\t<\/div>\n\t\t\t\t\t\t<\/div>\n\n\t\t\t\t\t\t<div class=\"wp-block-buttons has-custom-font-size has-l-font-size\">\n\t\t\t\t\t\t\t<div\n\t\t\t\t\t\t\t\tclass=\"wp-block-button has-custom-width wp-block-button__width-100 has-custom-font-size booking-btn has-secondary-font-family\">\n\t\t\t\t\t\t\t\t<a href=\"https:\/\/www.camping-besse.com\/en\/hebergements\/mobile-home-santa-fe-loisir-30m%c2%b2-2-bedrooms\/\"\n\t\t\t\t\t\t\t\t\tclass=\"wp-block-button__link has-white-color has-text-color has-background has-link-color has-text-align-center wp-element-button\">\n\t\t\t\t\t\t\t\t\tDiscover\t\t\t\t\t\t\t\t<\/a>\n\t\t\t\t\t\t\t<\/div>\n\t\t\t\t\t\t<\/div>\n\t\t\t\t\t\t<div class=\"booking_last\">\n\t\t\t\t\t\t\t<p class=\"booking_last_content\">\n\t\t\t\t\t\t\t\tMore than <span class=\"booking_last_value\"><\/span> <br> available\t\t\t\t\t\t\t<\/p>\n\t\t\t\t\t\t<\/div>\n\t\t\t\t\t\t<div class=\"booking_exclusive is-style-hover-image-effect\"><\/div>\n\t\t\t\t\t<\/div>\n\t\t\t\t<\/li>\n\n\t\t\t\t\t\t\t<li class=\"swiper-slide\">\n\t\t\t\t\t<div class=\"wp-block-group card-gamme is-style-default is-style-relative\"\n\t\t\t\t\t\t\t\t\t\t\t\t>\n\t\t\t\t\t\t<div class=\"wp-block-group thumbnail-image\">\n\t\t\t\t\t\t\t<a href=\"https:\/\/www.camping-besse.com\/en\/hebergements\/mobil-home-malaga-25-m%c2%b2-8m%c2%b2-semi-covered-terrace\/\" title=\"Mobil Home Malaga 25 m\u00b2 + 8m\u00b2 semi-covered terrace\">\n\t\t\t\t\t\t\t\t<figure class=\"wp-block-image alignfull size-large\" style=\"margin:0;\">\n\t\t\t\t\t\t\t\t\t<img decoding=\"async\" src=\"https:\/\/www.camping-besse.com\/wp-content\/uploads\/2026\/01\/00001196620.png\"\n\t\t\t\t\t\t\t\t\t\talt=\"Mobil Home Malaga 25 m\u00b2 + 8m\u00b2 semi-covered terrace\" \/>\n\t\t\t\t\t\t\t\t<\/figure>\n\t\t\t\t\t\t\t\t<div class=\"full\">\n\t\t\t\t\t\t\t\t\t<p class=\"text\">Disponible \u00e0 d&#8217;autres dates<\/p>\n\t\t\t\t\t\t\t\t<\/div>\n\t\t\t\t\t\t\t<\/a>\n\t\t\t\t\t\t<\/div>\n\n\n\t\t\t\t\t\t<div class=\"wp-block-group has-white-background-color has-background card-content\">\n\t\t\t\t\t\t\t<div class=\"wp-block-group content\">\n\t\t\t\t\t\t\t\t<h3 class=\"wp-block-heading has-secondary-color has-link-color has-secondary-color\">\n\t\t\t\t\t\t\t\t\tMobil Home Malaga 25 m\u00b2 + 8m\u00b2 semi-covered terrace\t\t\t\t\t\t\t\t<\/h3>\n\n\t\t\t\t\t\t\t\t\t\t\t\t\t\t\t<\/div>\n\n\t\t\t\t\t\t\t<div class=\"wp-block-group card-price has-background\">\n\t\t\t\t\t\t\t\t<div class=\"loader\">\n\t\t\t\t\t\t\t\t\t<span class=\"dot\"><\/span>\n\t\t\t\t\t\t\t\t\t<span class=\"dot\"><\/span>\n\t\t\t\t\t\t\t\t\t<span class=\"dot\"><\/span>\n\t\t\t\t\t\t\t\t<\/div>\n\t\t\t\t\t\t\t\t<div class=\"booking_default\">\n\t\t\t\t\t\t\t\t\t<p class=\"has-text-align-right\">From<\/p>\n\n\t\t\t\t\t\t\t\t\t<p class=\"has-text-align-right booking_price has-secondary-font-family\"><\/p>\n\t\t\t\t\t\t\t\t\t<p class=\"has-text-align-right booking_no_discount has-secondary-font-family\"><\/p>\n\n\t\t\t\t\t\t\t\t\t<p class=\"has-text-align-right dates\">\n\t\t\t\t\t\t\t\t\t\tDu <span class=\"start\"><\/span> au <span class=\"end\"><\/span>\t\t\t\t\t\t\t\t\t<\/p>\n\t\t\t\t\t\t\t\t<\/div>\n\t\t\t\t\t\t\t\t<div class=\"wp-block-group booking_alt\">\n\t\t\t\t\t\t\t\t\t<p class=\"booking_alt_text\">Disponible \u00e0 d&#8217;autres dates<\/p>\n\t\t\t\t\t\t\t\t\t<div class=\"booking_alt_content\">\n\t\t\t\t\t\t\t\t\t<\/div>\n\t\t\t\t\t\t\t\t<\/div>\n\t\t\t\t\t\t\t<\/div>\n\t\t\t\t\t\t<\/div>\n\n\t\t\t\t\t\t<div class=\"wp-block-buttons has-custom-font-size has-l-font-size\">\n\t\t\t\t\t\t\t<div\n\t\t\t\t\t\t\t\tclass=\"wp-block-button has-custom-width wp-block-button__width-100 has-custom-font-size booking-btn has-secondary-font-family\">\n\t\t\t\t\t\t\t\t<a href=\"https:\/\/www.camping-besse.com\/en\/hebergements\/mobil-home-malaga-25-m%c2%b2-8m%c2%b2-semi-covered-terrace\/\"\n\t\t\t\t\t\t\t\t\tclass=\"wp-block-button__link has-white-color has-text-color has-background has-link-color has-text-align-center wp-element-button\">\n\t\t\t\t\t\t\t\t\tDiscover\t\t\t\t\t\t\t\t<\/a>\n\t\t\t\t\t\t\t<\/div>\n\t\t\t\t\t\t<\/div>\n\t\t\t\t\t\t<div class=\"booking_last\">\n\t\t\t\t\t\t\t<p class=\"booking_last_content\">\n\t\t\t\t\t\t\t\tMore than <span class=\"booking_last_value\"><\/span> <br> available\t\t\t\t\t\t\t<\/p>\n\t\t\t\t\t\t<\/div>\n\t\t\t\t\t\t<div class=\"booking_exclusive is-style-hover-image-effect\"><\/div>\n\t\t\t\t\t<\/div>\n\t\t\t\t<\/li>\n\n\t\t\t\t\t<\/ul>\n\n\t<\/div>\n\n<\/div>\n\n\n\n<div class=\"wp-block-group alignfull hrz-galerie-3 has-global-padding is-layout-constrained wp-container-core-group-is-layout-a700ee33 wp-block-group-is-layout-constrained\" style=\"padding-top:0;padding-right:0;padding-bottom:0;padding-left:0\">\n<div class=\"wp-block-group has-global-padding is-layout-constrained wp-container-core-group-is-layout-41c22256 wp-block-group-is-layout-constrained\" style=\"padding-right:var(--wp--preset--spacing--l);padding-left:var(--wp--preset--spacing--l)\">\n<p class=\"has-text-align-center is-style-top-title has-primary-color has-text-color has-link-color has-secondary-font-family has-xxxxl-font-size wp-elements-b36ee3bf86b851e069ac846b6c997fcf is-style-top-title--1\" style=\"line-height:1.2\"><br>Rent a mobile home in Clermont-Ferrand<\/p>\n\n\n\n<h2 class=\"wp-block-heading has-text-align-center has-secondary-color has-text-color has-link-color has-tertiary-font-family has-xxxxl-font-size wp-elements-53b0f0f444dfcfda0f2eb3e15c2cd47b\" style=\"line-height:1\">In Puy-de-D\u00f4me<\/h2>\n\n\n\n<p class=\"has-text-align-center is-style-lab-p--base has-text-alt-color has-text-color has-link-color wp-elements-1fca175dddbb736d13169940b84baa4e\" style=\"margin-top:var(--wp--preset--spacing--s);margin-bottom:var(--wp--preset--spacing--m)\"><br>  The &#8220;Bois de Gravi\u00e8re&#8221; campsite is ideally located at the foot of the Puy de Sancy near Clermont-Ferrand, offering easy access to the natural and cultural treasures of our beautiful Auvergne region. Our mobile homes are designed to offer you all the comfort you need after a day of exploration. Imagine returning from a hike on the volcanic trails to a warm and welcoming space where you can relax in peace and quiet. Each mobile home is equipped to meet your every need, with a functional kitchen, comfortable bedrooms and a terrace where you can enjoy the warm summer evenings.   <\/p>\n\n\n\n<p class=\"has-text-align-center is-style-top-title has-primary-color has-text-color has-link-color has-secondary-font-family has-xxxxl-font-size wp-elements-70d5f2f46f3af04b4d23c7065b723032 is-style-top-title--2\" style=\"line-height:1.2\">Discover our<\/p>\n\n\n\n<h2 class=\"wp-block-heading has-text-align-center has-secondary-color has-text-color has-link-color has-tertiary-font-family has-xxxxl-font-size wp-elements-bf8795b93e242ac40b56d2679f3756ef\" style=\"line-height:1\">Full range of mobile homes<\/h2>\n\n\n\n<p class=\"has-text-align-center\">At &#8220;Bois de Gravi\u00e8re&#8221;, we know that every family is unique, which is why we offer a wide range of mobile homes to suit your specific needs. Whether you&#8217;re traveling as a couple, a family or with friends, you&#8217;ll find the right accommodation for you. Our mobile homes can accommodate from two to nine people, with various configurations to guarantee your comfort. You&#8217;ll appreciate the bright, well-appointed living spaces, perfect for sharing convivial moments. What&#8217;s more, each mobile home has its own private terrace, ideal for enjoying breakfast al fresco or dinner under the stars.    <\/p>\n\n\n\n<p class=\"has-text-align-center is-style-top-title has-primary-color has-text-color has-link-color has-secondary-font-family has-xxxxl-font-size wp-elements-ddc551c69e69a71ecb2f20a49ce53b19 is-style-top-title--3\" style=\"line-height:1.2\">Choose a mobile home in Clermont-Ferrand<\/p>\n\n\n\n<h2 class=\"wp-block-heading has-text-align-center has-secondary-color has-text-color has-link-color has-tertiary-font-family has-xxxxl-font-size wp-elements-dc1e5bb2330ea48d023ec2b063ee0561\" style=\"line-height:1\">For comfortable vacations<\/h2>\n\n\n\n<p class=\"has-text-align-center\">Choosing a mobile home at the &#8220;Bois de Gravi\u00e8re&#8221; campsite means opting for a carefree vacation. All you have to do is put down your suitcases and enjoy the moment. Our mobile homes are equipped with everything you need to feel at home: fully-equipped kitchens, modern bathrooms and comfortable bedding. What&#8217;s more, our campsite offers a host of services to enhance your stay: heated swimming pool, children&#8217;s playground and, in season, entertainment for all ages. You can also take advantage of our takeaway service to discover local specialities without having to leave the campsite.    <\/p>\n\n\n\n<p class=\"has-text-align-center is-style-top-title has-primary-color has-text-color has-link-color has-secondary-font-family has-xxxxl-font-size wp-elements-254fc52829a72f67e043fbbbe4be5db1 is-style-top-title--4\" style=\"line-height:1.2\">Our different types of accommodation<\/p>\n\n\n\n<h2 class=\"wp-block-heading has-text-align-center has-secondary-color has-text-color has-link-color has-tertiary-font-family has-xxxxl-font-size wp-elements-0297f93001d90028a4f1d7f2688a909a\" style=\"line-height:1\">In Clermont-Ferrand in the Puy-de-D\u00f4me department<\/h2>\n\n\n\n<p class=\"has-text-align-center\">In addition to our mobile homes, the &#8220;Bois de Gravi\u00e8re&#8221; campsite offers a variety of accommodation to suit all tastes. Whether you&#8217;re a fan of traditional camping or prefer the comfort of a chalet, we&#8217;ve got just what you&#8217;re looking for. For nature lovers, our spacious, shaded campsites let you pitch your tent or park your caravan in a lush green setting. If you&#8217;re looking for a more unusual experience, our tent lodges offer total immersion in nature with all modern comforts.   <\/p>\n\n\n\n<p class=\"has-text-align-center\">In conclusion, the &#8220;Bois de Gravi\u00e8re&#8221; campsite is the ideal place to discover the Puy-de-D\u00f4me and the Cha\u00eene des Puys while enjoying comfortable, well-equipped accommodation. Our mobile homes give you the freedom to enjoy your vacation at your own pace, with the opportunity to recharge your batteries in an exceptional natural setting. So don&#8217;t wait any longer to book your stay and come and experience unforgettable moments in Clermont-Ferrand.  <\/p>\n<\/div>\n<\/div>\n\n\n\n<p><\/p>\n","protected":false},"excerpt":{"rendered":"<p>Mobile home rentals near Super-Besse Comfortable accommodations Welcome to our campsite near Super-Bessenestled in the heart of the Parc des Volcans d&#8217;Auvergne in the Puy-de-D\u00f4me region, where pure air and volcanic landscapes invite you to relax and enjoy adventure. If you&#8217;re looking for accommodation that combines comfort and closeness to nature, our mobile homes are [&hellip;]<\/p>\n","protected":false},"author":1,"featured_media":0,"parent":0,"menu_order":0,"comment_status":"closed","ping_status":"closed","template":"page-no-title","meta":{"_acf_changed":false,"_seopress_robots_primary_cat":"","_seopress_titles_title":"Mobil-home rental Super-Besse | Mobil-homes from 2 to 9 people to rent","_seopress_titles_desc":"Rent a mobile home in Super-Besse at Camping Bois de Gravi\u00e8re: 2 to 9 people, private terrace, fully equipped kitchen and heated swimming pool in the Puy-de-D\u00f4me.","_seopress_robots_index":"","footnotes":""},"class_list":["post-1649","page","type-page","status-publish","hentry"],"acf":[],"_links":{"self":[{"href":"https:\/\/www.camping-besse.com\/en\/wp-json\/wp\/v2\/pages\/1649","targetHints":{"allow":["GET"]}}],"collection":[{"href":"https:\/\/www.camping-besse.com\/en\/wp-json\/wp\/v2\/pages"}],"about":[{"href":"https:\/\/www.camping-besse.com\/en\/wp-json\/wp\/v2\/types\/page"}],"author":[{"embeddable":true,"href":"https:\/\/www.camping-besse.com\/en\/wp-json\/wp\/v2\/users\/1"}],"replies":[{"embeddable":true,"href":"https:\/\/www.camping-besse.com\/en\/wp-json\/wp\/v2\/comments?post=1649"}],"version-history":[{"count":3,"href":"https:\/\/www.camping-besse.com\/en\/wp-json\/wp\/v2\/pages\/1649\/revisions"}],"predecessor-version":[{"id":2405,"href":"https:\/\/www.camping-besse.com\/en\/wp-json\/wp\/v2\/pages\/1649\/revisions\/2405"}],"wp:attachment":[{"href":"https:\/\/www.camping-besse.com\/en\/wp-json\/wp\/v2\/media?parent=1649"}],"curies":[{"name":"wp","href":"https:\/\/api.w.org\/{rel}","templated":true}]}}