{"id":2147,"date":"2025-12-31T11:39:19","date_gmt":"2025-12-31T10:39:19","guid":{"rendered":"https:\/\/www.camping-besse.com\/locations\/"},"modified":"2026-03-23T09:16:21","modified_gmt":"2026-03-23T08:16:21","slug":"locations","status":"publish","type":"page","link":"https:\/\/www.camping-besse.com\/en\/locations\/","title":{"rendered":"Locations"},"content":{"rendered":"\n<div class=\"wp-block-cover alignfull is-light has-custom-content-position is-position-bottom-center has-aspect-ratio\" style=\"margin-top:0;margin-bottom:0;padding-top:var(--wp--preset--spacing--xxxxl);padding-right:0;padding-bottom:0;padding-left:0;aspect-ratio:16\/9;min-height:unset;\"><img alt=\"Red car parked near winding park pathway\" decoding=\"async\" width=\"2560\" height=\"1440\" class=\"wp-block-cover__image-background wp-image-765 size-16\/9_2560x1440_desktop\" alt=\"\" src=\"https:\/\/www.camping-besse.com\/wp-content\/uploads\/2026\/01\/00000903058-2560x1440.jpg\" data-object-fit=\"cover\" srcset=\"https:\/\/www.camping-besse.com\/wp-content\/uploads\/2026\/01\/00000903058-2560x1440.jpg 2560w, https:\/\/www.camping-besse.com\/wp-content\/uploads\/2026\/01\/00000903058-1920x1080.jpg 1920w, https:\/\/www.camping-besse.com\/wp-content\/uploads\/2026\/01\/00000903058-1440x810.jpg 1440w, https:\/\/www.camping-besse.com\/wp-content\/uploads\/2026\/01\/00000903058-1366x768.jpg 1366w, https:\/\/www.camping-besse.com\/wp-content\/uploads\/2026\/01\/00000903058-1024x576.jpg 1024w, https:\/\/www.camping-besse.com\/wp-content\/uploads\/2026\/01\/00000903058-800x450.jpg 800w, https:\/\/www.camping-besse.com\/wp-content\/uploads\/2026\/01\/00000903058-640x360.jpg 640w, https:\/\/www.camping-besse.com\/wp-content\/uploads\/2026\/01\/00000903058-375x210.jpg 375w, https:\/\/www.camping-besse.com\/wp-content\/uploads\/2026\/01\/00000903058-200x112.jpg 200w, https:\/\/www.camping-besse.com\/wp-content\/uploads\/2026\/01\/00000903058-100x56.jpg 100w\" sizes=\"(max-width: 2560px) 100vw, 2560px\" \/><span aria-hidden=\"true\" class=\"wp-block-cover__background has-background-dim-0 has-background-dim\"><\/span><div class=\"wp-block-cover__inner-container is-layout-flow wp-block-cover-is-layout-flow\">\n<figure class=\"wp-block-image size-full hrz-tampon-haut\"><img alt=\"Auvergne Rh\u00f4ne-Alpes circular stamp logo\" decoding=\"async\" width=\"243\" height=\"243\" src=\"https:\/\/www.camping-besse.com\/wp-content\/uploads\/2025\/12\/tampon-beige.png\" alt=\"\" class=\"wp-image-220\" srcset=\"https:\/\/www.camping-besse.com\/wp-content\/uploads\/2025\/12\/tampon-beige.png 243w, https:\/\/www.camping-besse.com\/wp-content\/uploads\/2025\/12\/tampon-beige-150x150.png 150w, https:\/\/www.camping-besse.com\/wp-content\/uploads\/2025\/12\/tampon-beige-200x200.png 200w, https:\/\/www.camping-besse.com\/wp-content\/uploads\/2025\/12\/tampon-beige-100x100.png 100w\" sizes=\"(max-width: 243px) 100vw, 243px\" \/><\/figure>\n\n\n\n<div class=\"wp-block-group hrz-hero-5-content is-layout-flow wp-container-core-group-is-layout-911427bc wp-block-group-is-layout-flow\" style=\"margin-top:0;margin-bottom:0;padding-top:0;padding-right:var(--wp--preset--spacing--xxl);padding-bottom:0;padding-left:var(--wp--preset--spacing--xxl)\">\n<a href=\"https:\/\/www.camping-besse.com\/en\/\" target=\"_self\" data-link=\"true\"><div class=\"wp-block-group is-layout-flow wp-block-group-is-layout-flow\" data-link=\"https:\/\/www.camping-besse.com\/\" data-target=\"_self\">\n<figure class=\"wp-block-image aligncenter size-full\" style=\"margin-top:0;margin-bottom:0\"><img alt=\"Bois de Gravi\u00e8re circular mountain landscape logo\" decoding=\"async\" width=\"177\" height=\"240\" src=\"https:\/\/www.camping-besse.com\/wp-content\/uploads\/2025\/12\/logo-bois-de-graviere.png\" alt=\"\" class=\"wp-image-38\"\/><\/figure>\n<\/div><\/a>\n<\/div>\n\n\n\n<div style=\"height:var(--wp--preset--spacing--xxxxl)\" aria-hidden=\"true\" class=\"wp-block-spacer\"><\/div>\n\n\n\n<div style=\"height:var(--wp--preset--spacing--xxxxl)\" aria-hidden=\"true\" class=\"wp-block-spacer\"><\/div>\n\n\n\n<div style=\"height:var(--wp--preset--spacing--xxxxl)\" aria-hidden=\"true\" class=\"wp-block-spacer\"><\/div>\n\n\n\n<figure class=\"wp-block-image alignfull size-full hrz-elipse\"><img alt=\"\" decoding=\"async\" src=\"https:\/\/www.camping-besse.com\/wp-content\/uploads\/2025\/12\/elipse.svg\" alt=\"\" class=\"wp-image-223\"\/><\/figure>\n<\/div><\/div>\n\n\n<div style=\"padding-left:var(--wp--preset--spacing--s);padding-top:var(--wp--preset--spacing--s);padding-bottom:var(--wp--preset--spacing--s);\" class=\"alignfull wp-elements-5cd3591c1ade14a972751d58f754b855 wp-block-wpseopress-breadcrumbs has-text-color has-primary-color\"><nav  aria-label=\"breadcrumb\"><ol class=\"breadcrumb\" itemscope itemtype=\"https:\/\/schema.org\/BreadcrumbList\"><li class=\"breadcrumb-item active\" aria-current=\"page\" itemprop=\"itemListElement\" itemscope itemtype=\"https:\/\/schema.org\/ListItem\"><span itemprop=\"name\">Camping \u00e0 Super-Besse<\/span><meta itemprop=\"position\" content=\"1\"><\/li><\/ol><\/nav><\/div>\n\n\n<div class=\"wp-block-group alignfull has-global-padding is-layout-constrained wp-block-group-is-layout-constrained\">\n<div class=\"wp-block-columns alignfull is-layout-flex wp-container-core-columns-is-layout-28f84493 wp-block-columns-is-layout-flex\">\n<div class=\"wp-block-column is-layout-flow wp-block-column-is-layout-flow\">\n<h1 class=\"wp-block-heading has-text-align-center has-primary-color has-text-color has-link-color wp-elements-0e24e70e6024a2d3522c8f01bc936d29\">Campsite pitches near Super-Besse<\/h1>\n\n\n\n<p class=\"has-text-align-center has-secondary-color has-text-color has-link-color has-tertiary-font-family has-xxxxxl-font-size wp-elements-4158aa7273fae96a032ff4def1982788\">In Puy-de-D\u00f4me<\/p>\n<\/div>\n<\/div>\n<\/div>\n\n\n\n<div class=\"wp-block-group alignfull hrz-galerie-3 has-global-padding is-layout-constrained wp-container-core-group-is-layout-a700ee33 wp-block-group-is-layout-constrained\" style=\"padding-top:0;padding-right:0;padding-bottom:0;padding-left:0\">\n<div class=\"wp-block-group has-global-padding is-layout-constrained wp-container-core-group-is-layout-41c22256 wp-block-group-is-layout-constrained\" style=\"padding-right:var(--wp--preset--spacing--l);padding-left:var(--wp--preset--spacing--l)\">\n<p class=\"has-text-align-center is-style-lab-p--base has-text-alt-color has-text-color has-link-color wp-elements-2e32fa16a0c33758fc429d57abd5fa34\" style=\"margin-top:var(--wp--preset--spacing--s);margin-bottom:var(--wp--preset--spacing--m)\"><br>Welcome to the <strong><a href=\"https:\/\/www.camping-besse.com\/en\/\" data-type=\"page\" data-id=\"4\">Bois de Gravi\u00e8re&#8221; campsite in Besse<\/a><\/strong>nestled in the heart of the Parc des Volcans d&#8217;Auvergne in the Puy-de-D\u00f4me region, where every pitch is an invitation to relax and discover. Whether you&#8217;re a nature lover, a hiking enthusiast or simply looking for a peaceful place to recharge your batteries, our campsite is the ideal place to put down your bags. In this setting of simplicity and conviviality, there&#8217;s something for everyone, whether you&#8217;re staying in a tent, a caravan or a motorhome.  <\/p>\n<\/div>\n<\/div>\n\n\n\n<div class=\"wp-block-group alignwide has-global-padding is-layout-constrained wp-block-group-is-layout-constrained\">\n\t<div class=\"alignfull is-layout-flow wp-block-hrz-blocks-query-camping-rest-is-layout-flow\">\n\t\t<ul class=\"hebergement-listing \">\n\t\t\t<style>:root { --query-color: var(--wp--preset--color--secondary); }<\/style>\t\t\t\t<li class=\"swiper-slide\">\n\t\t\t\t\t<div class=\"wp-block-group card-gamme is-style-default is-style-relative\"\n\t\t\t\t\t\t\t\t\t\t\t\t>\n\t\t\t\t\t\t<div class=\"wp-block-group thumbnail-image\">\n\t\t\t\t\t\t\t<a href=\"https:\/\/www.camping-besse.com\/en\/hebergements\/pitch-tent-caravan-motor-home\/\" title=\"Pitch: tent, caravan, motor home\">\n\t\t\t\t\t\t\t\t<figure class=\"wp-block-image alignfull size-large\" style=\"margin:0;\">\n\t\t\t\t\t\t\t\t\t<img decoding=\"async\" src=\"https:\/\/www.camping-besse.com\/wp-content\/uploads\/2026\/01\/00000366406-1024x640.jpg\"\n\t\t\t\t\t\t\t\t\t\talt=\"Pitch: tent, caravan, motor home\" \/>\n\t\t\t\t\t\t\t\t<\/figure>\n\t\t\t\t\t\t\t\t<div class=\"full\">\n\t\t\t\t\t\t\t\t\t<p class=\"text\">Disponible \u00e0 d&#8217;autres dates<\/p>\n\t\t\t\t\t\t\t\t<\/div>\n\t\t\t\t\t\t\t<\/a>\n\t\t\t\t\t\t<\/div>\n\n\n\t\t\t\t\t\t<div class=\"wp-block-group has-white-background-color has-background card-content\">\n\t\t\t\t\t\t\t<div class=\"wp-block-group content\">\n\t\t\t\t\t\t\t\t<h3 class=\"wp-block-heading has-secondary-color has-link-color has-secondary-color\">\n\t\t\t\t\t\t\t\t\tPitch: tent, caravan, motor home\t\t\t\t\t\t\t\t<\/h3>\n\n\t\t\t\t\t\t\t\t\t\t\t\t\t\t\t<\/div>\n\n\t\t\t\t\t\t\t<div class=\"wp-block-group card-price has-background\">\n\t\t\t\t\t\t\t\t<div class=\"loader\">\n\t\t\t\t\t\t\t\t\t<span class=\"dot\"><\/span>\n\t\t\t\t\t\t\t\t\t<span class=\"dot\"><\/span>\n\t\t\t\t\t\t\t\t\t<span class=\"dot\"><\/span>\n\t\t\t\t\t\t\t\t<\/div>\n\t\t\t\t\t\t\t\t<div class=\"booking_default\">\n\t\t\t\t\t\t\t\t\t<p class=\"has-text-align-right\">From<\/p>\n\n\t\t\t\t\t\t\t\t\t<p class=\"has-text-align-right booking_price has-secondary-font-family\"><\/p>\n\t\t\t\t\t\t\t\t\t<p class=\"has-text-align-right booking_no_discount has-secondary-font-family\"><\/p>\n\n\t\t\t\t\t\t\t\t\t<p class=\"has-text-align-right dates\">\n\t\t\t\t\t\t\t\t\t\tDu <span class=\"start\"><\/span> au <span class=\"end\"><\/span>\t\t\t\t\t\t\t\t\t<\/p>\n\t\t\t\t\t\t\t\t<\/div>\n\t\t\t\t\t\t\t\t<div class=\"wp-block-group booking_alt\">\n\t\t\t\t\t\t\t\t\t<p class=\"booking_alt_text\">Disponible \u00e0 d&#8217;autres dates<\/p>\n\t\t\t\t\t\t\t\t\t<div class=\"booking_alt_content\">\n\t\t\t\t\t\t\t\t\t<\/div>\n\t\t\t\t\t\t\t\t<\/div>\n\t\t\t\t\t\t\t<\/div>\n\t\t\t\t\t\t<\/div>\n\n\t\t\t\t\t\t<div class=\"wp-block-buttons has-custom-font-size has-l-font-size\">\n\t\t\t\t\t\t\t<div\n\t\t\t\t\t\t\t\tclass=\"wp-block-button has-custom-width wp-block-button__width-100 has-custom-font-size booking-btn has-secondary-font-family\">\n\t\t\t\t\t\t\t\t<a href=\"https:\/\/www.camping-besse.com\/en\/hebergements\/pitch-tent-caravan-motor-home\/\"\n\t\t\t\t\t\t\t\t\tclass=\"wp-block-button__link has-white-color has-text-color has-background has-link-color has-text-align-center wp-element-button\">\n\t\t\t\t\t\t\t\t\tDiscover\t\t\t\t\t\t\t\t<\/a>\n\t\t\t\t\t\t\t<\/div>\n\t\t\t\t\t\t<\/div>\n\t\t\t\t\t\t<div class=\"booking_last\">\n\t\t\t\t\t\t\t<p class=\"booking_last_content\">\n\t\t\t\t\t\t\t\tMore than <span class=\"booking_last_value\"><\/span> <br> available\t\t\t\t\t\t\t<\/p>\n\t\t\t\t\t\t<\/div>\n\t\t\t\t\t\t<div class=\"booking_exclusive is-style-hover-image-effect\"><\/div>\n\t\t\t\t\t<\/div>\n\t\t\t\t<\/li>\n\n\t\t\t\t\t<\/ul>\n\n\t<\/div>\n\n<\/div>\n\n\n\n<div class=\"wp-block-group alignfull hrz-galerie-3 has-global-padding is-layout-constrained wp-container-core-group-is-layout-a700ee33 wp-block-group-is-layout-constrained\" style=\"padding-top:0;padding-right:0;padding-bottom:0;padding-left:0\">\n<div class=\"wp-block-group has-global-padding is-layout-constrained wp-container-core-group-is-layout-41c22256 wp-block-group-is-layout-constrained\" style=\"padding-right:var(--wp--preset--spacing--l);padding-left:var(--wp--preset--spacing--l)\">\n<p class=\"has-text-align-center is-style-top-title has-primary-color has-text-color has-link-color has-secondary-font-family has-xxxxl-font-size wp-elements-40a2065cad43cd8c1c99fec5d3836e8e is-style-top-title--1\" style=\"line-height:1.2\"><br>Rent a camping pitch<\/p>\n\n\n\n<h2 class=\"wp-block-heading has-text-align-center has-secondary-color has-text-color has-link-color has-tertiary-font-family has-xxxxl-font-size wp-elements-0297f93001d90028a4f1d7f2688a909a\" style=\"line-height:1\">In Clermont-Ferrand in the Puy-de-D\u00f4me department<\/h2>\n\n\n\n<p class=\"has-text-align-center is-style-lab-p--base has-text-alt-color has-text-color has-link-color wp-elements-9dab29374f061e6e26235bdcfe1dc603\" style=\"margin-top:var(--wp--preset--spacing--s);margin-bottom:var(--wp--preset--spacing--m)\"><br>  At &#8220;Bois de Gravi\u00e8re&#8221;, we&#8217;ve thought of everything to make your stay as pleasant as possible. Our spacious, well-defined pitches give you the privacy you need to enjoy your vacation to the full. Whether you&#8217;re travelling in a tent, caravan or motorhome, you&#8217;ll find a space to suit you, with shady or sunny plots to suit your preferences. Every pitch is equipped with electrical hook-ups for your daily comfort.   <\/p>\n\n\n\n<p class=\"has-text-align-center is-style-lab-p--base has-text-alt-color has-text-color has-link-color wp-elements-f090c03c4f59775a71388cdb66be0fa5\" style=\"margin-top:var(--wp--preset--spacing--s);margin-bottom:var(--wp--preset--spacing--m)\">Imagine waking up in the morning to the sound of birdsong, ready to set off down the slopes of the Puy de Sancy or bask in the sun. Our pitches are designed to offer you an authentic camping experience, with all modern conveniences. Nearby, you&#8217;ll find impeccable, regularly-maintained heated sanitary facilities, as well as laundry and drying facilities to ensure your well-being throughout your stay.  <\/p>\n\n\n\n<p class=\"has-text-align-center is-style-top-title has-primary-color has-text-color has-link-color has-secondary-font-family has-xxxxl-font-size wp-elements-4bc354c91b6055df5324bdb5db1b8d67 is-style-top-title--2\" style=\"line-height:1.2\"><br>Camper service area<\/p>\n\n\n\n<h2 class=\"wp-block-heading has-text-align-center has-secondary-color has-text-color has-link-color has-tertiary-font-family has-xxxxl-font-size wp-elements-53b0f0f444dfcfda0f2eb3e15c2cd47b\" style=\"line-height:1\">In Puy-de-D\u00f4me<\/h2>\n\n\n\n<p class=\"has-text-align-center\">The region is full of natural and cultural treasures to discover. From our campsite, set off to conquer the Cha\u00eene des Puys, explore the Auvergne volcanoes, follow the hiking trails or visit the charming surrounding villages. And after a busy day, return to the comfort of your motorhome, ready to set off on new adventures.  <\/p>\n\n\n\n<p class=\"has-text-align-center\">For motorhome enthusiasts, &#8220;Bois de Gravi\u00e8re&#8221; offers a dedicated service area, designed to meet all your needs. Here, you can easily fill up with water or empty your waste water. Our service area is accessible and practical, allowing you to concentrate on what&#8217;s important: enjoying your stay and exploring the wonders of the Puy-de-D\u00f4me.  <\/p>\n\n\n\n<p class=\"has-text-align-center is-style-top-title has-primary-color has-text-color has-link-color has-secondary-font-family has-xxxxl-font-size wp-elements-cbd2c3f0e076dc0ac0ba452b0c64f0c8 is-style-top-title--3\" style=\"line-height:1.2\"><br>Our different types of accommodation<\/p>\n\n\n\n<h2 class=\"wp-block-heading has-text-align-center has-secondary-color has-text-color has-link-color has-tertiary-font-family has-xxxxl-font-size wp-elements-0297f93001d90028a4f1d7f2688a909a\" style=\"line-height:1\">In Clermont-Ferrand in the Puy-de-D\u00f4me department<\/h2>\n\n\n\n<p class=\"has-text-align-center\">In addition to our pitches for tents, caravans and motorhomes, &#8220;Bois de Gravi\u00e8re&#8221; offers a wide range of accommodation to suit all tastes. Whether you&#8217;re looking for simplicity or a little more comfort, we&#8217;ve got what you need. Our modern, well-equipped mobile homes offer an ideal alternative for those who want to combine nature and comfort.  <\/p>\n\n\n\n<p>Each accommodation is designed to offer you a pleasant living space, with everything you need for a carefree stay. Take advantage of the terrace for al fresco dining, or relax indoors after a day of exploring. Whatever your preference, you&#8217;ll find here a warm and welcoming place, where every detail has been thought out with your well-being in mind.  <\/p>\n\n\n\n<p class=\"has-text-align-center\">In conclusion, the &#8220;Bois de Gravi\u00e8re&#8221; campsite is much more than just a place to stay. It&#8217;s a starting point for unforgettable adventures, a place to relax where every moment is an invitation to discovery. Whether you&#8217;re with family, friends or on your own, we welcome you with a smile and the promise of a successful vacation. So, are you ready for the Bois de Gravi\u00e8re experience? Book your pitch now and let yourself be seduced by the charm of the Puy-de-D\u00f4me.    <\/p>\n<\/div>\n<\/div>\n","protected":false},"excerpt":{"rendered":"<p>Campsite pitches near Super-Besse In Puy-de-D\u00f4me Welcome to the Bois de Gravi\u00e8re&#8221; campsite in Bessenestled in the heart of the Parc des Volcans d&#8217;Auvergne in the Puy-de-D\u00f4me region, where every pitch is an invitation to relax and discover. Whether you&#8217;re a nature lover, a hiking enthusiast or simply looking for a peaceful place to recharge [&hellip;]<\/p>\n","protected":false},"author":1,"featured_media":0,"parent":0,"menu_order":0,"comment_status":"closed","ping_status":"closed","template":"page-no-title","meta":{"_acf_changed":false,"_seopress_robots_primary_cat":"","_seopress_titles_title":"Camping pitch Super-Besse | Tent, caravan & motorhome","_seopress_titles_desc":"Tent, caravan or motorhome: set up on our shady or sunny pitches at Super-Besse, in the heart of the Auvergne volcanoes.","_seopress_robots_index":"","footnotes":""},"class_list":["post-2147","page","type-page","status-publish","hentry"],"acf":[],"_links":{"self":[{"href":"https:\/\/www.camping-besse.com\/en\/wp-json\/wp\/v2\/pages\/2147","targetHints":{"allow":["GET"]}}],"collection":[{"href":"https:\/\/www.camping-besse.com\/en\/wp-json\/wp\/v2\/pages"}],"about":[{"href":"https:\/\/www.camping-besse.com\/en\/wp-json\/wp\/v2\/types\/page"}],"author":[{"embeddable":true,"href":"https:\/\/www.camping-besse.com\/en\/wp-json\/wp\/v2\/users\/1"}],"replies":[{"embeddable":true,"href":"https:\/\/www.camping-besse.com\/en\/wp-json\/wp\/v2\/comments?post=2147"}],"version-history":[{"count":3,"href":"https:\/\/www.camping-besse.com\/en\/wp-json\/wp\/v2\/pages\/2147\/revisions"}],"predecessor-version":[{"id":2407,"href":"https:\/\/www.camping-besse.com\/en\/wp-json\/wp\/v2\/pages\/2147\/revisions\/2407"}],"wp:attachment":[{"href":"https:\/\/www.camping-besse.com\/en\/wp-json\/wp\/v2\/media?parent=2147"}],"curies":[{"name":"wp","href":"https:\/\/api.w.org\/{rel}","templated":true}]}}