{"id":2318,"date":"2025-12-16T09:45:47","date_gmt":"2025-12-16T08:45:47","guid":{"rendered":"https:\/\/www.camping-besse.com\/faq\/"},"modified":"2026-03-23T10:06:42","modified_gmt":"2026-03-23T09:06:42","slug":"faq","status":"publish","type":"page","link":"https:\/\/www.camping-besse.com\/en\/faq\/","title":{"rendered":"FAQ"},"content":{"rendered":"\n<div class=\"wp-block-cover alignfull is-light has-custom-content-position is-position-bottom-center has-aspect-ratio\" style=\"margin-top:0;margin-bottom:0;padding-top:var(--wp--preset--spacing--xxxxl);padding-right:0;padding-bottom:0;padding-left:0;aspect-ratio:16\/9;min-height:unset;\"><img decoding=\"async\" width=\"2560\" height=\"1440\" class=\"wp-block-cover__image-background wp-image-1515 size-16\/9_2560x1440_desktop\" alt=\"bois graviere faq\" src=\"https:\/\/www.camping-besse.com\/wp-content\/uploads\/2026\/03\/bois-graviere-faq-2560x1440.webp\" style=\"object-position:50% 100%\" data-object-fit=\"cover\" data-object-position=\"50% 100%\" srcset=\"https:\/\/www.camping-besse.com\/wp-content\/uploads\/2026\/03\/bois-graviere-faq-2560x1440.webp 2560w, https:\/\/www.camping-besse.com\/wp-content\/uploads\/2026\/03\/bois-graviere-faq-1920x1080.webp 1920w, https:\/\/www.camping-besse.com\/wp-content\/uploads\/2026\/03\/bois-graviere-faq-1440x810.webp 1440w, https:\/\/www.camping-besse.com\/wp-content\/uploads\/2026\/03\/bois-graviere-faq-1366x768.webp 1366w, https:\/\/www.camping-besse.com\/wp-content\/uploads\/2026\/03\/bois-graviere-faq-1024x576.webp 1024w, https:\/\/www.camping-besse.com\/wp-content\/uploads\/2026\/03\/bois-graviere-faq-800x450.webp 800w, https:\/\/www.camping-besse.com\/wp-content\/uploads\/2026\/03\/bois-graviere-faq-640x360.webp 640w, https:\/\/www.camping-besse.com\/wp-content\/uploads\/2026\/03\/bois-graviere-faq-375x210.webp 375w, https:\/\/www.camping-besse.com\/wp-content\/uploads\/2026\/03\/bois-graviere-faq-200x112.webp 200w, https:\/\/www.camping-besse.com\/wp-content\/uploads\/2026\/03\/bois-graviere-faq-100x56.webp 100w\" sizes=\"(max-width: 2560px) 100vw, 2560px\" \/><span aria-hidden=\"true\" class=\"wp-block-cover__background has-background-dim-0 has-background-dim\"><\/span><div class=\"wp-block-cover__inner-container is-layout-flow wp-block-cover-is-layout-flow\">\n<figure class=\"wp-block-image size-full hrz-tampon-haut\"><img alt=\"Auvergne Rh\u00f4ne-Alpes circular stamp logo\" decoding=\"async\" width=\"243\" height=\"243\" src=\"https:\/\/www.camping-besse.com\/wp-content\/uploads\/2025\/12\/tampon-beige.png\" alt=\"\" class=\"wp-image-220\" srcset=\"https:\/\/www.camping-besse.com\/wp-content\/uploads\/2025\/12\/tampon-beige.png 243w, https:\/\/www.camping-besse.com\/wp-content\/uploads\/2025\/12\/tampon-beige-150x150.png 150w, https:\/\/www.camping-besse.com\/wp-content\/uploads\/2025\/12\/tampon-beige-200x200.png 200w, https:\/\/www.camping-besse.com\/wp-content\/uploads\/2025\/12\/tampon-beige-100x100.png 100w\" sizes=\"(max-width: 243px) 100vw, 243px\" \/><\/figure>\n\n\n\n<div class=\"wp-block-group hrz-hero-5-content is-layout-flow wp-container-core-group-is-layout-911427bc wp-block-group-is-layout-flow\" style=\"margin-top:0;margin-bottom:0;padding-top:0;padding-right:var(--wp--preset--spacing--xxl);padding-bottom:0;padding-left:var(--wp--preset--spacing--xxl)\">\n<a href=\"https:\/\/www.camping-besse.com\/en\/\" target=\"_self\" data-link=\"true\"><div class=\"wp-block-group is-layout-flow wp-block-group-is-layout-flow\" data-link=\"https:\/\/www.camping-besse.com\/\" data-target=\"_self\">\n<figure class=\"wp-block-image aligncenter size-full\" style=\"margin-top:0;margin-bottom:0\"><img alt=\"Bois de Gravi\u00e8re circular mountain landscape logo\" decoding=\"async\" width=\"177\" height=\"240\" src=\"https:\/\/www.camping-besse.com\/wp-content\/uploads\/2025\/12\/logo-bois-de-graviere.png\" alt=\"\" class=\"wp-image-38\"\/><\/figure>\n<\/div><\/a>\n<\/div>\n\n\n\n<div style=\"height:var(--wp--preset--spacing--xxxxl)\" aria-hidden=\"true\" class=\"wp-block-spacer\"><\/div>\n\n\n\n<div style=\"height:var(--wp--preset--spacing--xxxxl)\" aria-hidden=\"true\" class=\"wp-block-spacer\"><\/div>\n\n\n\n<div style=\"height:var(--wp--preset--spacing--xxxxl)\" aria-hidden=\"true\" class=\"wp-block-spacer\"><\/div>\n\n\n\n<figure class=\"wp-block-image alignfull size-full hrz-elipse\"><img alt=\"\" decoding=\"async\" src=\"https:\/\/www.camping-besse.com\/wp-content\/uploads\/2025\/12\/elipse.svg\" alt=\"\" class=\"wp-image-223\"\/><\/figure>\n<\/div><\/div>\n\n\n<div style=\"padding-left:var(--wp--preset--spacing--s);padding-top:var(--wp--preset--spacing--s);padding-bottom:var(--wp--preset--spacing--s);\" class=\"alignfull wp-elements-5cd3591c1ade14a972751d58f754b855 wp-block-wpseopress-breadcrumbs has-text-color has-primary-color\"><nav  aria-label=\"breadcrumb\"><ol class=\"breadcrumb\" itemscope itemtype=\"https:\/\/schema.org\/BreadcrumbList\"><li class=\"breadcrumb-item active\" aria-current=\"page\" itemprop=\"itemListElement\" itemscope itemtype=\"https:\/\/schema.org\/ListItem\"><span itemprop=\"name\">Camping \u00e0 Super-Besse<\/span><meta itemprop=\"position\" content=\"1\"><\/li><\/ol><\/nav><\/div>\n\n\n<div class=\"wp-block-group alignfull has-global-padding is-layout-constrained wp-block-group-is-layout-constrained\">\n<div class=\"wp-block-columns alignfull is-layout-flex wp-container-core-columns-is-layout-28f84493 wp-block-columns-is-layout-flex\">\n<div class=\"wp-block-column is-layout-flow wp-block-column-is-layout-flow\">\n<h1 class=\"wp-block-heading has-text-align-center has-primary-color has-text-color has-link-color wp-elements-b36c3249fea09a8ada89545a36c84d24\">FAQ &#8211; Frequently asked questions<\/h1>\n\n\n\n<p class=\"has-text-align-center has-secondary-color has-text-color has-link-color has-tertiary-font-family has-xxxxxl-font-size wp-elements-29b20f93e0a42aeb35d9c424ce085643\">About our campsite in Bois de Gravi\u00e8re<\/p>\n<\/div>\n<\/div>\n<\/div>\n\n\n\n<div class=\"wp-block-columns alignwide are-vertically-aligned-center hrz-responsive-col hrz-reponsive-order is-layout-flex wp-container-core-columns-is-layout-3f562962 wp-block-columns-is-layout-flex\" style=\"margin-top:0;margin-bottom:0;padding-top:0;padding-right:var(--wp--preset--spacing--xxl);padding-bottom:0;padding-left:var(--wp--preset--spacing--xxl)\">\n<div class=\"wp-block-column is-vertically-aligned-center is-layout-flow wp-block-column-is-layout-flow\">\n<figure class=\"wp-block-image size-full is-style-image-svg-forme-2\"><img alt=\"Wooden cabins surrounded by trees and greenery\" decoding=\"async\" width=\"1024\" height=\"655\" src=\"https:\/\/www.camping-besse.com\/wp-content\/uploads\/2025\/12\/location-ete.webp\" alt=\"\" class=\"wp-image-274\" style=\"aspect-ratio:3\/4;object-fit:cover\" srcset=\"https:\/\/www.camping-besse.com\/wp-content\/uploads\/2025\/12\/location-ete.webp 1024w, https:\/\/www.camping-besse.com\/wp-content\/uploads\/2025\/12\/location-ete-300x192.webp 300w, https:\/\/www.camping-besse.com\/wp-content\/uploads\/2025\/12\/location-ete-768x491.webp 768w\" sizes=\"(max-width: 1024px) 100vw, 1024px\" \/><\/figure>\n<\/div>\n\n\n\n<div class=\"wp-block-column is-vertically-aligned-center is-layout-flow wp-block-column-is-layout-flow\" style=\"padding-top:0;padding-right:0;padding-bottom:0;padding-left:0\">\n<p style=\"margin-bottom:var(--wp--preset--spacing--xxl)\">Welcome to our FAQ page dedicated to <strong><a href=\"https:\/\/www.camping-besse.com\/en\/\" data-type=\"page\" data-id=\"4\">camping Bois de Gravi\u00e8re<\/a><\/strong>nestled<br>in the heart of the Parc des Volcans d&#8217;Auvergne<br>in the magnificent department of Puy-de-D\u00f4me. Wondering what makes our campsite so special? Let us guide you through our special features and answer your most frequently asked questions.  <\/p>\n<\/div>\n<\/div>\n\n\n\n<div style=\"height:var(--wp--preset--spacing--xxxxl)\" aria-hidden=\"true\" class=\"wp-block-spacer\"><\/div>\n\n\n\n<div class=\"pfq\">\n  \n  \n  <nav class=\"pfq__themes\">\n    <h2>Themes<\/h2>\n    <ul>\n      \n        <li class=\"pfq__theme active\" data-pfq-group=\"group-0\">\n          <a href=\"#\">General<\/a>\n        <\/li>\n\n          <\/ul>\n  <\/nav>\n\n  <div class=\"pfq__questions\">\n    \n      <div class=\"pfq__questions__group visible\" data-pfq-group=\"group-0\">\n\n        <h3>General<\/h3>\n\n        \n          <div class=\"pfq__question\"  >\n            <h4 class=\"pfq__question__title\">Why camping Bois de Gravi\u00e8re?<\/h4>\n            <div class=\"pfq__answer\"><p>Located near the charming medieval town of Besse-et-Saint-Anastaise, our campsite is the ideal base for exploring the natural wonders of the Cha\u00eenes des Puy, a UNESCO World Heritage site. Summer or winter Whether you enjoy hiking, skiing, cycling, fishing or simply relaxing, you&#8217;ll find an authentic and welcoming setting here. Our spacious, shaded pitches are the ideal starting point for a volcanic experience, allowing you to recharge your batteries in complete tranquillity.  <\/p>\n<\/div>\n          <\/div>\n\n        \n          <div class=\"pfq__question\"  >\n            <h4 class=\"pfq__question__title\">What activities are available on and around the campsite?<\/h4>\n            <div class=\"pfq__answer\"><p>At Bois de Gravi\u00e8re, there&#8217;s always something to do! Take advantage of our heated swimming pool for a moment of relaxation, or join in during the high season with our friendly entertainment that will delight young and old alike. Nature-lovers can venture out on the nearby hiking trails, while culture buffs can discover the region&#8217;s rich heritage. And for gourmets, we offer tasty local takeaways to tantalize your taste buds.<br \/>\nSee the notes on the previous pages about the many activities in the area: Skiing, downhill and cross-country, snowshoeing, horse riding, mountain biking, downhill or DH biking (highly developed in Super Besse), hiking the GR30 runs alongside the campsite, and there are numerous hikes in the immediate vicinity of the puy de sancy and lac pavin. Fishing the couze pavin&#8230;    <\/p>\n<\/div>\n          <\/div>\n\n        \n          <div class=\"pfq__question\"  >\n            <h4 class=\"pfq__question__title\">How can I book my stay?<\/h4>\n            <div class=\"pfq__answer\"><p>Booking your stay at camping Bois de Gravi\u00e8re is quick and easy. Visit our website to check availability and choose the accommodation that suits you best. Our team is also on hand to answer any questions you may have and help you plan a memorable vacation.  <\/p>\n<\/div>\n          <\/div>\n\n        \n          <div class=\"pfq__question\"  >\n            <h4 class=\"pfq__question__title\">Opening dates for Chalets and Mobile-Homes ?<\/h4>\n            <div class=\"pfq__answer\"><p>Uninterrupted from the Christmas vacations to the second weekend in September, weekly or overnight rentals available. Arrival and departure days can be adapted to suit the period. <\/p>\n<\/div>\n          <\/div>\n\n        \n          <div class=\"pfq__question\"  >\n            <h4 class=\"pfq__question__title\">Campsite opening dates ?<\/h4>\n            <div class=\"pfq__answer\"><p>During the winter period, the campsites are only open during the school vacations, i.e. 2 weeks during the Christmas vacations and 4 weeks during the February vacations, then without interruption from the Easter vacations until the second weekend in September.<\/p>\n<\/div>\n          <\/div>\n\n        \n          <div class=\"pfq__question\"  >\n            <h4 class=\"pfq__question__title\">Is it possible to eat on site?<\/h4>\n            <div class=\"pfq__answer\"><p>The campsite does not have an on-site restaurant, but we do offer a &#8220;home-made&#8221; takeaway service. Proposals vary according to the season, so don&#8217;t hesitate to ask. Raclette and fondue auvergnate, home-made pizza, Truffade,&#8230; Restaurant 800m away. <\/p>\n<\/div>\n          <\/div>\n\n        \n      <\/div>\n\n    \n  <\/div>\n<\/div>\n\n\n\n<p><\/p>\n","protected":false},"excerpt":{"rendered":"<p>FAQ &#8211; Frequently asked questions About our campsite in Bois de Gravi\u00e8re Welcome to our FAQ page dedicated to camping Bois de Gravi\u00e8renestledin the heart of the Parc des Volcans d&#8217;Auvergnein the magnificent department of Puy-de-D\u00f4me. Wondering what makes our campsite so special? Let us guide you through our special features and answer your most [&hellip;]<\/p>\n","protected":false},"author":1,"featured_media":0,"parent":0,"menu_order":0,"comment_status":"closed","ping_status":"closed","template":"page-no-title","meta":{"_acf_changed":false,"_seopress_robots_primary_cat":"","_seopress_titles_title":"FAQ Campsite Super-Besse | All the answers to your questions","_seopress_titles_desc":"Consult our FAQ with all the information you need to prepare your stay at Camping Bois de Gravi\u00e8re in Super-Besse.","_seopress_robots_index":"","footnotes":""},"class_list":["post-2318","page","type-page","status-publish","hentry"],"acf":[],"_links":{"self":[{"href":"https:\/\/www.camping-besse.com\/en\/wp-json\/wp\/v2\/pages\/2318","targetHints":{"allow":["GET"]}}],"collection":[{"href":"https:\/\/www.camping-besse.com\/en\/wp-json\/wp\/v2\/pages"}],"about":[{"href":"https:\/\/www.camping-besse.com\/en\/wp-json\/wp\/v2\/types\/page"}],"author":[{"embeddable":true,"href":"https:\/\/www.camping-besse.com\/en\/wp-json\/wp\/v2\/users\/1"}],"replies":[{"embeddable":true,"href":"https:\/\/www.camping-besse.com\/en\/wp-json\/wp\/v2\/comments?post=2318"}],"version-history":[{"count":2,"href":"https:\/\/www.camping-besse.com\/en\/wp-json\/wp\/v2\/pages\/2318\/revisions"}],"predecessor-version":[{"id":2425,"href":"https:\/\/www.camping-besse.com\/en\/wp-json\/wp\/v2\/pages\/2318\/revisions\/2425"}],"wp:attachment":[{"href":"https:\/\/www.camping-besse.com\/en\/wp-json\/wp\/v2\/media?parent=2318"}],"curies":[{"name":"wp","href":"https:\/\/api.w.org\/{rel}","templated":true}]}}