{"id":1628,"date":"2025-12-31T11:39:19","date_gmt":"2025-12-31T10:39:19","guid":{"rendered":"https:\/\/www.camping-besse.com\/locaties\/"},"modified":"2026-03-23T09:21:45","modified_gmt":"2026-03-23T08:21:45","slug":"locaties","status":"publish","type":"page","link":"https:\/\/www.camping-besse.com\/nl\/locaties\/","title":{"rendered":"Locaties"},"content":{"rendered":"\n<div class=\"wp-block-cover alignfull is-light has-custom-content-position is-position-bottom-center has-aspect-ratio\" style=\"margin-top:0;margin-bottom:0;padding-top:var(--wp--preset--spacing--xxxxl);padding-right:0;padding-bottom:0;padding-left:0;aspect-ratio:16\/9;min-height:unset;\"><img alt=\"Red car parked near winding park pathway\" decoding=\"async\" width=\"2560\" height=\"1440\" class=\"wp-block-cover__image-background wp-image-765 size-16\/9_2560x1440_desktop\" alt=\"\" src=\"https:\/\/www.camping-besse.com\/wp-content\/uploads\/2026\/01\/00000903058-2560x1440.jpg\" data-object-fit=\"cover\" srcset=\"https:\/\/www.camping-besse.com\/wp-content\/uploads\/2026\/01\/00000903058-2560x1440.jpg 2560w, https:\/\/www.camping-besse.com\/wp-content\/uploads\/2026\/01\/00000903058-1920x1080.jpg 1920w, https:\/\/www.camping-besse.com\/wp-content\/uploads\/2026\/01\/00000903058-1440x810.jpg 1440w, https:\/\/www.camping-besse.com\/wp-content\/uploads\/2026\/01\/00000903058-1366x768.jpg 1366w, https:\/\/www.camping-besse.com\/wp-content\/uploads\/2026\/01\/00000903058-1024x576.jpg 1024w, https:\/\/www.camping-besse.com\/wp-content\/uploads\/2026\/01\/00000903058-800x450.jpg 800w, https:\/\/www.camping-besse.com\/wp-content\/uploads\/2026\/01\/00000903058-640x360.jpg 640w, https:\/\/www.camping-besse.com\/wp-content\/uploads\/2026\/01\/00000903058-375x210.jpg 375w, https:\/\/www.camping-besse.com\/wp-content\/uploads\/2026\/01\/00000903058-200x112.jpg 200w, https:\/\/www.camping-besse.com\/wp-content\/uploads\/2026\/01\/00000903058-100x56.jpg 100w\" sizes=\"(max-width: 2560px) 100vw, 2560px\" \/><span aria-hidden=\"true\" class=\"wp-block-cover__background has-background-dim-0 has-background-dim\"><\/span><div class=\"wp-block-cover__inner-container is-layout-flow wp-block-cover-is-layout-flow\">\n<figure class=\"wp-block-image size-full hrz-tampon-haut\"><img alt=\"Auvergne Rh\u00f4ne-Alpes circular stamp logo\" decoding=\"async\" width=\"243\" height=\"243\" src=\"https:\/\/www.camping-besse.com\/wp-content\/uploads\/2025\/12\/tampon-beige.png\" alt=\"\" class=\"wp-image-220\" srcset=\"https:\/\/www.camping-besse.com\/wp-content\/uploads\/2025\/12\/tampon-beige.png 243w, https:\/\/www.camping-besse.com\/wp-content\/uploads\/2025\/12\/tampon-beige-150x150.png 150w, https:\/\/www.camping-besse.com\/wp-content\/uploads\/2025\/12\/tampon-beige-200x200.png 200w, https:\/\/www.camping-besse.com\/wp-content\/uploads\/2025\/12\/tampon-beige-100x100.png 100w\" sizes=\"(max-width: 243px) 100vw, 243px\" \/><\/figure>\n\n\n\n<div class=\"wp-block-group hrz-hero-5-content is-layout-flow wp-container-core-group-is-layout-911427bc wp-block-group-is-layout-flow\" style=\"margin-top:0;margin-bottom:0;padding-top:0;padding-right:var(--wp--preset--spacing--xxl);padding-bottom:0;padding-left:var(--wp--preset--spacing--xxl)\">\n<a href=\"https:\/\/www.camping-besse.com\/nl\/\" target=\"_self\" data-link=\"true\"><div class=\"wp-block-group is-layout-flow wp-block-group-is-layout-flow\" data-link=\"https:\/\/www.camping-besse.com\/\" data-target=\"_self\">\n<figure class=\"wp-block-image aligncenter size-full\" style=\"margin-top:0;margin-bottom:0\"><img alt=\"Bois de Gravi\u00e8re circular mountain landscape logo\" decoding=\"async\" width=\"177\" height=\"240\" src=\"https:\/\/www.camping-besse.com\/wp-content\/uploads\/2025\/12\/logo-bois-de-graviere.png\" alt=\"\" class=\"wp-image-38\"\/><\/figure>\n<\/div><\/a>\n<\/div>\n\n\n\n<div style=\"height:var(--wp--preset--spacing--xxxxl)\" aria-hidden=\"true\" class=\"wp-block-spacer\"><\/div>\n\n\n\n<div style=\"height:var(--wp--preset--spacing--xxxxl)\" aria-hidden=\"true\" class=\"wp-block-spacer\"><\/div>\n\n\n\n<div style=\"height:var(--wp--preset--spacing--xxxxl)\" aria-hidden=\"true\" class=\"wp-block-spacer\"><\/div>\n\n\n\n<figure class=\"wp-block-image alignfull size-full hrz-elipse\"><img alt=\"\" decoding=\"async\" src=\"https:\/\/www.camping-besse.com\/wp-content\/uploads\/2025\/12\/elipse.svg\" alt=\"\" class=\"wp-image-223\"\/><\/figure>\n<\/div><\/div>\n\n\n<div style=\"padding-left:var(--wp--preset--spacing--s);padding-top:var(--wp--preset--spacing--s);padding-bottom:var(--wp--preset--spacing--s);\" class=\"alignfull wp-elements-5cd3591c1ade14a972751d58f754b855 wp-block-wpseopress-breadcrumbs has-text-color has-primary-color\"><nav  aria-label=\"breadcrumb\"><ol class=\"breadcrumb\" itemscope itemtype=\"https:\/\/schema.org\/BreadcrumbList\"><li class=\"breadcrumb-item active\" aria-current=\"page\" itemprop=\"itemListElement\" itemscope itemtype=\"https:\/\/schema.org\/ListItem\"><span itemprop=\"name\">Camping \u00e0 Super-Besse<\/span><meta itemprop=\"position\" content=\"1\"><\/li><\/ol><\/nav><\/div>\n\n\n<div class=\"wp-block-group alignfull has-global-padding is-layout-constrained wp-block-group-is-layout-constrained\">\n<div class=\"wp-block-columns alignfull is-layout-flex wp-container-core-columns-is-layout-28f84493 wp-block-columns-is-layout-flex\">\n<div class=\"wp-block-column is-layout-flow wp-block-column-is-layout-flow\">\n<h1 class=\"wp-block-heading has-text-align-center has-primary-color has-text-color has-link-color wp-elements-a53561c93edc924737836c66b98e2fad\">Kampeerplaatsen in de buurt van Super-Besse<\/h1>\n\n\n\n<p class=\"has-text-align-center has-secondary-color has-text-color has-link-color has-tertiary-font-family has-xxxxxl-font-size wp-elements-652729ff1d6fc123d0370c9387699535\">In de Puy-de-D\u00f4me<\/p>\n<\/div>\n<\/div>\n<\/div>\n\n\n\n<div class=\"wp-block-group alignfull hrz-galerie-3 has-global-padding is-layout-constrained wp-container-core-group-is-layout-a700ee33 wp-block-group-is-layout-constrained\" style=\"padding-top:0;padding-right:0;padding-bottom:0;padding-left:0\">\n<div class=\"wp-block-group has-global-padding is-layout-constrained wp-container-core-group-is-layout-41c22256 wp-block-group-is-layout-constrained\" style=\"padding-right:var(--wp--preset--spacing--l);padding-left:var(--wp--preset--spacing--l)\">\n<p class=\"has-text-align-center is-style-lab-p--base has-text-alt-color has-text-color has-link-color wp-elements-68e662e7ace5e025c2b53d4a8866dc20\" style=\"margin-top:var(--wp--preset--spacing--s);margin-bottom:var(--wp--preset--spacing--m)\"><br>Welkom op de <strong><a href=\"https:\/\/www.camping-besse.com\/nl\/\" data-type=\"page\" data-id=\"4\">Camping &#8216;Bois de Gravi\u00e8re&#8217; in Besse<\/a><\/strong>genesteld in het hart van het Parc des Volcans d&#8217;Auvergne in de Puy-de-D\u00f4me, waar elke kampeerplaats een uitnodiging is om te ontspannen en te ontdekken. Of je nu een natuurliefhebber bent, een fervent wandelaar of gewoon op zoek naar een rustige plek om nieuwe energie op te doen, onze camping is de ideale plek om je koffers neer te zetten. In deze eenvoudige, vriendelijke omgeving is er voor elk wat wils, of je nu in een tent, caravan of camper verblijft.  <\/p>\n<\/div>\n<\/div>\n\n\n\n<div class=\"wp-block-group alignwide has-global-padding is-layout-constrained wp-block-group-is-layout-constrained\">\n\t<div class=\"alignfull is-layout-flow wp-block-hrz-blocks-query-camping-rest-is-layout-flow\">\n\t\t<ul class=\"hebergement-listing \">\n\t\t\t<style>:root { --query-color: var(--wp--preset--color--secondary); }<\/style>\t\t\t\t<li class=\"swiper-slide\">\n\t\t\t\t\t<div class=\"wp-block-group card-gamme is-style-default is-style-relative\"\n\t\t\t\t\t\t\t\t\t\t\t\t>\n\t\t\t\t\t\t<div class=\"wp-block-group thumbnail-image\">\n\t\t\t\t\t\t\t<a href=\"https:\/\/www.camping-besse.com\/nl\/hebergements\/standplaats-tent-caravan-camper\/\" title=\"Standplaats: tent, caravan, camper\">\n\t\t\t\t\t\t\t\t<figure class=\"wp-block-image alignfull size-large\" style=\"margin:0;\">\n\t\t\t\t\t\t\t\t\t<img decoding=\"async\" src=\"https:\/\/www.camping-besse.com\/wp-content\/uploads\/2026\/01\/00000366406-1024x640.jpg\"\n\t\t\t\t\t\t\t\t\t\talt=\"Standplaats: tent, caravan, camper\" \/>\n\t\t\t\t\t\t\t\t<\/figure>\n\t\t\t\t\t\t\t\t<div class=\"full\">\n\t\t\t\t\t\t\t\t\t<p class=\"text\">Disponible \u00e0 d&#8217;autres dates<\/p>\n\t\t\t\t\t\t\t\t<\/div>\n\t\t\t\t\t\t\t<\/a>\n\t\t\t\t\t\t<\/div>\n\n\n\t\t\t\t\t\t<div class=\"wp-block-group has-white-background-color has-background card-content\">\n\t\t\t\t\t\t\t<div class=\"wp-block-group content\">\n\t\t\t\t\t\t\t\t<h3 class=\"wp-block-heading has-secondary-color has-link-color has-secondary-color\">\n\t\t\t\t\t\t\t\t\tStandplaats: tent, caravan, camper\t\t\t\t\t\t\t\t<\/h3>\n\n\t\t\t\t\t\t\t\t\t\t\t\t\t\t\t<\/div>\n\n\t\t\t\t\t\t\t<div class=\"wp-block-group card-price has-background\">\n\t\t\t\t\t\t\t\t<div class=\"loader\">\n\t\t\t\t\t\t\t\t\t<span class=\"dot\"><\/span>\n\t\t\t\t\t\t\t\t\t<span class=\"dot\"><\/span>\n\t\t\t\t\t\t\t\t\t<span class=\"dot\"><\/span>\n\t\t\t\t\t\t\t\t<\/div>\n\t\t\t\t\t\t\t\t<div class=\"booking_default\">\n\t\t\t\t\t\t\t\t\t<p class=\"has-text-align-right\">Van<\/p>\n\n\t\t\t\t\t\t\t\t\t<p class=\"has-text-align-right booking_price has-secondary-font-family\"><\/p>\n\t\t\t\t\t\t\t\t\t<p class=\"has-text-align-right booking_no_discount has-secondary-font-family\"><\/p>\n\n\t\t\t\t\t\t\t\t\t<p class=\"has-text-align-right dates\">\n\t\t\t\t\t\t\t\t\t\tDu <span class=\"start\"><\/span> au <span class=\"end\"><\/span>\t\t\t\t\t\t\t\t\t<\/p>\n\t\t\t\t\t\t\t\t<\/div>\n\t\t\t\t\t\t\t\t<div class=\"wp-block-group booking_alt\">\n\t\t\t\t\t\t\t\t\t<p class=\"booking_alt_text\">Disponible \u00e0 d&#8217;autres dates<\/p>\n\t\t\t\t\t\t\t\t\t<div class=\"booking_alt_content\">\n\t\t\t\t\t\t\t\t\t<\/div>\n\t\t\t\t\t\t\t\t<\/div>\n\t\t\t\t\t\t\t<\/div>\n\t\t\t\t\t\t<\/div>\n\n\t\t\t\t\t\t<div class=\"wp-block-buttons has-custom-font-size has-l-font-size\">\n\t\t\t\t\t\t\t<div\n\t\t\t\t\t\t\t\tclass=\"wp-block-button has-custom-width wp-block-button__width-100 has-custom-font-size booking-btn has-secondary-font-family\">\n\t\t\t\t\t\t\t\t<a href=\"https:\/\/www.camping-besse.com\/nl\/hebergements\/standplaats-tent-caravan-camper\/\"\n\t\t\t\t\t\t\t\t\tclass=\"wp-block-button__link has-white-color has-text-color has-background has-link-color has-text-align-center wp-element-button\">\n\t\t\t\t\t\t\t\t\tOntdek\t\t\t\t\t\t\t\t<\/a>\n\t\t\t\t\t\t\t<\/div>\n\t\t\t\t\t\t<\/div>\n\t\t\t\t\t\t<div class=\"booking_last\">\n\t\t\t\t\t\t\t<p class=\"booking_last_content\">\n\t\t\t\t\t\t\t\tAlleen <span class=\"booking_last_value\"><\/span> <br> beschikbaar\t\t\t\t\t\t\t<\/p>\n\t\t\t\t\t\t<\/div>\n\t\t\t\t\t\t<div class=\"booking_exclusive is-style-hover-image-effect\"><\/div>\n\t\t\t\t\t<\/div>\n\t\t\t\t<\/li>\n\n\t\t\t\t\t<\/ul>\n\n\t<\/div>\n\n<\/div>\n\n\n\n<div class=\"wp-block-group alignfull hrz-galerie-3 has-global-padding is-layout-constrained wp-container-core-group-is-layout-a700ee33 wp-block-group-is-layout-constrained\" style=\"padding-top:0;padding-right:0;padding-bottom:0;padding-left:0\">\n<div class=\"wp-block-group has-global-padding is-layout-constrained wp-container-core-group-is-layout-41c22256 wp-block-group-is-layout-constrained\" style=\"padding-right:var(--wp--preset--spacing--l);padding-left:var(--wp--preset--spacing--l)\">\n<p class=\"has-text-align-center is-style-top-title has-primary-color has-text-color has-link-color has-secondary-font-family has-xxxxl-font-size wp-elements-e438681b1697a656183a9c5e852eef52 is-style-top-title--1\" style=\"line-height:1.2\"><br>Camperplaats huren<\/p>\n\n\n\n<h2 class=\"wp-block-heading has-text-align-center has-secondary-color has-text-color has-link-color has-tertiary-font-family has-xxxxl-font-size wp-elements-5f7d9fc766f072d7718db9c84283266f\" style=\"line-height:1\">In Clermont-Ferrand in het departement Puy-de-D\u00f4me<\/h2>\n\n\n\n<p class=\"has-text-align-center is-style-lab-p--base has-text-alt-color has-text-color has-link-color wp-elements-6f30e2f56f35453895c8db369a75b942\" style=\"margin-top:var(--wp--preset--spacing--s);margin-bottom:var(--wp--preset--spacing--m)\"><br>  Op &#8220;Le Bois de Gravi\u00e8re&#8221; hebben we aan alles gedacht om je verblijf zo aangenaam mogelijk te maken. Onze ruime, afgebakende staanplaatsen geven je de privacy die je nodig hebt om optimaal van je vakantie te genieten. Of je nu met de tent, caravan of camper komt, je vindt altijd een plek die bij je past, met schaduwrijke of zonnige plaatsen. Elke kampeerplaats is uitgerust met elektrische aansluitingen voor je dagelijkse gemak.   <\/p>\n\n\n\n<p class=\"has-text-align-center is-style-lab-p--base has-text-alt-color has-text-color has-link-color wp-elements-ffa8619c41d1f93302c6d9f11d8de0da\" style=\"margin-top:var(--wp--preset--spacing--s);margin-bottom:var(--wp--preset--spacing--m)\">Stel je voor dat je &#8216;s ochtends wakker wordt met het gezang van de vogels, klaar om de hellingen van de Puy de Sancy af te dalen of je te koesteren in de zon. Onze kampeerplaatsen zijn ontworpen om je een authentieke kampeerervaring te geven, terwijl je toch van alle moderne gemakken kunt genieten. In de buurt vind je brandschone en regelmatig onderhouden verwarmde sanitaire voorzieningen, evenals een was- en droogruimte om je welzijn tijdens je verblijf te garanderen.  <\/p>\n\n\n\n<p class=\"has-text-align-center is-style-top-title has-primary-color has-text-color has-link-color has-secondary-font-family has-xxxxl-font-size wp-elements-688f75d7ece9e585934da8b0024246d1 is-style-top-title--2\" style=\"line-height:1.2\"><br>Camper service gebied<\/p>\n\n\n\n<h2 class=\"wp-block-heading has-text-align-center has-secondary-color has-text-color has-link-color has-tertiary-font-family has-xxxxl-font-size wp-elements-09c168f6f1e996e447fa21b1a24632d0\" style=\"line-height:1\">In de Puy-de-D\u00f4me<\/h2>\n\n\n\n<p class=\"has-text-align-center\">De regio zit vol natuurlijke en culturele schatten om te ontdekken. Trek er vanaf onze camping op uit om het Puys-gebergte te bedwingen, de vulkanen van de Auvergne te verkennen, de wandelpaden te volgen of de charmante omliggende dorpjes te bezoeken. En na een drukke dag keert u terug naar het comfort van uw camper, klaar om nieuwe avonturen te beleven.  <\/p>\n\n\n\n<p class=\"has-text-align-center\">Voor camperliefhebbers biedt &#8220;Bois de Gravi\u00e8re&#8221; een speciale serviceplaats die aan al je behoeften voldoet. Hier kunt u gemakkelijk water bijvullen en afvalwater lozen. Onze serviceplaats is toegankelijk en praktisch, zodat u zich kunt concentreren op wat belangrijk is: genieten van uw verblijf en de wonderen van de Puy-de-D\u00f4me ontdekken.  <\/p>\n\n\n\n<p class=\"has-text-align-center is-style-top-title has-primary-color has-text-color has-link-color has-secondary-font-family has-xxxxl-font-size wp-elements-9d4a1ce6f56d08c476976f0f1a557e6c is-style-top-title--3\" style=\"line-height:1.2\"><br>Onze verschillende accommodatietypes<\/p>\n\n\n\n<h2 class=\"wp-block-heading has-text-align-center has-secondary-color has-text-color has-link-color has-tertiary-font-family has-xxxxl-font-size wp-elements-5f7d9fc766f072d7718db9c84283266f\" style=\"line-height:1\">In Clermont-Ferrand in het departement Puy-de-D\u00f4me<\/h2>\n\n\n\n<p class=\"has-text-align-center\">Naast onze kampeerplaatsen voor tenten, caravans en campers, biedt &#8220;Bois de Gravi\u00e8re&#8221; een ruime keuze aan accommodaties naar ieders smaak. Of je nu op zoek bent naar een eenvoudig verblijf of naar wat meer comfort, wij hebben wat je nodig hebt. Onze moderne, goed uitgeruste stacaravans bieden een ideaal alternatief voor wie natuur en comfort wil combineren.  <\/p>\n\n\n\n<p>Elke accommodatie is ontworpen om je een aangename leefruimte te bieden, met alles wat je nodig hebt voor een zorgeloos verblijf. Profiteer van het terras om buiten te eten of ontspan binnen na een dag verkennen. Wat je voorkeur ook is, je zult hier een warme en gastvrije plek vinden, waar aan elk detail is gedacht met jouw welzijn in gedachten.  <\/p>\n\n\n\n<p class=\"has-text-align-center\">Kortom, camping Bois de Gravi\u00e8re is veel meer dan alleen een plek om te verblijven. Het is een startpunt voor onvergetelijke avonturen, een plek om te ontspannen waar elk moment een uitnodiging is om te ontdekken. Of je nu met je gezin, met vrienden of alleen bent, wij verwelkomen je met een glimlach en de belofte van een geweldige vakantie. Dus, ben je klaar voor de Bois de Gravi\u00e8re ervaring? Reserveer dan nu je kampeerplaats en laat je verleiden door de charme van de Puy-de-D\u00f4me.    <\/p>\n<\/div>\n<\/div>\n","protected":false},"excerpt":{"rendered":"<p>Kampeerplaatsen in de buurt van Super-Besse In de Puy-de-D\u00f4me Welkom op de Camping &#8216;Bois de Gravi\u00e8re&#8217; in Bessegenesteld in het hart van het Parc des Volcans d&#8217;Auvergne in de Puy-de-D\u00f4me, waar elke kampeerplaats een uitnodiging is om te ontspannen en te ontdekken. Of je nu een natuurliefhebber bent, een fervent wandelaar of gewoon op zoek [&hellip;]<\/p>\n","protected":false},"author":1,"featured_media":0,"parent":0,"menu_order":0,"comment_status":"closed","ping_status":"closed","template":"page-no-title","meta":{"_acf_changed":false,"_seopress_robots_primary_cat":"","_seopress_titles_title":"Kampeerplaatsen Super-Besse | Tenten, caravans & campers","_seopress_titles_desc":"Tent, caravan of camper: installeer je op een van onze schaduwrijke of zonnige standplaatsen in Super-Besse, in het hart van de vulkanen van de Auvergne.","_seopress_robots_index":"","footnotes":""},"class_list":["post-1628","page","type-page","status-publish","hentry"],"acf":[],"_links":{"self":[{"href":"https:\/\/www.camping-besse.com\/nl\/wp-json\/wp\/v2\/pages\/1628","targetHints":{"allow":["GET"]}}],"collection":[{"href":"https:\/\/www.camping-besse.com\/nl\/wp-json\/wp\/v2\/pages"}],"about":[{"href":"https:\/\/www.camping-besse.com\/nl\/wp-json\/wp\/v2\/types\/page"}],"author":[{"embeddable":true,"href":"https:\/\/www.camping-besse.com\/nl\/wp-json\/wp\/v2\/users\/1"}],"replies":[{"embeddable":true,"href":"https:\/\/www.camping-besse.com\/nl\/wp-json\/wp\/v2\/comments?post=1628"}],"version-history":[{"count":3,"href":"https:\/\/www.camping-besse.com\/nl\/wp-json\/wp\/v2\/pages\/1628\/revisions"}],"predecessor-version":[{"id":2411,"href":"https:\/\/www.camping-besse.com\/nl\/wp-json\/wp\/v2\/pages\/1628\/revisions\/2411"}],"wp:attachment":[{"href":"https:\/\/www.camping-besse.com\/nl\/wp-json\/wp\/v2\/media?parent=1628"}],"curies":[{"name":"wp","href":"https:\/\/api.w.org\/{rel}","templated":true}]}}