{"id":1651,"date":"2025-12-31T11:33:53","date_gmt":"2025-12-31T10:33:53","guid":{"rendered":"https:\/\/www.camping-besse.com\/stacaravans\/"},"modified":"2026-03-23T09:21:58","modified_gmt":"2026-03-23T08:21:58","slug":"stacaravans","status":"publish","type":"page","link":"https:\/\/www.camping-besse.com\/nl\/stacaravans\/","title":{"rendered":"Stacaravans"},"content":{"rendered":"\n<div class=\"wp-block-cover alignfull has-custom-content-position is-position-bottom-center has-aspect-ratio\" style=\"margin-top:0;margin-bottom:0;padding-top:var(--wp--preset--spacing--xxxxl);padding-right:0;padding-bottom:0;padding-left:0;aspect-ratio:16\/9;min-height:unset;\"><img alt=\"White blossoms with cabins in sunny countryside\" decoding=\"async\" width=\"1920\" height=\"1080\" class=\"wp-block-cover__image-background wp-image-1247 size-16\/9_1920x1080_desktop\" alt=\"\" src=\"https:\/\/www.camping-besse.com\/wp-content\/uploads\/2026\/01\/hebergements-camping-auvergne-1920x1080.webp\" style=\"object-position:49% 95%\" data-object-fit=\"cover\" data-object-position=\"49% 95%\" srcset=\"https:\/\/www.camping-besse.com\/wp-content\/uploads\/2026\/01\/hebergements-camping-auvergne-1920x1080.webp 1920w, https:\/\/www.camping-besse.com\/wp-content\/uploads\/2026\/01\/hebergements-camping-auvergne-1440x810.webp 1440w, https:\/\/www.camping-besse.com\/wp-content\/uploads\/2026\/01\/hebergements-camping-auvergne-1366x768.webp 1366w, https:\/\/www.camping-besse.com\/wp-content\/uploads\/2026\/01\/hebergements-camping-auvergne-1024x576.webp 1024w, https:\/\/www.camping-besse.com\/wp-content\/uploads\/2026\/01\/hebergements-camping-auvergne-800x450.webp 800w, https:\/\/www.camping-besse.com\/wp-content\/uploads\/2026\/01\/hebergements-camping-auvergne-640x360.webp 640w, https:\/\/www.camping-besse.com\/wp-content\/uploads\/2026\/01\/hebergements-camping-auvergne-375x210.webp 375w, https:\/\/www.camping-besse.com\/wp-content\/uploads\/2026\/01\/hebergements-camping-auvergne-200x112.webp 200w, https:\/\/www.camping-besse.com\/wp-content\/uploads\/2026\/01\/hebergements-camping-auvergne-100x56.webp 100w\" sizes=\"(max-width: 1920px) 100vw, 1920px\" \/><span aria-hidden=\"true\" class=\"wp-block-cover__background has-background-dim-0 has-background-dim\"><\/span><div class=\"wp-block-cover__inner-container is-layout-flow wp-block-cover-is-layout-flow\">\n<figure class=\"wp-block-image size-full hrz-tampon-haut\"><img alt=\"Auvergne Rh\u00f4ne-Alpes circular stamp logo\" decoding=\"async\" width=\"243\" height=\"243\" src=\"https:\/\/www.camping-besse.com\/wp-content\/uploads\/2025\/12\/tampon-beige.png\" alt=\"\" class=\"wp-image-220\" srcset=\"https:\/\/www.camping-besse.com\/wp-content\/uploads\/2025\/12\/tampon-beige.png 243w, https:\/\/www.camping-besse.com\/wp-content\/uploads\/2025\/12\/tampon-beige-150x150.png 150w, https:\/\/www.camping-besse.com\/wp-content\/uploads\/2025\/12\/tampon-beige-200x200.png 200w, https:\/\/www.camping-besse.com\/wp-content\/uploads\/2025\/12\/tampon-beige-100x100.png 100w\" sizes=\"(max-width: 243px) 100vw, 243px\" \/><\/figure>\n\n\n\n<div class=\"wp-block-group hrz-hero-5-content is-layout-flow wp-container-core-group-is-layout-911427bc wp-block-group-is-layout-flow\" style=\"margin-top:0;margin-bottom:0;padding-top:0;padding-right:var(--wp--preset--spacing--xxl);padding-bottom:0;padding-left:var(--wp--preset--spacing--xxl)\">\n<a href=\"https:\/\/www.camping-besse.com\/nl\/\" target=\"_self\" data-link=\"true\"><div class=\"wp-block-group is-layout-flow wp-block-group-is-layout-flow\" data-link=\"https:\/\/www.camping-besse.com\/\" data-target=\"_self\">\n<figure class=\"wp-block-image aligncenter size-full\" style=\"margin-top:0;margin-bottom:0\"><img alt=\"Bois de Gravi\u00e8re circular mountain landscape logo\" decoding=\"async\" width=\"177\" height=\"240\" src=\"https:\/\/www.camping-besse.com\/wp-content\/uploads\/2025\/12\/logo-bois-de-graviere.png\" alt=\"\" class=\"wp-image-38\"\/><\/figure>\n<\/div><\/a>\n<\/div>\n\n\n\n<div style=\"height:var(--wp--preset--spacing--xxxxl)\" aria-hidden=\"true\" class=\"wp-block-spacer\"><\/div>\n\n\n\n<div style=\"height:var(--wp--preset--spacing--xxxxl)\" aria-hidden=\"true\" class=\"wp-block-spacer\"><\/div>\n\n\n\n<div style=\"height:var(--wp--preset--spacing--xxxxl)\" aria-hidden=\"true\" class=\"wp-block-spacer\"><\/div>\n\n\n\n<figure class=\"wp-block-image alignfull size-full hrz-elipse\"><img alt=\"\" decoding=\"async\" src=\"https:\/\/www.camping-besse.com\/wp-content\/uploads\/2025\/12\/elipse.svg\" alt=\"\" class=\"wp-image-223\"\/><\/figure>\n<\/div><\/div>\n\n\n<div style=\"padding-left:var(--wp--preset--spacing--s);padding-top:var(--wp--preset--spacing--s);padding-bottom:var(--wp--preset--spacing--s);\" class=\"alignfull wp-elements-5cd3591c1ade14a972751d58f754b855 wp-block-wpseopress-breadcrumbs has-text-color has-primary-color\"><nav  aria-label=\"breadcrumb\"><ol class=\"breadcrumb\" itemscope itemtype=\"https:\/\/schema.org\/BreadcrumbList\"><li class=\"breadcrumb-item active\" aria-current=\"page\" itemprop=\"itemListElement\" itemscope itemtype=\"https:\/\/schema.org\/ListItem\"><span itemprop=\"name\">Camping \u00e0 Super-Besse<\/span><meta itemprop=\"position\" content=\"1\"><\/li><\/ol><\/nav><\/div>\n\n\n<div class=\"wp-block-group alignfull has-global-padding is-layout-constrained wp-block-group-is-layout-constrained\">\n<div class=\"wp-block-columns alignfull is-layout-flex wp-container-core-columns-is-layout-28f84493 wp-block-columns-is-layout-flex\">\n<div class=\"wp-block-column is-layout-flow wp-block-column-is-layout-flow\">\n<h1 class=\"wp-block-heading has-text-align-center has-primary-color has-text-color has-link-color wp-elements-56143fa572dfeecaaeaa87835fe18544\">Verhuur van stacaravans dichtbij Super-Besse<\/h1>\n\n\n\n<p class=\"has-text-align-center has-secondary-color has-text-color has-link-color has-tertiary-font-family has-xxxxxl-font-size wp-elements-8aff8734c83dce10c6ef14de65d47210\">Comfortabele accommodatie<\/p>\n<\/div>\n<\/div>\n<\/div>\n\n\n\n<div class=\"wp-block-group alignfull hrz-galerie-3 has-global-padding is-layout-constrained wp-container-core-group-is-layout-a700ee33 wp-block-group-is-layout-constrained\" style=\"padding-top:0;padding-right:0;padding-bottom:0;padding-left:0\">\n<div class=\"wp-block-group has-global-padding is-layout-constrained wp-container-core-group-is-layout-41c22256 wp-block-group-is-layout-constrained\" style=\"padding-right:var(--wp--preset--spacing--l);padding-left:var(--wp--preset--spacing--l)\">\n<p class=\"has-text-align-center is-style-lab-p--base has-text-alt-color has-text-color has-link-color wp-elements-cc015556d8853d536b5b49670fd0b846\" style=\"margin-top:var(--wp--preset--spacing--s);margin-bottom:var(--wp--preset--spacing--m)\"><br>Welkom op onze <strong><a href=\"https:\/\/www.camping-besse.com\/nl\/\" data-type=\"page\" data-id=\"4\">camping bij Super-Besse<\/a><\/strong>genesteld in het hart van het Parc des Volcans d&#8217;Auvergne in de Puy-de-D\u00f4me, waar de zuivere lucht en vulkanische landschappen je uitnodigen om te ontspannen en te genieten van avontuur. Als je op zoek bent naar een accommodatie die comfort combineert met de nabijheid van de natuur, dan zijn onze stacaravans precies wat je zoekt. Ontdek hoe het huren van een stacaravan in Clermont-Ferrand van uw vakantie een onvergetelijke ervaring kan maken.  <br>(we zijn niet echt in Clermont Ferrand)<\/p>\n<\/div>\n<\/div>\n\n\n\n<div class=\"wp-block-group alignwide has-global-padding is-layout-constrained wp-block-group-is-layout-constrained\">\n\t<div class=\"alignfull is-layout-flow wp-block-hrz-blocks-query-camping-rest-is-layout-flow\">\n\t\t<ul class=\"hebergement-listing \">\n\t\t\t<style>:root { --query-color: var(--wp--preset--color--secondary); }<\/style>\t\t\t\t<li class=\"swiper-slide\">\n\t\t\t\t\t<div class=\"wp-block-group card-gamme is-style-default is-style-relative\"\n\t\t\t\t\t\t\t\t\t\t\t\t>\n\t\t\t\t\t\t<div class=\"wp-block-group thumbnail-image\">\n\t\t\t\t\t\t\t<a href=\"https:\/\/www.camping-besse.com\/nl\/hebergements\/stacaravan-modulo-duo-27-m%c2%b2-15m%c2%b2-terras\/\" title=\"Stacaravan Modulo Duo 27 m\u00b2 + 15m\u00b2 terras\">\n\t\t\t\t\t\t\t\t<figure class=\"wp-block-image alignfull size-large\" style=\"margin:0;\">\n\t\t\t\t\t\t\t\t\t<img decoding=\"async\" src=\"https:\/\/www.camping-besse.com\/wp-content\/uploads\/2026\/01\/00001143757-1024x651.jpg\"\n\t\t\t\t\t\t\t\t\t\talt=\"Stacaravan Modulo Duo 27 m\u00b2 + 15m\u00b2 terras\" \/>\n\t\t\t\t\t\t\t\t<\/figure>\n\t\t\t\t\t\t\t\t<div class=\"full\">\n\t\t\t\t\t\t\t\t\t<p class=\"text\">Disponible \u00e0 d&#8217;autres dates<\/p>\n\t\t\t\t\t\t\t\t<\/div>\n\t\t\t\t\t\t\t<\/a>\n\t\t\t\t\t\t<\/div>\n\n\n\t\t\t\t\t\t<div class=\"wp-block-group has-white-background-color has-background card-content\">\n\t\t\t\t\t\t\t<div class=\"wp-block-group content\">\n\t\t\t\t\t\t\t\t<h3 class=\"wp-block-heading has-secondary-color has-link-color has-secondary-color\">\n\t\t\t\t\t\t\t\t\tStacaravan Modulo Duo 27 m\u00b2 + 15m\u00b2 terras\t\t\t\t\t\t\t\t<\/h3>\n\n\t\t\t\t\t\t\t\t\t\t\t\t\t\t\t<\/div>\n\n\t\t\t\t\t\t\t<div class=\"wp-block-group card-price has-background\">\n\t\t\t\t\t\t\t\t<div class=\"loader\">\n\t\t\t\t\t\t\t\t\t<span class=\"dot\"><\/span>\n\t\t\t\t\t\t\t\t\t<span class=\"dot\"><\/span>\n\t\t\t\t\t\t\t\t\t<span class=\"dot\"><\/span>\n\t\t\t\t\t\t\t\t<\/div>\n\t\t\t\t\t\t\t\t<div class=\"booking_default\">\n\t\t\t\t\t\t\t\t\t<p class=\"has-text-align-right\">Van<\/p>\n\n\t\t\t\t\t\t\t\t\t<p class=\"has-text-align-right booking_price has-secondary-font-family\"><\/p>\n\t\t\t\t\t\t\t\t\t<p class=\"has-text-align-right booking_no_discount has-secondary-font-family\"><\/p>\n\n\t\t\t\t\t\t\t\t\t<p class=\"has-text-align-right dates\">\n\t\t\t\t\t\t\t\t\t\tDu <span class=\"start\"><\/span> au <span class=\"end\"><\/span>\t\t\t\t\t\t\t\t\t<\/p>\n\t\t\t\t\t\t\t\t<\/div>\n\t\t\t\t\t\t\t\t<div class=\"wp-block-group booking_alt\">\n\t\t\t\t\t\t\t\t\t<p class=\"booking_alt_text\">Disponible \u00e0 d&#8217;autres dates<\/p>\n\t\t\t\t\t\t\t\t\t<div class=\"booking_alt_content\">\n\t\t\t\t\t\t\t\t\t<\/div>\n\t\t\t\t\t\t\t\t<\/div>\n\t\t\t\t\t\t\t<\/div>\n\t\t\t\t\t\t<\/div>\n\n\t\t\t\t\t\t<div class=\"wp-block-buttons has-custom-font-size has-l-font-size\">\n\t\t\t\t\t\t\t<div\n\t\t\t\t\t\t\t\tclass=\"wp-block-button has-custom-width wp-block-button__width-100 has-custom-font-size booking-btn has-secondary-font-family\">\n\t\t\t\t\t\t\t\t<a href=\"https:\/\/www.camping-besse.com\/nl\/hebergements\/stacaravan-modulo-duo-27-m%c2%b2-15m%c2%b2-terras\/\"\n\t\t\t\t\t\t\t\t\tclass=\"wp-block-button__link has-white-color has-text-color has-background has-link-color has-text-align-center wp-element-button\">\n\t\t\t\t\t\t\t\t\tOntdek\t\t\t\t\t\t\t\t<\/a>\n\t\t\t\t\t\t\t<\/div>\n\t\t\t\t\t\t<\/div>\n\t\t\t\t\t\t<div class=\"booking_last\">\n\t\t\t\t\t\t\t<p class=\"booking_last_content\">\n\t\t\t\t\t\t\t\tAlleen <span class=\"booking_last_value\"><\/span> <br> beschikbaar\t\t\t\t\t\t\t<\/p>\n\t\t\t\t\t\t<\/div>\n\t\t\t\t\t\t<div class=\"booking_exclusive is-style-hover-image-effect\"><\/div>\n\t\t\t\t\t<\/div>\n\t\t\t\t<\/li>\n\n\t\t\t\t\t\t\t<li class=\"swiper-slide\">\n\t\t\t\t\t<div class=\"wp-block-group card-gamme is-style-default is-style-relative\"\n\t\t\t\t\t\t\t\t\t\t\t\t>\n\t\t\t\t\t\t<div class=\"wp-block-group thumbnail-image\">\n\t\t\t\t\t\t\t<a href=\"https:\/\/www.camping-besse.com\/nl\/hebergements\/stacaravan-santa-fe-loisir-30m%c2%b2-2-slaapkamers\/\" title=\"Stacaravan Santa F\u00e9 Loisir 30m\u00b2 (2 slaapkamers)\">\n\t\t\t\t\t\t\t\t<figure class=\"wp-block-image alignfull size-large\" style=\"margin:0;\">\n\t\t\t\t\t\t\t\t\t<img decoding=\"async\" src=\"https:\/\/www.camping-besse.com\/wp-content\/uploads\/2026\/01\/00000309836-1024x768.jpg\"\n\t\t\t\t\t\t\t\t\t\talt=\"Stacaravan Santa F\u00e9 Loisir 30m\u00b2 (2 slaapkamers)\" \/>\n\t\t\t\t\t\t\t\t<\/figure>\n\t\t\t\t\t\t\t\t<div class=\"full\">\n\t\t\t\t\t\t\t\t\t<p class=\"text\">Disponible \u00e0 d&#8217;autres dates<\/p>\n\t\t\t\t\t\t\t\t<\/div>\n\t\t\t\t\t\t\t<\/a>\n\t\t\t\t\t\t<\/div>\n\n\n\t\t\t\t\t\t<div class=\"wp-block-group has-white-background-color has-background card-content\">\n\t\t\t\t\t\t\t<div class=\"wp-block-group content\">\n\t\t\t\t\t\t\t\t<h3 class=\"wp-block-heading has-secondary-color has-link-color has-secondary-color\">\n\t\t\t\t\t\t\t\t\tStacaravan Santa F\u00e9 Loisir 30m\u00b2 (2 slaapkamers)\t\t\t\t\t\t\t\t<\/h3>\n\n\t\t\t\t\t\t\t\t\t\t\t\t\t\t\t<\/div>\n\n\t\t\t\t\t\t\t<div class=\"wp-block-group card-price has-background\">\n\t\t\t\t\t\t\t\t<div class=\"loader\">\n\t\t\t\t\t\t\t\t\t<span class=\"dot\"><\/span>\n\t\t\t\t\t\t\t\t\t<span class=\"dot\"><\/span>\n\t\t\t\t\t\t\t\t\t<span class=\"dot\"><\/span>\n\t\t\t\t\t\t\t\t<\/div>\n\t\t\t\t\t\t\t\t<div class=\"booking_default\">\n\t\t\t\t\t\t\t\t\t<p class=\"has-text-align-right\">Van<\/p>\n\n\t\t\t\t\t\t\t\t\t<p class=\"has-text-align-right booking_price has-secondary-font-family\"><\/p>\n\t\t\t\t\t\t\t\t\t<p class=\"has-text-align-right booking_no_discount has-secondary-font-family\"><\/p>\n\n\t\t\t\t\t\t\t\t\t<p class=\"has-text-align-right dates\">\n\t\t\t\t\t\t\t\t\t\tDu <span class=\"start\"><\/span> au <span class=\"end\"><\/span>\t\t\t\t\t\t\t\t\t<\/p>\n\t\t\t\t\t\t\t\t<\/div>\n\t\t\t\t\t\t\t\t<div class=\"wp-block-group booking_alt\">\n\t\t\t\t\t\t\t\t\t<p class=\"booking_alt_text\">Disponible \u00e0 d&#8217;autres dates<\/p>\n\t\t\t\t\t\t\t\t\t<div class=\"booking_alt_content\">\n\t\t\t\t\t\t\t\t\t<\/div>\n\t\t\t\t\t\t\t\t<\/div>\n\t\t\t\t\t\t\t<\/div>\n\t\t\t\t\t\t<\/div>\n\n\t\t\t\t\t\t<div class=\"wp-block-buttons has-custom-font-size has-l-font-size\">\n\t\t\t\t\t\t\t<div\n\t\t\t\t\t\t\t\tclass=\"wp-block-button has-custom-width wp-block-button__width-100 has-custom-font-size booking-btn has-secondary-font-family\">\n\t\t\t\t\t\t\t\t<a href=\"https:\/\/www.camping-besse.com\/nl\/hebergements\/stacaravan-santa-fe-loisir-30m%c2%b2-2-slaapkamers\/\"\n\t\t\t\t\t\t\t\t\tclass=\"wp-block-button__link has-white-color has-text-color has-background has-link-color has-text-align-center wp-element-button\">\n\t\t\t\t\t\t\t\t\tOntdek\t\t\t\t\t\t\t\t<\/a>\n\t\t\t\t\t\t\t<\/div>\n\t\t\t\t\t\t<\/div>\n\t\t\t\t\t\t<div class=\"booking_last\">\n\t\t\t\t\t\t\t<p class=\"booking_last_content\">\n\t\t\t\t\t\t\t\tAlleen <span class=\"booking_last_value\"><\/span> <br> beschikbaar\t\t\t\t\t\t\t<\/p>\n\t\t\t\t\t\t<\/div>\n\t\t\t\t\t\t<div class=\"booking_exclusive is-style-hover-image-effect\"><\/div>\n\t\t\t\t\t<\/div>\n\t\t\t\t<\/li>\n\n\t\t\t\t\t\t\t<li class=\"swiper-slide\">\n\t\t\t\t\t<div class=\"wp-block-group card-gamme is-style-default is-style-relative\"\n\t\t\t\t\t\t\t\t\t\t\t\t>\n\t\t\t\t\t\t<div class=\"wp-block-group thumbnail-image\">\n\t\t\t\t\t\t\t<a href=\"https:\/\/www.camping-besse.com\/nl\/hebergements\/stacaravan-malaga-25-m%c2%b2-8m%c2%b2-halfoverdekt-terras\/\" title=\"Stacaravan Malaga 25 m\u00b2 + 8m\u00b2 halfoverdekt terras\">\n\t\t\t\t\t\t\t\t<figure class=\"wp-block-image alignfull size-large\" style=\"margin:0;\">\n\t\t\t\t\t\t\t\t\t<img decoding=\"async\" src=\"https:\/\/www.camping-besse.com\/wp-content\/uploads\/2026\/01\/00001196620.png\"\n\t\t\t\t\t\t\t\t\t\talt=\"Stacaravan Malaga 25 m\u00b2 + 8m\u00b2 halfoverdekt terras\" \/>\n\t\t\t\t\t\t\t\t<\/figure>\n\t\t\t\t\t\t\t\t<div class=\"full\">\n\t\t\t\t\t\t\t\t\t<p class=\"text\">Disponible \u00e0 d&#8217;autres dates<\/p>\n\t\t\t\t\t\t\t\t<\/div>\n\t\t\t\t\t\t\t<\/a>\n\t\t\t\t\t\t<\/div>\n\n\n\t\t\t\t\t\t<div class=\"wp-block-group has-white-background-color has-background card-content\">\n\t\t\t\t\t\t\t<div class=\"wp-block-group content\">\n\t\t\t\t\t\t\t\t<h3 class=\"wp-block-heading has-secondary-color has-link-color has-secondary-color\">\n\t\t\t\t\t\t\t\t\tStacaravan Malaga 25 m\u00b2 + 8m\u00b2 halfoverdekt terras\t\t\t\t\t\t\t\t<\/h3>\n\n\t\t\t\t\t\t\t\t\t\t\t\t\t\t\t<\/div>\n\n\t\t\t\t\t\t\t<div class=\"wp-block-group card-price has-background\">\n\t\t\t\t\t\t\t\t<div class=\"loader\">\n\t\t\t\t\t\t\t\t\t<span class=\"dot\"><\/span>\n\t\t\t\t\t\t\t\t\t<span class=\"dot\"><\/span>\n\t\t\t\t\t\t\t\t\t<span class=\"dot\"><\/span>\n\t\t\t\t\t\t\t\t<\/div>\n\t\t\t\t\t\t\t\t<div class=\"booking_default\">\n\t\t\t\t\t\t\t\t\t<p class=\"has-text-align-right\">Van<\/p>\n\n\t\t\t\t\t\t\t\t\t<p class=\"has-text-align-right booking_price has-secondary-font-family\"><\/p>\n\t\t\t\t\t\t\t\t\t<p class=\"has-text-align-right booking_no_discount has-secondary-font-family\"><\/p>\n\n\t\t\t\t\t\t\t\t\t<p class=\"has-text-align-right dates\">\n\t\t\t\t\t\t\t\t\t\tDu <span class=\"start\"><\/span> au <span class=\"end\"><\/span>\t\t\t\t\t\t\t\t\t<\/p>\n\t\t\t\t\t\t\t\t<\/div>\n\t\t\t\t\t\t\t\t<div class=\"wp-block-group booking_alt\">\n\t\t\t\t\t\t\t\t\t<p class=\"booking_alt_text\">Disponible \u00e0 d&#8217;autres dates<\/p>\n\t\t\t\t\t\t\t\t\t<div class=\"booking_alt_content\">\n\t\t\t\t\t\t\t\t\t<\/div>\n\t\t\t\t\t\t\t\t<\/div>\n\t\t\t\t\t\t\t<\/div>\n\t\t\t\t\t\t<\/div>\n\n\t\t\t\t\t\t<div class=\"wp-block-buttons has-custom-font-size has-l-font-size\">\n\t\t\t\t\t\t\t<div\n\t\t\t\t\t\t\t\tclass=\"wp-block-button has-custom-width wp-block-button__width-100 has-custom-font-size booking-btn has-secondary-font-family\">\n\t\t\t\t\t\t\t\t<a href=\"https:\/\/www.camping-besse.com\/nl\/hebergements\/stacaravan-malaga-25-m%c2%b2-8m%c2%b2-halfoverdekt-terras\/\"\n\t\t\t\t\t\t\t\t\tclass=\"wp-block-button__link has-white-color has-text-color has-background has-link-color has-text-align-center wp-element-button\">\n\t\t\t\t\t\t\t\t\tOntdek\t\t\t\t\t\t\t\t<\/a>\n\t\t\t\t\t\t\t<\/div>\n\t\t\t\t\t\t<\/div>\n\t\t\t\t\t\t<div class=\"booking_last\">\n\t\t\t\t\t\t\t<p class=\"booking_last_content\">\n\t\t\t\t\t\t\t\tAlleen <span class=\"booking_last_value\"><\/span> <br> beschikbaar\t\t\t\t\t\t\t<\/p>\n\t\t\t\t\t\t<\/div>\n\t\t\t\t\t\t<div class=\"booking_exclusive is-style-hover-image-effect\"><\/div>\n\t\t\t\t\t<\/div>\n\t\t\t\t<\/li>\n\n\t\t\t\t\t<\/ul>\n\n\t<\/div>\n\n<\/div>\n\n\n\n<div class=\"wp-block-group alignfull hrz-galerie-3 has-global-padding is-layout-constrained wp-container-core-group-is-layout-a700ee33 wp-block-group-is-layout-constrained\" style=\"padding-top:0;padding-right:0;padding-bottom:0;padding-left:0\">\n<div class=\"wp-block-group has-global-padding is-layout-constrained wp-container-core-group-is-layout-41c22256 wp-block-group-is-layout-constrained\" style=\"padding-right:var(--wp--preset--spacing--l);padding-left:var(--wp--preset--spacing--l)\">\n<p class=\"has-text-align-center is-style-top-title has-primary-color has-text-color has-link-color has-secondary-font-family has-xxxxl-font-size wp-elements-6f5ca22d89003fce13090869ad0dacf7 is-style-top-title--1\" style=\"line-height:1.2\"><br>Huur een stacaravan in Clermont-Ferrand<\/p>\n\n\n\n<h2 class=\"wp-block-heading has-text-align-center has-secondary-color has-text-color has-link-color has-tertiary-font-family has-xxxxl-font-size wp-elements-09c168f6f1e996e447fa21b1a24632d0\" style=\"line-height:1\">In de Puy-de-D\u00f4me<\/h2>\n\n\n\n<p class=\"has-text-align-center is-style-lab-p--base has-text-alt-color has-text-color has-link-color wp-elements-4d11c9eeabb2b88f6ef88b565f97fd2b\" style=\"margin-top:var(--wp--preset--spacing--s);margin-bottom:var(--wp--preset--spacing--m)\"><br>  De camping &#8220;Bois de Gravi\u00e8re&#8221; is ideaal gelegen aan de voet van de Puy de Sancy in de buurt van Clermont-Ferrand, en biedt gemakkelijke toegang tot de natuurlijke en culturele schatten van onze mooie Auvergne streek. Onze stacaravans zijn ontworpen om je al het comfort te bieden dat je nodig hebt na een dag op ontdekkingstocht te zijn geweest. Stelt u zich eens voor dat u na een wandeling over de vulkanische paden terugkomt in een warme en gastvrije ruimte waar u in alle rust kunt ontspannen. Elke stacaravan is uitgerust om aan je behoeften te voldoen, met een functionele keuken, comfortabele slaapkamers en een terras waar je kunt genieten van de warme zomeravonden.   <\/p>\n\n\n\n<p class=\"has-text-align-center is-style-top-title has-primary-color has-text-color has-link-color has-secondary-font-family has-xxxxl-font-size wp-elements-10f5cc6421c93e24ccd877bd1a959ed8 is-style-top-title--2\" style=\"line-height:1.2\">Ontdek onze<\/p>\n\n\n\n<h2 class=\"wp-block-heading has-text-align-center has-secondary-color has-text-color has-link-color has-tertiary-font-family has-xxxxl-font-size wp-elements-5299b3bfbd15807836f48c7fbb660474\" style=\"line-height:1\">Compleet aanbod van stacaravans<\/h2>\n\n\n\n<p class=\"has-text-align-center\">Bij Bois de Gravi\u00e8re weten we dat elk gezin uniek is en daarom bieden we een breed scala aan stacaravans die passen bij jouw specifieke behoeften. Of je nu met z&#8217;n twee\u00ebn, met het gezin of met vrienden reist, je vindt altijd de accommodatie die bij je past. Onze stacaravans bieden plaats aan twee tot negen personen, met verschillende configuraties om je comfort te garanderen. Je zult de lichte, goed ingerichte leefruimtes waarderen, perfect om gezellige momenten te delen. Bovendien heeft elke stacaravan een eigen terras, ideaal om buiten te ontbijten of te dineren onder de sterren.    <\/p>\n\n\n\n<p class=\"has-text-align-center is-style-top-title has-primary-color has-text-color has-link-color has-secondary-font-family has-xxxxl-font-size wp-elements-4ce6854e43b11498170deb8b8eb2c958 is-style-top-title--3\" style=\"line-height:1.2\">Kies een stacaravan in Clermont-Ferrand<\/p>\n\n\n\n<h2 class=\"wp-block-heading has-text-align-center has-secondary-color has-text-color has-link-color has-tertiary-font-family has-xxxxl-font-size wp-elements-f3284d588ee75e8b8ea7399792952984\" style=\"line-height:1\">Voor een comfortabele vakantie<\/h2>\n\n\n\n<p class=\"has-text-align-center\">Kiezen voor een stacaravan op camping &#8220;Bois de Gravi\u00e8re&#8221; betekent kiezen voor een zorgeloze vakantie. Het enige wat je hoeft te doen is je koffers neerzetten en genieten van het moment. Onze stacaravans zijn uitgerust met alles wat je nodig hebt om je thuis te voelen: een volledig uitgeruste keuken, een moderne badkamer en comfortabel beddengoed. Bovendien biedt onze camping tal van diensten om je verblijf zo aangenaam mogelijk te maken: verwarmd zwembad, speeltuin en in het seizoen animatie voor alle leeftijden. Je kunt ook gebruik maken van onze afhaalservice om lokale specialiteiten te ontdekken zonder dat je de camping hoeft te verlaten.    <\/p>\n\n\n\n<p class=\"has-text-align-center is-style-top-title has-primary-color has-text-color has-link-color has-secondary-font-family has-xxxxl-font-size wp-elements-7e7a88db9f3d18922058fb114528d2ff is-style-top-title--4\" style=\"line-height:1.2\">Onze verschillende accommodatietypes<\/p>\n\n\n\n<h2 class=\"wp-block-heading has-text-align-center has-secondary-color has-text-color has-link-color has-tertiary-font-family has-xxxxl-font-size wp-elements-5f7d9fc766f072d7718db9c84283266f\" style=\"line-height:1\">In Clermont-Ferrand in het departement Puy-de-D\u00f4me<\/h2>\n\n\n\n<p class=\"has-text-align-center\">Naast onze stacaravans biedt camping Bois de Gravi\u00e8re verschillende accommodaties naar ieders smaak. Of je nu van traditioneel kamperen houdt of het comfort van een chalet verkiest, wij hebben iets voor jou. Natuurliefhebbers kunnen op onze ruime, schaduwrijke kampeerplaatsen hun tent of caravan in een groene omgeving neerzetten. Als je op zoek bent naar een meer ongewone ervaring, bieden onze tent lodges een totale onderdompeling in de natuur met alle moderne gemakken.   <\/p>\n\n\n\n<p class=\"has-text-align-center\">Kortom, de camping Bois de Gravi\u00e8re is de ideale plek om de Puy-de-D\u00f4me en de Cha\u00eene des Puys te ontdekken in een comfortabele en goed uitgeruste accommodatie. Onze stacaravans geven je de vrijheid om in je eigen tempo van je vakantie te genieten, met de kans om nieuwe energie op te doen in een uitzonderlijke natuurlijke omgeving. Wacht dus niet langer met het boeken van uw verblijf en kom onvergetelijke momenten beleven in Clermont-Ferrand.  <\/p>\n<\/div>\n<\/div>\n\n\n\n<p><\/p>\n","protected":false},"excerpt":{"rendered":"<p>Verhuur van stacaravans dichtbij Super-Besse Comfortabele accommodatie Welkom op onze camping bij Super-Bessegenesteld in het hart van het Parc des Volcans d&#8217;Auvergne in de Puy-de-D\u00f4me, waar de zuivere lucht en vulkanische landschappen je uitnodigen om te ontspannen en te genieten van avontuur. Als je op zoek bent naar een accommodatie die comfort combineert met de [&hellip;]<\/p>\n","protected":false},"author":1,"featured_media":0,"parent":0,"menu_order":0,"comment_status":"closed","ping_status":"closed","template":"page-no-title","meta":{"_acf_changed":false,"_seopress_robots_primary_cat":"","_seopress_titles_title":"Verhuur van stacaravans Super-Besse | Verhuur van stacaravans voor 2 tot 9 personen","_seopress_titles_desc":"Huur een stacaravan in Super-Besse op Camping Bois de Gravi\u00e8re: 2 tot 9 slaapplaatsen, priv\u00e9terras, volledig uitgeruste keuken en verwarmd zwembad in de Puy-de-D\u00f4me.","_seopress_robots_index":"","footnotes":""},"class_list":["post-1651","page","type-page","status-publish","hentry"],"acf":[],"_links":{"self":[{"href":"https:\/\/www.camping-besse.com\/nl\/wp-json\/wp\/v2\/pages\/1651","targetHints":{"allow":["GET"]}}],"collection":[{"href":"https:\/\/www.camping-besse.com\/nl\/wp-json\/wp\/v2\/pages"}],"about":[{"href":"https:\/\/www.camping-besse.com\/nl\/wp-json\/wp\/v2\/types\/page"}],"author":[{"embeddable":true,"href":"https:\/\/www.camping-besse.com\/nl\/wp-json\/wp\/v2\/users\/1"}],"replies":[{"embeddable":true,"href":"https:\/\/www.camping-besse.com\/nl\/wp-json\/wp\/v2\/comments?post=1651"}],"version-history":[{"count":3,"href":"https:\/\/www.camping-besse.com\/nl\/wp-json\/wp\/v2\/pages\/1651\/revisions"}],"predecessor-version":[{"id":2412,"href":"https:\/\/www.camping-besse.com\/nl\/wp-json\/wp\/v2\/pages\/1651\/revisions\/2412"}],"wp:attachment":[{"href":"https:\/\/www.camping-besse.com\/nl\/wp-json\/wp\/v2\/media?parent=1651"}],"curies":[{"name":"wp","href":"https:\/\/api.w.org\/{rel}","templated":true}]}}