{"id":1961,"date":"2025-12-16T09:45:46","date_gmt":"2025-12-16T08:45:46","guid":{"rendered":"https:\/\/www.camping-besse.com\/opinie\/"},"modified":"2026-03-20T15:29:01","modified_gmt":"2026-03-20T14:29:01","slug":"opinie","status":"publish","type":"page","link":"https:\/\/www.camping-besse.com\/nl\/opinie\/","title":{"rendered":"Opinie"},"content":{"rendered":"\n<div class=\"wp-block-cover alignfull is-light has-custom-content-position is-position-bottom-center has-aspect-ratio\" style=\"margin-top:0;margin-bottom:0;padding-top:var(--wp--preset--spacing--xxxxl);padding-right:0;padding-bottom:0;padding-left:0;aspect-ratio:16\/9;min-height:unset;\"><img alt=\"Grassy mountain ridges under blue sky\" decoding=\"async\" width=\"2560\" height=\"1440\" class=\"wp-block-cover__image-background wp-image-247 size-16\/9_2560x1440_desktop\" alt=\"\" src=\"https:\/\/www.camping-besse.com\/wp-content\/uploads\/2025\/12\/reliefs-auvergne-2560x1440.webp\" data-object-fit=\"cover\" srcset=\"https:\/\/www.camping-besse.com\/wp-content\/uploads\/2025\/12\/reliefs-auvergne-2560x1440.webp 2560w, https:\/\/www.camping-besse.com\/wp-content\/uploads\/2025\/12\/reliefs-auvergne-1920x1080.webp 1920w, https:\/\/www.camping-besse.com\/wp-content\/uploads\/2025\/12\/reliefs-auvergne-1440x810.webp 1440w, https:\/\/www.camping-besse.com\/wp-content\/uploads\/2025\/12\/reliefs-auvergne-1366x768.webp 1366w, https:\/\/www.camping-besse.com\/wp-content\/uploads\/2025\/12\/reliefs-auvergne-1024x576.webp 1024w, https:\/\/www.camping-besse.com\/wp-content\/uploads\/2025\/12\/reliefs-auvergne-800x450.webp 800w, https:\/\/www.camping-besse.com\/wp-content\/uploads\/2025\/12\/reliefs-auvergne-640x360.webp 640w, https:\/\/www.camping-besse.com\/wp-content\/uploads\/2025\/12\/reliefs-auvergne-375x210.webp 375w, https:\/\/www.camping-besse.com\/wp-content\/uploads\/2025\/12\/reliefs-auvergne-200x112.webp 200w, https:\/\/www.camping-besse.com\/wp-content\/uploads\/2025\/12\/reliefs-auvergne-100x56.webp 100w\" sizes=\"(max-width: 2560px) 100vw, 2560px\" \/><span aria-hidden=\"true\" class=\"wp-block-cover__background has-background-dim-0 has-background-dim\"><\/span><div class=\"wp-block-cover__inner-container is-layout-flow wp-block-cover-is-layout-flow\">\n<figure class=\"wp-block-image size-full hrz-tampon-haut\"><img alt=\"Auvergne Rh\u00f4ne-Alpes circular stamp logo\" decoding=\"async\" width=\"243\" height=\"243\" src=\"https:\/\/www.camping-besse.com\/wp-content\/uploads\/2025\/12\/tampon-beige.png\" alt=\"\" class=\"wp-image-220\" srcset=\"https:\/\/www.camping-besse.com\/wp-content\/uploads\/2025\/12\/tampon-beige.png 243w, https:\/\/www.camping-besse.com\/wp-content\/uploads\/2025\/12\/tampon-beige-150x150.png 150w, https:\/\/www.camping-besse.com\/wp-content\/uploads\/2025\/12\/tampon-beige-200x200.png 200w, https:\/\/www.camping-besse.com\/wp-content\/uploads\/2025\/12\/tampon-beige-100x100.png 100w\" sizes=\"(max-width: 243px) 100vw, 243px\" \/><\/figure>\n\n\n\n<div class=\"wp-block-group hrz-hero-5-content is-layout-flow wp-container-core-group-is-layout-911427bc wp-block-group-is-layout-flow\" style=\"margin-top:0;margin-bottom:0;padding-top:0;padding-right:var(--wp--preset--spacing--xxl);padding-bottom:0;padding-left:var(--wp--preset--spacing--xxl)\">\n<a href=\"https:\/\/www.camping-besse.com\/\" target=\"_self\" data-link=\"true\"><div class=\"wp-block-group is-layout-flow wp-block-group-is-layout-flow\" data-link=\"https:\/\/www.camping-besse.com\/\" data-target=\"_self\">\n<figure class=\"wp-block-image aligncenter size-full\" style=\"margin-top:0;margin-bottom:0\"><img alt=\"Bois de Gravi\u00e8re circular mountain landscape logo\" decoding=\"async\" width=\"177\" height=\"240\" src=\"https:\/\/www.camping-besse.com\/wp-content\/uploads\/2025\/12\/logo-bois-de-graviere.png\" alt=\"\" class=\"wp-image-38\"\/><\/figure>\n<\/div><\/a>\n<\/div>\n\n\n\n<div style=\"height:var(--wp--preset--spacing--xxxxl)\" aria-hidden=\"true\" class=\"wp-block-spacer\"><\/div>\n\n\n\n<div style=\"height:var(--wp--preset--spacing--xxxxl)\" aria-hidden=\"true\" class=\"wp-block-spacer\"><\/div>\n\n\n\n<div style=\"height:var(--wp--preset--spacing--xxxxl)\" aria-hidden=\"true\" class=\"wp-block-spacer\"><\/div>\n\n\n\n<figure class=\"wp-block-image alignfull size-full hrz-elipse\"><img alt=\"\" decoding=\"async\" src=\"https:\/\/www.camping-besse.com\/wp-content\/uploads\/2025\/12\/elipse.svg\" alt=\"\" class=\"wp-image-223\"\/><\/figure>\n<\/div><\/div>\n<div style=\"padding-left:var(--wp--preset--spacing--s);padding-top:var(--wp--preset--spacing--s);padding-bottom:var(--wp--preset--spacing--s);\" class=\"alignfull wp-elements-5cd3591c1ade14a972751d58f754b855 wp-block-wpseopress-breadcrumbs has-text-color has-primary-color\"><nav  aria-label=\"breadcrumb\"><ol class=\"breadcrumb\" itemscope itemtype=\"https:\/\/schema.org\/BreadcrumbList\"><li class=\"breadcrumb-item active\" aria-current=\"page\" itemprop=\"itemListElement\" itemscope itemtype=\"https:\/\/schema.org\/ListItem\"><span itemprop=\"name\">Camping \u00e0 Super-Besse<\/span><meta itemprop=\"position\" content=\"1\"><\/li><\/ol><\/nav><\/div>\n<div class=\"wp-block-group alignfull has-global-padding is-layout-constrained wp-block-group-is-layout-constrained\">\n<div class=\"wp-block-columns alignfull is-layout-flex wp-container-core-columns-is-layout-28f84493 wp-block-columns-is-layout-flex\">\n<div class=\"wp-block-column is-layout-flow wp-block-column-is-layout-flow\">\n<h1 class=\"wp-block-heading has-text-align-center has-primary-color has-text-color has-link-color wp-elements-1e6f383d116cc23f80b6de18ebe2aae2\">Mening van camping Bois de Gravi\u00e8re bij Super-Besse<\/h1>\n\n\n\n<p class=\"has-text-align-center has-secondary-color has-text-color has-link-color has-tertiary-font-family has-xxxxxl-font-size wp-elements-18a50522a83e611496540c6d5fab498b\">De meningen van onze vakantiegangers<\/p>\n<\/div>\n<\/div>\n<\/div>\n\n<div class=\"wp-block-group has-global-padding is-layout-constrained wp-block-group-is-layout-constrained\">\n<div class=\"wp-block-columns is-layout-flex wp-container-core-columns-is-layout-28f84493 wp-block-columns-is-layout-flex\">\n<div class=\"wp-block-column is-layout-flow wp-block-column-is-layout-flow\">\n<ctv-reviews-list><\/ctv-reviews-list>\n<\/div>\n<\/div>\n<\/div>\n\n<div class=\"wp-block-group alignfull hrz-galerie-3 has-global-padding is-layout-constrained wp-container-core-group-is-layout-a700ee33 wp-block-group-is-layout-constrained\" style=\"padding-top:0;padding-right:0;padding-bottom:0;padding-left:0\">\n<div class=\"wp-block-group has-global-padding is-layout-constrained wp-container-core-group-is-layout-41c22256 wp-block-group-is-layout-constrained\" style=\"padding-right:var(--wp--preset--spacing--l);padding-left:var(--wp--preset--spacing--l)\">\n<p class=\"has-text-align-center is-style-lab-p--base has-text-alt-color has-text-color has-link-color wp-elements-2eb1c5701a86f658535d189cbb7e4be6\" style=\"margin-top:var(--wp--preset--spacing--s);margin-bottom:var(--wp--preset--spacing--m)\">Welkom op camping Bois de Gravi\u00e8re, genesteld in het hart van de Puy-de-D\u00f4me, op een steenworp afstand van Clermont-Ferrand. Deze camping is een ideale bestemming voor wie de natuurlijke en culturele rijkdommen van de streek wil ontdekken. Met zijn ruime kampeerplaatsen en comfortabele accommodatie biedt Bois de Gravi\u00e8re een authentieke kampeerervaring en alle comfort voor een geslaagde vakantie.  <\/p>\n\n\n\n<p class=\"has-text-align-center\">Door te verblijven in onze <strong><a href=\"https:\/\/www.camping-besse.com\/nl\/\" data-type=\"page\" data-id=\"4\">etablissement in de buurt van Super-Besse<\/a><\/strong>ontdek je een omgeving die bevorderlijk is voor ontspanning en avontuur. Wandelliefhebbers kunnen hun hart ophalen op de paden die door het Parc des Volcans d&#8217;Auvergne slingeren. Voor gezinnen biedt de camping een beveiligde speeltuin en verschillende activiteiten voor groot en klein. Moderne faciliteiten, zoals het verwarmde zwembad en de wellnessruimte, voegen een vleugje comfort toe aan je verblijf. Reviews van bezoekers benadrukken vaak het warme welkom en de behulpzaamheid van het personeel, dat bijdraagt aan een vriendelijke, gastvrije sfeer.    <\/p>\n\n\n\n<p class=\"has-text-align-center is-style-lab-p--base has-text-alt-color has-text-color has-link-color wp-elements-e123953d38b56daa62573c839f9b7178\" style=\"margin-top:var(--wp--preset--spacing--s);margin-bottom:var(--wp--preset--spacing--m)\">Kortom, camping Bois de Gravi\u00e8re is meer dan alleen een plek om te verblijven: het is een toegangspoort tot de wonderen van de Puy-de-D\u00f4me en de Cha\u00eene des Puys. Of je nu op zoek bent naar rust of avontuur, deze camping zal aan je verwachtingen voldoen. Aarzel niet om de beoordelingen van andere vakantiegangers te bekijken om een beter idee te krijgen van wat je te wachten staat. Boek nu voor een unieke ervaring in het hart van de Auvergne!   <\/p>\n<\/div>\n<\/div>\n\n<div style=\"height:var(--wp--preset--spacing--xxxxl)\" aria-hidden=\"true\" class=\"wp-block-spacer\"><\/div>\n","protected":false},"excerpt":{"rendered":"<p>Mening van camping Bois de Gravi\u00e8re bij Super-Besse De meningen van onze vakantiegangers Welkom op camping Bois de Gravi\u00e8re, genesteld in het hart van de Puy-de-D\u00f4me, op een steenworp afstand van Clermont-Ferrand. Deze camping is een ideale bestemming voor wie de natuurlijke en culturele rijkdommen van de streek wil ontdekken. Met zijn ruime kampeerplaatsen en [&hellip;]<\/p>\n","protected":false},"author":1,"featured_media":0,"parent":0,"menu_order":0,"comment_status":"closed","ping_status":"closed","template":"page-no-title","meta":{"_acf_changed":false,"_seopress_robots_primary_cat":"","_seopress_titles_title":"Beoordelingen van Camping Bois de Gravi\u00e8re in Super-Besse | Beste camping in Puy-de-D\u00f4me","_seopress_titles_desc":"8.83\/10 van 216 beoordelingen: lees wat vakantiegangers vinden van de 4-sterren Camping Bois de Gravi\u00e8re in Super-Besse, in het hart van de vulkanen van de Auvergne.","_seopress_robots_index":"","footnotes":""},"class_list":["post-1961","page","type-page","status-publish","hentry"],"acf":[],"_links":{"self":[{"href":"https:\/\/www.camping-besse.com\/nl\/wp-json\/wp\/v2\/pages\/1961","targetHints":{"allow":["GET"]}}],"collection":[{"href":"https:\/\/www.camping-besse.com\/nl\/wp-json\/wp\/v2\/pages"}],"about":[{"href":"https:\/\/www.camping-besse.com\/nl\/wp-json\/wp\/v2\/types\/page"}],"author":[{"embeddable":true,"href":"https:\/\/www.camping-besse.com\/nl\/wp-json\/wp\/v2\/users\/1"}],"replies":[{"embeddable":true,"href":"https:\/\/www.camping-besse.com\/nl\/wp-json\/wp\/v2\/comments?post=1961"}],"version-history":[{"count":2,"href":"https:\/\/www.camping-besse.com\/nl\/wp-json\/wp\/v2\/pages\/1961\/revisions"}],"predecessor-version":[{"id":1972,"href":"https:\/\/www.camping-besse.com\/nl\/wp-json\/wp\/v2\/pages\/1961\/revisions\/1972"}],"wp:attachment":[{"href":"https:\/\/www.camping-besse.com\/nl\/wp-json\/wp\/v2\/media?parent=1961"}],"curies":[{"name":"wp","href":"https:\/\/api.w.org\/{rel}","templated":true}]}}