{"id":1979,"date":"2025-12-16T09:45:47","date_gmt":"2025-12-16T08:45:47","guid":{"rendered":"https:\/\/www.camping-besse.com\/faq\/"},"modified":"2026-03-23T10:09:52","modified_gmt":"2026-03-23T09:09:52","slug":"faq","status":"publish","type":"page","link":"https:\/\/www.camping-besse.com\/nl\/faq\/","title":{"rendered":"FAQ"},"content":{"rendered":"\n<div class=\"wp-block-cover alignfull is-light has-custom-content-position is-position-bottom-center has-aspect-ratio\" style=\"margin-top:0;margin-bottom:0;padding-top:var(--wp--preset--spacing--xxxxl);padding-right:0;padding-bottom:0;padding-left:0;aspect-ratio:16\/9;min-height:unset;\"><img decoding=\"async\" width=\"2560\" height=\"1440\" class=\"wp-block-cover__image-background wp-image-1515 size-16\/9_2560x1440_desktop\" alt=\"bois graviere faq\" src=\"https:\/\/www.camping-besse.com\/wp-content\/uploads\/2026\/03\/bois-graviere-faq-2560x1440.webp\" style=\"object-position:50% 100%\" data-object-fit=\"cover\" data-object-position=\"50% 100%\" srcset=\"https:\/\/www.camping-besse.com\/wp-content\/uploads\/2026\/03\/bois-graviere-faq-2560x1440.webp 2560w, https:\/\/www.camping-besse.com\/wp-content\/uploads\/2026\/03\/bois-graviere-faq-1920x1080.webp 1920w, https:\/\/www.camping-besse.com\/wp-content\/uploads\/2026\/03\/bois-graviere-faq-1440x810.webp 1440w, https:\/\/www.camping-besse.com\/wp-content\/uploads\/2026\/03\/bois-graviere-faq-1366x768.webp 1366w, https:\/\/www.camping-besse.com\/wp-content\/uploads\/2026\/03\/bois-graviere-faq-1024x576.webp 1024w, https:\/\/www.camping-besse.com\/wp-content\/uploads\/2026\/03\/bois-graviere-faq-800x450.webp 800w, https:\/\/www.camping-besse.com\/wp-content\/uploads\/2026\/03\/bois-graviere-faq-640x360.webp 640w, https:\/\/www.camping-besse.com\/wp-content\/uploads\/2026\/03\/bois-graviere-faq-375x210.webp 375w, https:\/\/www.camping-besse.com\/wp-content\/uploads\/2026\/03\/bois-graviere-faq-200x112.webp 200w, https:\/\/www.camping-besse.com\/wp-content\/uploads\/2026\/03\/bois-graviere-faq-100x56.webp 100w\" sizes=\"(max-width: 2560px) 100vw, 2560px\" \/><span aria-hidden=\"true\" class=\"wp-block-cover__background has-background-dim-0 has-background-dim\"><\/span><div class=\"wp-block-cover__inner-container is-layout-flow wp-block-cover-is-layout-flow\">\n<figure class=\"wp-block-image size-full hrz-tampon-haut\"><img alt=\"Auvergne Rh\u00f4ne-Alpes circular stamp logo\" decoding=\"async\" width=\"243\" height=\"243\" src=\"https:\/\/www.camping-besse.com\/wp-content\/uploads\/2025\/12\/tampon-beige.png\" alt=\"\" class=\"wp-image-220\" srcset=\"https:\/\/www.camping-besse.com\/wp-content\/uploads\/2025\/12\/tampon-beige.png 243w, https:\/\/www.camping-besse.com\/wp-content\/uploads\/2025\/12\/tampon-beige-150x150.png 150w, https:\/\/www.camping-besse.com\/wp-content\/uploads\/2025\/12\/tampon-beige-200x200.png 200w, https:\/\/www.camping-besse.com\/wp-content\/uploads\/2025\/12\/tampon-beige-100x100.png 100w\" sizes=\"(max-width: 243px) 100vw, 243px\" \/><\/figure>\n\n\n\n<div class=\"wp-block-group hrz-hero-5-content is-layout-flow wp-container-core-group-is-layout-911427bc wp-block-group-is-layout-flow\" style=\"margin-top:0;margin-bottom:0;padding-top:0;padding-right:var(--wp--preset--spacing--xxl);padding-bottom:0;padding-left:var(--wp--preset--spacing--xxl)\">\n<a href=\"https:\/\/www.camping-besse.com\/nl\/\" target=\"_self\" data-link=\"true\"><div class=\"wp-block-group is-layout-flow wp-block-group-is-layout-flow\" data-link=\"https:\/\/www.camping-besse.com\/\" data-target=\"_self\">\n\n<figure class=\"wp-block-image aligncenter size-full\" style=\"margin-top:0;margin-bottom:0\"><img alt=\"Bois de Gravi\u00e8re circular mountain landscape logo\" decoding=\"async\" width=\"177\" height=\"240\" src=\"https:\/\/www.camping-besse.com\/wp-content\/uploads\/2025\/12\/logo-bois-de-graviere.png\" alt=\"\" class=\"wp-image-38\"\/><\/figure>\n\n<\/div><\/a>\n<\/div>\n\n\n\n<div style=\"height:var(--wp--preset--spacing--xxxxl)\" aria-hidden=\"true\" class=\"wp-block-spacer\"><\/div>\n\n\n\n<div style=\"height:var(--wp--preset--spacing--xxxxl)\" aria-hidden=\"true\" class=\"wp-block-spacer\"><\/div>\n\n\n\n<div style=\"height:var(--wp--preset--spacing--xxxxl)\" aria-hidden=\"true\" class=\"wp-block-spacer\"><\/div>\n\n\n\n<figure class=\"wp-block-image alignfull size-full hrz-elipse\"><img alt=\"\" decoding=\"async\" src=\"https:\/\/www.camping-besse.com\/wp-content\/uploads\/2025\/12\/elipse.svg\" alt=\"\" class=\"wp-image-223\"\/><\/figure>\n<\/div><\/div>\n\n\n<div style=\"padding-left:var(--wp--preset--spacing--s);padding-top:var(--wp--preset--spacing--s);padding-bottom:var(--wp--preset--spacing--s);\" class=\"alignfull wp-elements-5cd3591c1ade14a972751d58f754b855 wp-block-wpseopress-breadcrumbs has-text-color has-primary-color\"><nav  aria-label=\"breadcrumb\"><ol class=\"breadcrumb\" itemscope itemtype=\"https:\/\/schema.org\/BreadcrumbList\"><li class=\"breadcrumb-item active\" aria-current=\"page\" itemprop=\"itemListElement\" itemscope itemtype=\"https:\/\/schema.org\/ListItem\"><span itemprop=\"name\">Camping \u00e0 Super-Besse<\/span><meta itemprop=\"position\" content=\"1\"><\/li><\/ol><\/nav><\/div>\n\n\n<div class=\"wp-block-group alignfull has-global-padding is-layout-constrained wp-block-group-is-layout-constrained\">\n<div class=\"wp-block-columns alignfull is-layout-flex wp-container-core-columns-is-layout-28f84493 wp-block-columns-is-layout-flex\">\n<div class=\"wp-block-column is-layout-flow wp-block-column-is-layout-flow\">\n<h1 class=\"wp-block-heading has-text-align-center has-primary-color has-text-color has-link-color wp-elements-7d5258a21448d23a102af0d213200fda\">FAQ &#8211; Veelgestelde vragen<\/h1>\n\n\n\n<p class=\"has-text-align-center has-secondary-color has-text-color has-link-color has-tertiary-font-family has-xxxxxl-font-size wp-elements-fc9b8a352509f395a47f0a7513a5332c\">Over onze camping in Bois de Gravi\u00e8re<\/p>\n<\/div>\n<\/div>\n<\/div>\n\n\n\n<div class=\"wp-block-columns alignwide are-vertically-aligned-center hrz-responsive-col hrz-reponsive-order is-layout-flex wp-container-core-columns-is-layout-3f562962 wp-block-columns-is-layout-flex\" style=\"margin-top:0;margin-bottom:0;padding-top:0;padding-right:var(--wp--preset--spacing--xxl);padding-bottom:0;padding-left:var(--wp--preset--spacing--xxl)\">\n<div class=\"wp-block-column is-vertically-aligned-center is-layout-flow wp-block-column-is-layout-flow\">\n<figure class=\"wp-block-image size-full is-style-image-svg-forme-2\"><img alt=\"Wooden cabins surrounded by trees and greenery\" decoding=\"async\" width=\"1024\" height=\"655\" src=\"https:\/\/www.camping-besse.com\/wp-content\/uploads\/2025\/12\/location-ete.webp\" alt=\"\" class=\"wp-image-274\" style=\"aspect-ratio:3\/4;object-fit:cover\" srcset=\"https:\/\/www.camping-besse.com\/wp-content\/uploads\/2025\/12\/location-ete.webp 1024w, https:\/\/www.camping-besse.com\/wp-content\/uploads\/2025\/12\/location-ete-300x192.webp 300w, https:\/\/www.camping-besse.com\/wp-content\/uploads\/2025\/12\/location-ete-768x491.webp 768w\" sizes=\"(max-width: 1024px) 100vw, 1024px\" \/><\/figure>\n<\/div>\n\n\n\n<div class=\"wp-block-column is-vertically-aligned-center is-layout-flow wp-block-column-is-layout-flow\" style=\"padding-top:0;padding-right:0;padding-bottom:0;padding-left:0\">\n<p style=\"margin-bottom:var(--wp--preset--spacing--xxl)\">Welkom op onze FAQ pagina gewijd aan <strong><a href=\"https:\/\/www.camping-besse.com\/nl\/\" data-type=\"page\" data-id=\"4\">Camping Bois de Gravi\u00e8re<\/a><\/strong><br>in het hart van het Parc des Volcans d&#8217;Auvergne<br>in het prachtige departement Puy-de-D\u00f4me. Benieuwd wat onze camping zo speciaal maakt? Wij leiden u door de bijzonderheden en beantwoorden uw meest gestelde vragen.  <\/p>\n<\/div>\n<\/div>\n\n\n\n<div style=\"height:var(--wp--preset--spacing--xxxxl)\" aria-hidden=\"true\" class=\"wp-block-spacer\"><\/div>\n\n\n\n<div class=\"pfq\">\n  \n  \n  <nav class=\"pfq__themes\">\n    <h2>Thema's<\/h2>\n    <ul>\n      \n        <li class=\"pfq__theme active\" data-pfq-group=\"group-0\">\n          <a href=\"#\">Algemeen<\/a>\n        <\/li>\n\n          <\/ul>\n  <\/nav>\n\n  <div class=\"pfq__questions\">\n    \n      <div class=\"pfq__questions__group visible\" data-pfq-group=\"group-0\">\n\n        <h3>Algemeen<\/h3>\n\n        \n          <div class=\"pfq__question\"  >\n            <h4 class=\"pfq__question__title\">Waarom camping Bois de Gravi\u00e8re?<\/h4>\n            <div class=\"pfq__answer\"><p>Onze camping ligt in de buurt van het charmante middeleeuwse stadje Besse-et-Saint-Anastaise en is de ideale uitvalsbasis om de natuurlijke wonderen van de Cha\u00eenes des Puy te ontdekken, die op de Werelderfgoedlijst van UNESCO staan. In zomer en winter Of je nu graag wandelt, skiet, fietst, vist of gewoon ontspant, hier vind je een authentieke en gastvrije omgeving. Onze ruime, schaduwrijke staanplaatsen zijn het ideale uitgangspunt voor een vulkanische ervaring, zodat je in alle rust nieuwe energie op kunt doen.  <\/p>\n<\/div>\n          <\/div>\n\n        \n          <div class=\"pfq__question\"  >\n            <h4 class=\"pfq__question__title\">Welke activiteiten zijn er op en rond de camping?<\/h4>\n            <div class=\"pfq__answer\"><p>In Le Bois de Gravi\u00e8re is er altijd iets te doen! Profiteer van ons verwarmde zwembad voor een moment van ontspanning of neem in het hoogseizoen deel aan onze gezellige evenementen waar jong en oud van zullen smullen. Natuurliefhebbers kunnen de nabijgelegen wandelpaden bewandelen, terwijl cultuurliefhebbers het rijke erfgoed van de regio kunnen ontdekken. En voor de zoetekauwen bieden we lekkere afhaalgerechten om je smaakpapillen te prikkelen.<br \/>\nZie de opmerkingen op de vorige pagina&#8217;s over de vele activiteiten in de omgeving: ski\u00ebn, alpineski\u00ebn en langlaufen, sneeuwschoenwandelen, paardrijden, mountainbiken, downhill of DH biking (sterk ontwikkeld in Super Besse), wandelen de GR30 loopt langs de camping, en er zijn vele wandelingen in de directe omgeving van de puy de sancy en lac pavin. Vissen in de couze pavin&#8230;    <\/p>\n<\/div>\n          <\/div>\n\n        \n          <div class=\"pfq__question\"  >\n            <h4 class=\"pfq__question__title\">Hoe kan ik mijn verblijf boeken?<\/h4>\n            <div class=\"pfq__answer\"><p>Reserveren op camping Bois de Gravi\u00e8re is snel en eenvoudig. Bezoek onze website om de beschikbaarheid te controleren en de accommodatie te kiezen die het beste bij je past. Ons team staat ook klaar om al je vragen te beantwoorden en je te helpen bij het plannen van een onvergetelijke vakantie.  <\/p>\n<\/div>\n          <\/div>\n\n        \n          <div class=\"pfq__question\"  >\n            <h4 class=\"pfq__question__title\">Openingsdata voor chalets en stacaravans ?<\/h4>\n            <div class=\"pfq__answer\"><p>Ononderbroken van de kerstvakantie tot het tweede weekend van september, met de mogelijkheid om per week of per nacht te huren. Aankomst- en vertrekdagen kunnen worden aangepast aan de periode. <\/p>\n<\/div>\n          <\/div>\n\n        \n          <div class=\"pfq__question\"  >\n            <h4 class=\"pfq__question__title\">Openingsdata camping ?<\/h4>\n            <div class=\"pfq__answer\"><p>Tijdens de winterperiode zijn de campings alleen geopend tijdens de schoolvakanties, dat wil zeggen 2 weken tijdens de kerstvakantie en 4 weken tijdens de februarivakantie, daarna zonder onderbreking vanaf de paasvakantie tot het tweede weekend van september.<\/p>\n<\/div>\n          <\/div>\n\n        \n          <div class=\"pfq__question\"  >\n            <h4 class=\"pfq__question__title\">Is het mogelijk om ter plaatse te eten?<\/h4>\n            <div class=\"pfq__answer\"><p>De camping beschikt niet over een restaurant ter plaatse, maar we bieden wel een afhaalservice voor zelfgemaakte gerechten. De menu&#8217;s vari\u00ebren naargelang het seizoen, dus aarzel niet om ernaar te vragen. Raclette en fondue auvergnate, huisgemaakte pizza, Truffade,&#8230; Restaurant op 800m. <\/p>\n<\/div>\n          <\/div>\n\n        \n      <\/div>\n\n    \n  <\/div>\n<\/div>\n","protected":false},"excerpt":{"rendered":"<p>FAQ &#8211; Veelgestelde vragen Over onze camping in Bois de Gravi\u00e8re Welkom op onze FAQ pagina gewijd aan Camping Bois de Gravi\u00e8rein het hart van het Parc des Volcans d&#8217;Auvergnein het prachtige departement Puy-de-D\u00f4me. Benieuwd wat onze camping zo speciaal maakt? Wij leiden u door de bijzonderheden en beantwoorden uw meest gestelde vragen.<\/p>\n","protected":false},"author":1,"featured_media":0,"parent":0,"menu_order":0,"comment_status":"closed","ping_status":"closed","template":"page-no-title","meta":{"_acf_changed":false,"_seopress_robots_primary_cat":"","_seopress_titles_title":"FAQ Camping Super-Besse | Alle antwoorden op uw vragen","_seopress_titles_desc":"Raadpleeg onze FAQ met alle informatie die je nodig hebt om je verblijf op Camping Bois de Gravi\u00e8re in Super-Besse voor te bereiden.","_seopress_robots_index":"","footnotes":""},"class_list":["post-1979","page","type-page","status-publish","hentry"],"acf":[],"_links":{"self":[{"href":"https:\/\/www.camping-besse.com\/nl\/wp-json\/wp\/v2\/pages\/1979","targetHints":{"allow":["GET"]}}],"collection":[{"href":"https:\/\/www.camping-besse.com\/nl\/wp-json\/wp\/v2\/pages"}],"about":[{"href":"https:\/\/www.camping-besse.com\/nl\/wp-json\/wp\/v2\/types\/page"}],"author":[{"embeddable":true,"href":"https:\/\/www.camping-besse.com\/nl\/wp-json\/wp\/v2\/users\/1"}],"replies":[{"embeddable":true,"href":"https:\/\/www.camping-besse.com\/nl\/wp-json\/wp\/v2\/comments?post=1979"}],"version-history":[{"count":2,"href":"https:\/\/www.camping-besse.com\/nl\/wp-json\/wp\/v2\/pages\/1979\/revisions"}],"predecessor-version":[{"id":2428,"href":"https:\/\/www.camping-besse.com\/nl\/wp-json\/wp\/v2\/pages\/1979\/revisions\/2428"}],"wp:attachment":[{"href":"https:\/\/www.camping-besse.com\/nl\/wp-json\/wp\/v2\/media?parent=1979"}],"curies":[{"name":"wp","href":"https:\/\/api.w.org\/{rel}","templated":true}]}}