{"id":1983,"date":"2025-12-16T09:45:46","date_gmt":"2025-12-16T08:45:46","guid":{"rendered":"https:\/\/www.camping-besse.com\/bereid-je-verblijf-voor\/"},"modified":"2026-03-20T15:32:06","modified_gmt":"2026-03-20T14:32:06","slug":"bereid-je-verblijf-voor","status":"publish","type":"page","link":"https:\/\/www.camping-besse.com\/nl\/bereid-je-verblijf-voor\/","title":{"rendered":"Bereid je verblijf voor"},"content":{"rendered":"\n<div class=\"wp-block-cover alignfull has-custom-content-position is-position-bottom-center has-aspect-ratio\" style=\"margin-top:0;margin-bottom:0;padding-top:var(--wp--preset--spacing--xxxxl);padding-right:0;padding-bottom:0;padding-left:0;aspect-ratio:16\/9;min-height:unset;\"><img alt=\"Outdoor swimming pool with cascading water feature\" decoding=\"async\" width=\"2048\" height=\"1440\" class=\"wp-block-cover__image-background wp-image-231 size-16\/9_2560x1440_desktop\" alt=\"\" src=\"https:\/\/www.camping-besse.com\/wp-content\/uploads\/2025\/12\/vue-piscine-2048x1440.webp\" data-object-fit=\"cover\"\/><span aria-hidden=\"true\" class=\"wp-block-cover__background has-background-dim-0 has-background-dim\"><\/span><div class=\"wp-block-cover__inner-container is-layout-flow wp-block-cover-is-layout-flow\">\n<figure class=\"wp-block-image size-full hrz-tampon-haut\"><img alt=\"Auvergne Rh\u00f4ne-Alpes circular stamp logo\" decoding=\"async\" width=\"243\" height=\"243\" src=\"https:\/\/www.camping-besse.com\/wp-content\/uploads\/2025\/12\/tampon-beige.png\" alt=\"\" class=\"wp-image-220\" srcset=\"https:\/\/www.camping-besse.com\/wp-content\/uploads\/2025\/12\/tampon-beige.png 243w, https:\/\/www.camping-besse.com\/wp-content\/uploads\/2025\/12\/tampon-beige-150x150.png 150w, https:\/\/www.camping-besse.com\/wp-content\/uploads\/2025\/12\/tampon-beige-200x200.png 200w, https:\/\/www.camping-besse.com\/wp-content\/uploads\/2025\/12\/tampon-beige-100x100.png 100w\" sizes=\"(max-width: 243px) 100vw, 243px\" \/><\/figure>\n\n\n\n<div class=\"wp-block-group hrz-hero-5-content is-layout-flow wp-container-core-group-is-layout-911427bc wp-block-group-is-layout-flow\" style=\"margin-top:0;margin-bottom:0;padding-top:0;padding-right:var(--wp--preset--spacing--xxl);padding-bottom:0;padding-left:var(--wp--preset--spacing--xxl)\">\n<a href=\"https:\/\/www.camping-besse.com\/\" target=\"_self\" data-link=\"true\"><div class=\"wp-block-group is-layout-flow wp-block-group-is-layout-flow\" data-link=\"https:\/\/www.camping-besse.com\/\" data-target=\"_self\">\n<figure class=\"wp-block-image aligncenter size-full\" style=\"margin-top:0;margin-bottom:0\"><img alt=\"Bois de Gravi\u00e8re circular mountain landscape logo\" decoding=\"async\" width=\"177\" height=\"240\" src=\"https:\/\/www.camping-besse.com\/wp-content\/uploads\/2025\/12\/logo-bois-de-graviere.png\" alt=\"\" class=\"wp-image-38\"\/><\/figure>\n<\/div><\/a>\n<\/div>\n\n\n\n<div style=\"height:var(--wp--preset--spacing--xxxxl)\" aria-hidden=\"true\" class=\"wp-block-spacer\"><\/div>\n\n\n\n<div style=\"height:var(--wp--preset--spacing--xxxxl)\" aria-hidden=\"true\" class=\"wp-block-spacer\"><\/div>\n\n\n\n<div style=\"height:var(--wp--preset--spacing--xxxxl)\" aria-hidden=\"true\" class=\"wp-block-spacer\"><\/div>\n\n\n\n<figure class=\"wp-block-image alignfull size-full hrz-elipse\"><img alt=\"\" decoding=\"async\" src=\"https:\/\/www.camping-besse.com\/wp-content\/uploads\/2025\/12\/elipse.svg\" alt=\"\" class=\"wp-image-223\"\/><\/figure>\n<\/div><\/div>\n<div style=\"padding-left:var(--wp--preset--spacing--s);padding-top:var(--wp--preset--spacing--s);padding-bottom:var(--wp--preset--spacing--s);\" class=\"alignfull wp-elements-5cd3591c1ade14a972751d58f754b855 wp-block-wpseopress-breadcrumbs has-text-color has-primary-color\"><nav  aria-label=\"breadcrumb\"><ol class=\"breadcrumb\" itemscope itemtype=\"https:\/\/schema.org\/BreadcrumbList\"><li class=\"breadcrumb-item active\" aria-current=\"page\" itemprop=\"itemListElement\" itemscope itemtype=\"https:\/\/schema.org\/ListItem\"><span itemprop=\"name\">Camping \u00e0 Super-Besse<\/span><meta itemprop=\"position\" content=\"1\"><\/li><\/ol><\/nav><\/div>\n<div class=\"wp-block-group alignfull has-global-padding is-layout-constrained wp-block-group-is-layout-constrained\">\n<div class=\"wp-block-columns alignfull is-layout-flex wp-container-core-columns-is-layout-28f84493 wp-block-columns-is-layout-flex\">\n<div class=\"wp-block-column is-layout-flow wp-block-column-is-layout-flow\">\n<h1 class=\"wp-block-heading has-text-align-center has-primary-color has-text-color has-link-color wp-elements-8ac34c0fe0a731e06821827054315943\">Plan uw kampeervakantie in Super-Besse<\/h1>\n\n\n\n<p class=\"has-text-align-center has-secondary-color has-text-color has-link-color has-tertiary-font-family has-xxxxxl-font-size wp-elements-09df14047084b37ed2c20ac1b16070dc\">Nuttige documenten<\/p>\n<\/div>\n<\/div>\n<\/div>\n\n<div class=\"wp-block-group alignfull hrz-galerie-3 has-global-padding is-layout-constrained wp-container-core-group-is-layout-a700ee33 wp-block-group-is-layout-constrained\" style=\"padding-top:0;padding-right:0;padding-bottom:0;padding-left:0\">\n<div class=\"wp-block-group has-global-padding is-layout-constrained wp-container-core-group-is-layout-41c22256 wp-block-group-is-layout-constrained\" style=\"padding-right:var(--wp--preset--spacing--l);padding-left:var(--wp--preset--spacing--l)\">\n<div class=\"wp-block-buttons is-layout-flex wp-block-buttons-is-layout-flex\">\n<div class=\"wp-block-button\"><a class=\"wp-block-button__link wp-element-button\" href=\"https:\/\/www.camping-besse.com\/wp-content\/uploads\/2026\/01\/condition-juridique-flexfrench.pdf\" target=\"_blank\" rel=\"noreferrer noopener nofollow\">NEAT annuleringsverzekering<\/a><\/div>\n\n\n\n<div class=\"wp-block-button\"><a class=\"wp-block-button__link wp-element-button\" href=\"https:\/\/www.camping-besse.com\/wp-content\/uploads\/2026\/01\/reglement-interieur.pdf\" target=\"_blank\" rel=\"noreferrer noopener nofollow\">Campingregels<\/a><\/div>\n\n\n\n<div class=\"wp-block-button\"><a class=\"wp-block-button__link wp-element-button\" href=\"https:\/\/www.camping-besse.com\/wp-content\/uploads\/2026\/01\/contrat-emplacements.pdf\" target=\"_blank\" rel=\"noreferrer noopener nofollow\">Huurcontract standplaats<\/a><\/div>\n\n\n\n<div class=\"wp-block-button\"><a class=\"wp-block-button__link wp-element-button\" href=\"https:\/\/www.camping-besse.com\/wp-content\/uploads\/2026\/01\/contrat-locations.pdf\" target=\"_blank\" rel=\"noreferrer noopener nofollow\">Huurovereenkomst accommodatie<\/a><\/div>\n\n\n\n<div class=\"wp-block-button\"><a class=\"wp-block-button__link wp-element-button\" href=\"https:\/\/www.camping-besse.com\/wp-content\/uploads\/2026\/01\/inventaire-type.pdf\" target=\"_blank\" rel=\"noreferrer noopener nofollow\">Standaard inventaris<\/a><\/div>\n\n\n\n<div class=\"wp-block-button\"><a class=\"wp-block-button__link wp-element-button\" href=\"https:\/\/www.camping-besse.com\/wp-content\/uploads\/2026\/01\/conditions-generales-de-vente.pdf\" target=\"_blank\" rel=\"noreferrer noopener nofollow\">Algemene verkoopvoorwaarden<\/a><\/div>\n\n\n\n<div class=\"wp-block-button\"><a class=\"wp-block-button__link wp-element-button\" href=\"https:\/\/www.camping-besse.com\/wp-content\/uploads\/2026\/01\/protocole-de-depart.pdf\" target=\"_blank\" rel=\"noreferrer noopener nofollow\">Vertrekprotocol<\/a><\/div>\n<\/div>\n\n\n\n<div style=\"height:var(--wp--preset--spacing--xxl)\" aria-hidden=\"true\" class=\"wp-block-spacer\"><\/div>\n\n\n\n<p><\/p>\n\n\n\n<p class=\"has-text-align-center is-style-lab-p--base has-text-alt-color has-text-color has-link-color wp-elements-5ea0bd1491eb33221ef5f8e78dc9a58a\" style=\"margin-top:var(--wp--preset--spacing--s);margin-bottom:var(--wp--preset--spacing--m)\">Droom je van een vakantie in het hart van de Auvergne, tussen majestueuze vulkanen en schilderachtige landschappen? Camping Le Bois de Gravi\u00e8re, genesteld in het departement Puy-de-D\u00f4me, is de ideale plek om je koffers neer te zetten en nieuwe energie op te doen. Onze <strong><a href=\"https:\/\/www.camping-besse.com\/nl\/\" data-type=\"page\" data-id=\"4\">camping in Besse<\/a><\/strong> biedt u een authentieke en gezellige ervaring, ideaal om de natuurlijke en culturele rijkdommen van de streek te ontdekken.  <\/p>\n\n\n\n<p>Als je in Bois de Gravi\u00e8re verblijft, geniet je van een uitzonderlijke natuurlijke omgeving, met ruime, schaduwrijke plaatsen die perfect zijn om je tent op te zetten of je caravan neer te zetten. Comfortabele stacaravans zijn ook een optie voor wie liever wat meer comfort heeft. De camping biedt tal van faciliteiten voor het hele gezin, waaronder een verwarmd zwembad, een speeltuin en zelfs avondentertainment voor onvergetelijke momenten met familie en vrienden. Wandelliefhebbers kunnen hun hart ophalen op de wandelpaden die door de vulkanen van de Auvergne slingeren en adembenemende panorama&#8217;s bieden.   <\/p>\n\n\n\n<p class=\"has-text-align-center is-style-lab-p--base has-text-alt-color has-text-color has-link-color wp-elements-90cc71e8d2ace868e5c301e5d1caa675\" style=\"margin-top:var(--wp--preset--spacing--s);margin-bottom:var(--wp--preset--spacing--m)\">Als voorbereiding op je verblijf kun je de omgeving verkennen: het Regionaal Natuurpark Vulkanen van de Auvergne, de Puy de Sancy, de Puy de D\u00f4me, Vulcania en de stad Clermont-Ferrand met zijn beroemde gotische kathedraal. Camping Bois de Gravi\u00e8re is het ideale vertrekpunt voor al je avonturen. Boek nu en laat je verleiden door het warme onthaal en de prachtige landschappen van de Auvergne. Je zult vertrekken met veel herinneringen en het verlangen om zo snel mogelijk terug te keren.   <\/p>\n<\/div>\n<\/div>\n\n<div style=\"height:var(--wp--preset--spacing--xxxxl)\" aria-hidden=\"true\" class=\"wp-block-spacer\"><\/div>\n","protected":false},"excerpt":{"rendered":"<p>Plan uw kampeervakantie in Super-Besse Nuttige documenten Droom je van een vakantie in het hart van de Auvergne, tussen majestueuze vulkanen en schilderachtige landschappen? Camping Le Bois de Gravi\u00e8re, genesteld in het departement Puy-de-D\u00f4me, is de ideale plek om je koffers neer te zetten en nieuwe energie op te doen. Onze camping in Besse biedt [&hellip;]<\/p>\n","protected":false},"author":1,"featured_media":0,"parent":0,"menu_order":0,"comment_status":"closed","ping_status":"closed","template":"page-no-title","meta":{"_acf_changed":false,"_seopress_robots_primary_cat":"","_seopress_titles_title":"Plan uw kampeervakantie op Super-Besse in Puy-de-D\u00f4me","_seopress_titles_desc":"Plan je vakantie in het hart van de Puy-de-D\u00f4me: vind alle praktische informatie die je nodig hebt om te reserveren op camping Bois de Gravi\u00e8re in Super-Besse.","_seopress_robots_index":"","footnotes":""},"class_list":["post-1983","page","type-page","status-publish","hentry"],"acf":[],"_links":{"self":[{"href":"https:\/\/www.camping-besse.com\/nl\/wp-json\/wp\/v2\/pages\/1983","targetHints":{"allow":["GET"]}}],"collection":[{"href":"https:\/\/www.camping-besse.com\/nl\/wp-json\/wp\/v2\/pages"}],"about":[{"href":"https:\/\/www.camping-besse.com\/nl\/wp-json\/wp\/v2\/types\/page"}],"author":[{"embeddable":true,"href":"https:\/\/www.camping-besse.com\/nl\/wp-json\/wp\/v2\/users\/1"}],"replies":[{"embeddable":true,"href":"https:\/\/www.camping-besse.com\/nl\/wp-json\/wp\/v2\/comments?post=1983"}],"version-history":[{"count":2,"href":"https:\/\/www.camping-besse.com\/nl\/wp-json\/wp\/v2\/pages\/1983\/revisions"}],"predecessor-version":[{"id":1987,"href":"https:\/\/www.camping-besse.com\/nl\/wp-json\/wp\/v2\/pages\/1983\/revisions\/1987"}],"wp:attachment":[{"href":"https:\/\/www.camping-besse.com\/nl\/wp-json\/wp\/v2\/media?parent=1983"}],"curies":[{"name":"wp","href":"https:\/\/api.w.org\/{rel}","templated":true}]}}