{"id":2118,"date":"2025-12-31T15:03:18","date_gmt":"2025-12-31T14:03:18","guid":{"rendered":"https:\/\/www.camping-besse.com\/groepen\/"},"modified":"2026-03-20T15:34:41","modified_gmt":"2026-03-20T14:34:41","slug":"groepen","status":"publish","type":"page","link":"https:\/\/www.camping-besse.com\/nl\/groepen\/","title":{"rendered":"Groepen"},"content":{"rendered":"\n<div class=\"wp-block-cover alignfull has-custom-content-position is-position-bottom-center has-aspect-ratio\" style=\"margin-top:0;margin-bottom:0;padding-top:var(--wp--preset--spacing--xxxxl);padding-right:0;padding-bottom:0;padding-left:0;aspect-ratio:16\/9;min-height:unset;\"><img alt=\"Red plastic cups on wooden dining table\" decoding=\"async\" width=\"2560\" height=\"1440\" class=\"wp-block-cover__image-background wp-image-503 size-16\/9_2560x1440_desktop\" alt=\"\" src=\"https:\/\/www.camping-besse.com\/wp-content\/uploads\/2025\/12\/table-groupes-2560x1440.webp\" data-object-fit=\"cover\" srcset=\"https:\/\/www.camping-besse.com\/wp-content\/uploads\/2025\/12\/table-groupes-2560x1440.webp 2560w, https:\/\/www.camping-besse.com\/wp-content\/uploads\/2025\/12\/table-groupes-1920x1080.webp 1920w, https:\/\/www.camping-besse.com\/wp-content\/uploads\/2025\/12\/table-groupes-1440x810.webp 1440w, https:\/\/www.camping-besse.com\/wp-content\/uploads\/2025\/12\/table-groupes-1366x768.webp 1366w, https:\/\/www.camping-besse.com\/wp-content\/uploads\/2025\/12\/table-groupes-1024x576.webp 1024w, https:\/\/www.camping-besse.com\/wp-content\/uploads\/2025\/12\/table-groupes-800x450.webp 800w, https:\/\/www.camping-besse.com\/wp-content\/uploads\/2025\/12\/table-groupes-640x360.webp 640w, https:\/\/www.camping-besse.com\/wp-content\/uploads\/2025\/12\/table-groupes-375x210.webp 375w, https:\/\/www.camping-besse.com\/wp-content\/uploads\/2025\/12\/table-groupes-200x112.webp 200w, https:\/\/www.camping-besse.com\/wp-content\/uploads\/2025\/12\/table-groupes-100x56.webp 100w\" sizes=\"(max-width: 2560px) 100vw, 2560px\" \/><span aria-hidden=\"true\" class=\"wp-block-cover__background has-background-dim-0 has-background-dim\"><\/span><div class=\"wp-block-cover__inner-container is-layout-flow wp-block-cover-is-layout-flow\">\n<figure class=\"wp-block-image size-full hrz-tampon-haut\"><img alt=\"Auvergne Rh\u00f4ne-Alpes circular stamp logo\" decoding=\"async\" width=\"243\" height=\"243\" src=\"https:\/\/www.camping-besse.com\/wp-content\/uploads\/2025\/12\/tampon-beige.png\" alt=\"\" class=\"wp-image-220\" srcset=\"https:\/\/www.camping-besse.com\/wp-content\/uploads\/2025\/12\/tampon-beige.png 243w, https:\/\/www.camping-besse.com\/wp-content\/uploads\/2025\/12\/tampon-beige-150x150.png 150w, https:\/\/www.camping-besse.com\/wp-content\/uploads\/2025\/12\/tampon-beige-200x200.png 200w, https:\/\/www.camping-besse.com\/wp-content\/uploads\/2025\/12\/tampon-beige-100x100.png 100w\" sizes=\"(max-width: 243px) 100vw, 243px\" \/><\/figure>\n\n\n\n<div class=\"wp-block-group hrz-hero-5-content is-layout-flow wp-container-core-group-is-layout-911427bc wp-block-group-is-layout-flow\" style=\"margin-top:0;margin-bottom:0;padding-top:0;padding-right:var(--wp--preset--spacing--xxl);padding-bottom:0;padding-left:var(--wp--preset--spacing--xxl)\">\n<a href=\"https:\/\/www.camping-besse.com\/\" target=\"_self\" data-link=\"true\"><div class=\"wp-block-group is-layout-flow wp-block-group-is-layout-flow\" data-link=\"https:\/\/www.camping-besse.com\/\" data-target=\"_self\">\n<figure class=\"wp-block-image aligncenter size-full\" style=\"margin-top:0;margin-bottom:0\"><img alt=\"Bois de Gravi\u00e8re circular mountain landscape logo\" decoding=\"async\" width=\"177\" height=\"240\" src=\"https:\/\/www.camping-besse.com\/wp-content\/uploads\/2025\/12\/logo-bois-de-graviere.png\" alt=\"\" class=\"wp-image-38\"\/><\/figure>\n<\/div><\/a>\n<\/div>\n\n\n\n<div style=\"height:var(--wp--preset--spacing--xxxxl)\" aria-hidden=\"true\" class=\"wp-block-spacer\"><\/div>\n\n\n\n<div style=\"height:var(--wp--preset--spacing--xxxxl)\" aria-hidden=\"true\" class=\"wp-block-spacer\"><\/div>\n\n\n\n<div style=\"height:var(--wp--preset--spacing--xxxxl)\" aria-hidden=\"true\" class=\"wp-block-spacer\"><\/div>\n\n\n\n<figure class=\"wp-block-image alignfull size-full hrz-elipse\"><img alt=\"\" decoding=\"async\" src=\"https:\/\/www.camping-besse.com\/wp-content\/uploads\/2025\/12\/elipse.svg\" alt=\"\" class=\"wp-image-223\"\/><\/figure>\n<\/div><\/div>\n<div style=\"padding-left:var(--wp--preset--spacing--s);padding-top:var(--wp--preset--spacing--s);padding-bottom:var(--wp--preset--spacing--s);\" class=\"alignfull wp-elements-5cd3591c1ade14a972751d58f754b855 wp-block-wpseopress-breadcrumbs has-text-color has-primary-color\"><nav  aria-label=\"breadcrumb\"><ol class=\"breadcrumb\" itemscope itemtype=\"https:\/\/schema.org\/BreadcrumbList\"><li class=\"breadcrumb-item active\" aria-current=\"page\" itemprop=\"itemListElement\" itemscope itemtype=\"https:\/\/schema.org\/ListItem\"><span itemprop=\"name\">Camping \u00e0 Super-Besse<\/span><meta itemprop=\"position\" content=\"1\"><\/li><\/ol><\/nav><\/div>\n<div class=\"wp-block-group alignfull has-global-padding is-layout-constrained wp-block-group-is-layout-constrained\">\n<div class=\"wp-block-columns alignfull is-layout-flex wp-container-core-columns-is-layout-28f84493 wp-block-columns-is-layout-flex\">\n<div class=\"wp-block-column is-layout-flow wp-block-column-is-layout-flow\">\n<h1 class=\"wp-block-heading has-text-align-center has-primary-color has-text-color has-link-color wp-elements-6a4f5ac24cecba14a2130ea1ffab4250\">Groepsaccommodatie in de buurt van Super-Besse<\/h1>\n\n\n\n<p class=\"has-text-align-center has-secondary-color has-text-color has-link-color has-tertiary-font-family has-xxxxxl-font-size wp-elements-8151b162f578a798fbdc3a13ccb51134\">Vakantiehuizen in Auvergne<\/p>\n<\/div>\n<\/div>\n<\/div>\n\n<div class=\"wp-block-columns alignwide are-vertically-aligned-center hrz-responsive-col hrz-reponsive-order is-layout-flex wp-container-core-columns-is-layout-3f562962 wp-block-columns-is-layout-flex\" style=\"margin-top:0;margin-bottom:0;padding-top:0;padding-right:var(--wp--preset--spacing--xxl);padding-bottom:0;padding-left:var(--wp--preset--spacing--xxl)\">\n<div class=\"wp-block-column is-vertically-aligned-center is-layout-flow wp-block-column-is-layout-flow\">\n<figure class=\"wp-block-image size-full is-style-image-svg-forme-2\"><img alt=\"People gathered around buffet table at indoor event\" decoding=\"async\" width=\"1024\" height=\"768\" src=\"https:\/\/www.camping-besse.com\/wp-content\/uploads\/2025\/12\/reception-groupe.webp\" alt=\"\" class=\"wp-image-258\" style=\"aspect-ratio:3\/4;object-fit:cover\" srcset=\"https:\/\/www.camping-besse.com\/wp-content\/uploads\/2025\/12\/reception-groupe.webp 1024w, https:\/\/www.camping-besse.com\/wp-content\/uploads\/2025\/12\/reception-groupe-300x225.webp 300w, https:\/\/www.camping-besse.com\/wp-content\/uploads\/2025\/12\/reception-groupe-768x576.webp 768w, https:\/\/www.camping-besse.com\/wp-content\/uploads\/2025\/12\/reception-groupe-720x540.webp 720w, https:\/\/www.camping-besse.com\/wp-content\/uploads\/2025\/12\/reception-groupe-320x240.webp 320w, https:\/\/www.camping-besse.com\/wp-content\/uploads\/2025\/12\/reception-groupe-160x120.webp 160w\" sizes=\"(max-width: 1024px) 100vw, 1024px\" \/><\/figure>\n<\/div>\n\n\n\n<div class=\"wp-block-column is-vertically-aligned-center is-layout-flow wp-block-column-is-layout-flow\" style=\"padding-top:0;padding-right:0;padding-bottom:0;padding-left:0\">\n<p style=\"margin-bottom:var(--wp--preset--spacing--xxl)\">De <strong><a href=\"https:\/\/www.camping-besse.com\/nl\/\" data-type=\"page\" data-id=\"4\">Camping Le Bois de Gravi\u00e8re, gelegen in Besse-et-Saint-Anastaise<\/a><\/strong> in het hart van de Puy-de-D\u00f4me, biedt een compleet aanbod van accommodatie en cateringdiensten voor <strong>groepen<\/strong>. Of je nu een familiere\u00fcnie, een clubvakantie, een sportcursus of een professionele bijeenkomst in het hart van de natuur organiseert, onze camping kan je helpen met oplossingen op maat. <\/p>\n\n\n\n<p class=\"has-text-align-left is-style-top-title has-primary-color has-text-color has-link-color has-secondary-font-family has-xxxxl-font-size wp-elements-f13c154eca5d88e06c39de95d2a686ce is-style-top-title--1\" style=\"line-height:1.2\">Aangepaste accommodatie<\/p>\n\n\n\n<h2 class=\"wp-block-heading has-text-align-left has-secondary-color has-text-color has-link-color has-tertiary-font-family has-xxxxl-font-size wp-elements-268dc797d475dea0b6e4410a2d420e63\" style=\"line-height:1\">Aan alle groepen<\/h2>\n\n\n\n<p><br\/>Voor groepen biedt de camping een breed scala aan accommodatiemogelijkheden. Je kunt kiezen uit comfortabele chalets, mobiele chalets of stacaravans met 2 of 3 slaapkamers, maar ook uit traditionele kampeerplaatsen voor tenten, caravans of campers. Deze flexibele oplossingen zijn geschikt voor groepen van elke grootte en garanderen comfort en gezelligheid tijdens je hele verblijf.  <\/p>\n\n\n\n<p>Dankzij de verscheidenheid aan beschikbare accommodaties kan de configuratie worden aangepast aan de behoeften van elke groep, of het nu gaat om een kleine groep of een groter gezelschap. De stacaravans en chalets bieden praktische, volledig uitgeruste leefruimtes voor een aangenaam verblijf in een uitzonderlijke natuurlijke omgeving. <\/p>\n<\/div>\n<\/div>\n\n<div style=\"height:var(--wp--preset--spacing--xxxxl)\" aria-hidden=\"true\" class=\"wp-block-spacer\"><\/div>\n\n<div class=\"wp-block-group alignfull hrz-galerie-1 has-global-padding is-layout-constrained wp-block-group-is-layout-constrained\">\n<div class=\"wp-block-cover alignfull hrz-galerie-1-cover\" style=\"padding-top:var(--wp--preset--spacing--xxxxxl);padding-right:var(--wp--preset--spacing--xxxxxl);padding-bottom:var(--wp--preset--spacing--xxxxxl);padding-left:var(--wp--preset--spacing--xxxxxl)\"><img alt=\"Dessert table with pastries, mousse cups, and candy\" decoding=\"async\" width=\"1024\" height=\"768\" class=\"wp-block-cover__image-background wp-image-288 size-full\" alt=\"\" src=\"https:\/\/www.camping-besse.com\/wp-content\/uploads\/2025\/12\/aperitif.webp\" data-object-fit=\"cover\" srcset=\"https:\/\/www.camping-besse.com\/wp-content\/uploads\/2025\/12\/aperitif.webp 1024w, https:\/\/www.camping-besse.com\/wp-content\/uploads\/2025\/12\/aperitif-300x225.webp 300w, https:\/\/www.camping-besse.com\/wp-content\/uploads\/2025\/12\/aperitif-768x576.webp 768w, https:\/\/www.camping-besse.com\/wp-content\/uploads\/2025\/12\/aperitif-720x540.webp 720w, https:\/\/www.camping-besse.com\/wp-content\/uploads\/2025\/12\/aperitif-320x240.webp 320w, https:\/\/www.camping-besse.com\/wp-content\/uploads\/2025\/12\/aperitif-160x120.webp 160w\" sizes=\"(max-width: 1024px) 100vw, 1024px\" \/><span aria-hidden=\"true\" class=\"wp-block-cover__background has-real-black-background-color has-background-dim-40 has-background-dim\"><\/span><div class=\"wp-block-cover__inner-container has-global-padding is-layout-constrained wp-container-core-cover-is-layout-143ab919 wp-block-cover-is-layout-constrained\">\n<p class=\"has-text-align-center is-style-top-title has-background-color has-text-color has-link-color has-secondary-font-family has-xxxxl-font-size wp-elements-ebf8c20795a9ad49532e4fa32fcf700c is-style-top-title--2\" style=\"line-height:1.2\">Catering op locatie<\/p>\n\n\n\n<h2 class=\"wp-block-heading has-text-align-center has-background-color has-text-color has-link-color has-tertiary-font-family has-xxxxl-font-size wp-elements-94d389c98341ff286966c23df37926aa\" style=\"line-height:1\">Voor uw groepsevenementen<\/h2>\n\n\n\n<p class=\"has-text-align-center\"><strong>Camping Bois de Gravi\u00e8re<\/strong> biedt een volledige cateringservice voor groepen, met verschillende opties om aan je wensen en organisatie te voldoen. Je kunt kiezen voor catering op locatie, afhankelijk van je schema, of voor afhaalmaaltijden als je meer vrijheid wilt. <\/p>\n\n\n\n<p class=\"has-text-align-center\">De menu&#8217;s kunnen in traditionele vorm of als buffet worden aangeboden, zodat ze geschikt zijn voor verschillende groepsmaaltijden. Op verzoek kunnen <strong>picknickmanden<\/strong> worden samengesteld voor je natuuruitstapjes of excursies. Om de dag goed te beginnen, is er een ontbijt beschikbaar voor alle deelnemers in je groep.  <\/p>\n<\/div><\/div>\n<\/div>\n\n<div style=\"height:var(--wp--preset--spacing--xxxxl)\" aria-hidden=\"true\" class=\"wp-block-spacer\"><\/div>\n\n<div class=\"wp-block-columns alignwide are-vertically-aligned-center hrz-responsive-col hrz-reponsive-order has-light-background-color has-background is-layout-flex wp-container-core-columns-is-layout-bf75da7c wp-block-columns-is-layout-flex\" style=\"margin-top:0;margin-bottom:0;padding-top:var(--wp--preset--spacing--xxl);padding-right:var(--wp--preset--spacing--xxl);padding-bottom:var(--wp--preset--spacing--xxl);padding-left:var(--wp--preset--spacing--xxl)\">\n<div class=\"wp-block-column is-vertically-aligned-center is-layout-flow wp-block-column-is-layout-flow\" style=\"padding-top:0;padding-right:0;padding-bottom:0;padding-left:0\">\n<p class=\"has-text-align-left is-style-top-title has-primary-color has-text-color has-link-color has-secondary-font-family has-xxxxl-font-size wp-elements-c0583d4636b4e62ffe74e8e82958de53 is-style-top-title--3\" style=\"line-height:1.2\">Zaalhuur en<\/p>\n\n\n\n<h2 class=\"wp-block-heading has-text-align-left has-secondary-color has-text-color has-link-color has-tertiary-font-family has-xxxxl-font-size wp-elements-371654f42eff673f17ecd1ce128d5ded\" style=\"line-height:1\">Aanvullende diensten<\/h2>\n\n\n\n<p>Ter ondersteuning van je groepsactiviteiten kun je op de camping <strong>een zaal huren<\/strong> met een oppervlakte tot 100 m\u00b2. Deze ruimte kan gebruikt worden met of zonder keuken, afhankelijk van je behoeften: vergaderingen, presentaties, workshops of groepsmaaltijden kunnen hier gehouden worden in een gezellige omgeving. <\/p>\n\n\n\n<p>Deze opstelling is ideaal voor seminars, trainingen of familiebijeenkomsten waarvoor binnenruimte nodig is om deelnemers samen te brengen. De ruimte kan naar wens worden ingericht met vergadertafels, ontspanningsruimtes of een eethoek. <\/p>\n\n\n\n<h2 class=\"wp-block-heading has-primary-color has-text-color has-link-color has-xxxxl-font-size wp-elements-4e9891a6f8b2a0b03a55d362813437a5\" style=\"line-height:1\">Toegang tot alle  <\/h2>\n\n\n\n<h2 class=\"wp-block-heading has-text-align-left has-secondary-color has-text-color has-link-color has-tertiary-font-family has-xxxxl-font-size wp-elements-3c1fac1043d5bae51e5e8b18f0b10718\" style=\"line-height:1\">Camping faciliteiten<\/h2>\n\n\n\n<p>Als groep die op <strong>camping Bois de Gravi\u00e8re<\/strong> verblijft, heb je ook toegang tot alle faciliteiten van de camping om je verblijf nog aangenamer te maken. Je kunt volop profiteren van:<br\/>&#8211; de<strong>wellnessruimte<\/strong> met sauna, jacuzzi en ontspanningsruimtes,<br\/>&#8211; het <strong>zwembad in het seizoen<\/strong>,<br\/>&#8211; de jeu de boulesbaan en de speeltuin voor vrije tijd,<br\/>&#8211; en alle andere activiteiten en diensten die ter plaatse worden aangeboden. <\/p>\n<\/div>\n\n\n\n<div class=\"wp-block-column is-vertically-aligned-center is-layout-flow wp-block-column-is-layout-flow\">\n<figure class=\"wp-block-image size-full is-style-image-svg-forme-2\"><img alt=\"Tables with brochures inside white event tent\" decoding=\"async\" width=\"1024\" height=\"768\" src=\"https:\/\/www.camping-besse.com\/wp-content\/uploads\/2025\/12\/chapiteau-reception-groupe-interieur.webp\" alt=\"\" class=\"wp-image-268\" style=\"aspect-ratio:3\/4;object-fit:cover\" srcset=\"https:\/\/www.camping-besse.com\/wp-content\/uploads\/2025\/12\/chapiteau-reception-groupe-interieur.webp 1024w, https:\/\/www.camping-besse.com\/wp-content\/uploads\/2025\/12\/chapiteau-reception-groupe-interieur-300x225.webp 300w, https:\/\/www.camping-besse.com\/wp-content\/uploads\/2025\/12\/chapiteau-reception-groupe-interieur-768x576.webp 768w, https:\/\/www.camping-besse.com\/wp-content\/uploads\/2025\/12\/chapiteau-reception-groupe-interieur-720x540.webp 720w, https:\/\/www.camping-besse.com\/wp-content\/uploads\/2025\/12\/chapiteau-reception-groupe-interieur-320x240.webp 320w, https:\/\/www.camping-besse.com\/wp-content\/uploads\/2025\/12\/chapiteau-reception-groupe-interieur-160x120.webp 160w\" sizes=\"(max-width: 1024px) 100vw, 1024px\" \/><\/figure>\n<\/div>\n<\/div>\n\n<div style=\"height:var(--wp--preset--spacing--xxl)\" aria-hidden=\"true\" class=\"wp-block-spacer\"><\/div>\n\n<div class=\"wp-block-group alignfull hrz-galerie-3 has-global-padding is-layout-constrained wp-container-core-group-is-layout-a700ee33 wp-block-group-is-layout-constrained\" style=\"padding-top:0;padding-right:0;padding-bottom:0;padding-left:0\">\n<div class=\"wp-block-group has-global-padding is-layout-constrained wp-container-core-group-is-layout-41c22256 wp-block-group-is-layout-constrained\" style=\"padding-right:var(--wp--preset--spacing--l);padding-left:var(--wp--preset--spacing--l)\">\n<p class=\"has-text-align-center is-style-lab-p--base has-text-alt-color has-text-color has-link-color wp-elements-231075dfe574d1d7e2d281c9ecda6215\" style=\"margin-top:var(--wp--preset--spacing--s);margin-bottom:var(--wp--preset--spacing--m)\">Deze overvloed aan faciliteiten maakt het mogelijk om gezellige momenten, sportieve activiteiten en momenten van ontspanning te combineren, waardoor de camping een ideale verblijfplaats is voor groepen die op zoek zijn naar een natuurlijke omgeving die zowel verfrissend als functioneel is.<\/p>\n\n\n\n<p class=\"has-text-align-center is-style-lab-p--base has-text-alt-color has-text-color has-link-color wp-elements-1a7bec61603a76a84a85a1f73fb8b829\" style=\"margin-top:var(--wp--preset--spacing--s);margin-bottom:var(--wp--preset--spacing--m)\">Om uw groepsvakantie met catering op camping Bois de Gravi\u00e8re te organiseren, stelt ons team een offerte op maat op, aangepast aan uw verwachtingen en de grootte van uw groep.<\/p>\n<\/div>\n<\/div>\n\n<div style=\"height:var(--wp--preset--spacing--xxxxl)\" aria-hidden=\"true\" class=\"wp-block-spacer\"><\/div>\n","protected":false},"excerpt":{"rendered":"<p>Groepsaccommodatie in de buurt van Super-Besse Vakantiehuizen in Auvergne De Camping Le Bois de Gravi\u00e8re, gelegen in Besse-et-Saint-Anastaise in het hart van de Puy-de-D\u00f4me, biedt een compleet aanbod van accommodatie en cateringdiensten voor groepen. Of je nu een familiere\u00fcnie, een clubvakantie, een sportcursus of een professionele bijeenkomst in het hart van de natuur organiseert, onze [&hellip;]<\/p>\n","protected":false},"author":1,"featured_media":0,"parent":0,"menu_order":0,"comment_status":"closed","ping_status":"closed","template":"page-no-title","meta":{"_acf_changed":false,"_seopress_robots_primary_cat":"","_seopress_titles_title":"Groepsaccommodatie Super-Besse | Groepsaccommodatie in Auvergne","_seopress_titles_desc":"Seminars, opleidingen of familiere\u00fcnies aan de voet van de vulkanen van de Auvergne: camping Bois de Gravi\u00e8re biedt u een groepsarrangement op maat in Super-Besse.","_seopress_robots_index":"","footnotes":""},"class_list":["post-2118","page","type-page","status-publish","hentry"],"acf":[],"_links":{"self":[{"href":"https:\/\/www.camping-besse.com\/nl\/wp-json\/wp\/v2\/pages\/2118","targetHints":{"allow":["GET"]}}],"collection":[{"href":"https:\/\/www.camping-besse.com\/nl\/wp-json\/wp\/v2\/pages"}],"about":[{"href":"https:\/\/www.camping-besse.com\/nl\/wp-json\/wp\/v2\/types\/page"}],"author":[{"embeddable":true,"href":"https:\/\/www.camping-besse.com\/nl\/wp-json\/wp\/v2\/users\/1"}],"replies":[{"embeddable":true,"href":"https:\/\/www.camping-besse.com\/nl\/wp-json\/wp\/v2\/comments?post=2118"}],"version-history":[{"count":2,"href":"https:\/\/www.camping-besse.com\/nl\/wp-json\/wp\/v2\/pages\/2118\/revisions"}],"predecessor-version":[{"id":2154,"href":"https:\/\/www.camping-besse.com\/nl\/wp-json\/wp\/v2\/pages\/2118\/revisions\/2154"}],"wp:attachment":[{"href":"https:\/\/www.camping-besse.com\/nl\/wp-json\/wp\/v2\/media?parent=2118"}],"curies":[{"name":"wp","href":"https:\/\/api.w.org\/{rel}","templated":true}]}}