{"id":2256,"date":"2025-12-16T09:45:45","date_gmt":"2025-12-16T08:45:45","guid":{"rendered":"https:\/\/www.camping-besse.com\/onze-geschiedenis\/"},"modified":"2026-03-20T15:35:41","modified_gmt":"2026-03-20T14:35:41","slug":"onze-geschiedenis","status":"publish","type":"page","link":"https:\/\/www.camping-besse.com\/nl\/onze-geschiedenis\/","title":{"rendered":"Onze geschiedenis"},"content":{"rendered":"\n<div class=\"wp-block-cover alignfull is-light has-custom-content-position is-position-bottom-center has-aspect-ratio\" style=\"margin-top:0;margin-bottom:0;padding-top:var(--wp--preset--spacing--xxxxl);padding-right:0;padding-bottom:0;padding-left:0;aspect-ratio:16\/9;min-height:unset;\"><img alt=\"Rolling green hills with farmhouse and stream\" decoding=\"async\" width=\"2560\" height=\"1440\" class=\"wp-block-cover__image-background wp-image-264 size-16\/9_2560x1440_desktop\" alt=\"\" src=\"https:\/\/www.camping-besse.com\/wp-content\/uploads\/2025\/12\/paysage-auvergne-2560x1440.webp\" data-object-fit=\"cover\" srcset=\"https:\/\/www.camping-besse.com\/wp-content\/uploads\/2025\/12\/paysage-auvergne-2560x1440.webp 2560w, https:\/\/www.camping-besse.com\/wp-content\/uploads\/2025\/12\/paysage-auvergne-1920x1080.webp 1920w, https:\/\/www.camping-besse.com\/wp-content\/uploads\/2025\/12\/paysage-auvergne-1440x810.webp 1440w, https:\/\/www.camping-besse.com\/wp-content\/uploads\/2025\/12\/paysage-auvergne-1366x768.webp 1366w, https:\/\/www.camping-besse.com\/wp-content\/uploads\/2025\/12\/paysage-auvergne-1024x576.webp 1024w, https:\/\/www.camping-besse.com\/wp-content\/uploads\/2025\/12\/paysage-auvergne-800x450.webp 800w, https:\/\/www.camping-besse.com\/wp-content\/uploads\/2025\/12\/paysage-auvergne-640x360.webp 640w, https:\/\/www.camping-besse.com\/wp-content\/uploads\/2025\/12\/paysage-auvergne-375x210.webp 375w, https:\/\/www.camping-besse.com\/wp-content\/uploads\/2025\/12\/paysage-auvergne-200x112.webp 200w, https:\/\/www.camping-besse.com\/wp-content\/uploads\/2025\/12\/paysage-auvergne-100x56.webp 100w\" sizes=\"(max-width: 2560px) 100vw, 2560px\" \/><span aria-hidden=\"true\" class=\"wp-block-cover__background has-background-dim-0 has-background-dim\"><\/span><div class=\"wp-block-cover__inner-container is-layout-flow wp-block-cover-is-layout-flow\">\n<figure class=\"wp-block-image size-full hrz-tampon-haut\"><img alt=\"Auvergne Rh\u00f4ne-Alpes circular stamp logo\" decoding=\"async\" width=\"243\" height=\"243\" src=\"https:\/\/www.camping-besse.com\/wp-content\/uploads\/2025\/12\/tampon-beige.png\" alt=\"\" class=\"wp-image-220\" srcset=\"https:\/\/www.camping-besse.com\/wp-content\/uploads\/2025\/12\/tampon-beige.png 243w, https:\/\/www.camping-besse.com\/wp-content\/uploads\/2025\/12\/tampon-beige-150x150.png 150w, https:\/\/www.camping-besse.com\/wp-content\/uploads\/2025\/12\/tampon-beige-200x200.png 200w, https:\/\/www.camping-besse.com\/wp-content\/uploads\/2025\/12\/tampon-beige-100x100.png 100w\" sizes=\"(max-width: 243px) 100vw, 243px\" \/><\/figure>\n\n\n\n<div class=\"wp-block-group hrz-hero-5-content is-layout-flow wp-container-core-group-is-layout-911427bc wp-block-group-is-layout-flow\" style=\"margin-top:0;margin-bottom:0;padding-top:0;padding-right:var(--wp--preset--spacing--xxl);padding-bottom:0;padding-left:var(--wp--preset--spacing--xxl)\">\n<a href=\"https:\/\/www.camping-besse.com\/\" target=\"_self\" data-link=\"true\"><div class=\"wp-block-group is-layout-flow wp-block-group-is-layout-flow\" data-link=\"https:\/\/www.camping-besse.com\/\" data-target=\"_self\">\n<figure class=\"wp-block-image aligncenter size-full\" style=\"margin-top:0;margin-bottom:0\"><img alt=\"Bois de Gravi\u00e8re circular mountain landscape logo\" decoding=\"async\" width=\"177\" height=\"240\" src=\"https:\/\/www.camping-besse.com\/wp-content\/uploads\/2025\/12\/logo-bois-de-graviere.png\" alt=\"\" class=\"wp-image-38\"\/><\/figure>\n<\/div><\/a>\n<\/div>\n\n\n\n<div style=\"height:var(--wp--preset--spacing--xxxxl)\" aria-hidden=\"true\" class=\"wp-block-spacer\"><\/div>\n\n\n\n<div style=\"height:var(--wp--preset--spacing--xxxxl)\" aria-hidden=\"true\" class=\"wp-block-spacer\"><\/div>\n\n\n\n<div style=\"height:var(--wp--preset--spacing--xxxxl)\" aria-hidden=\"true\" class=\"wp-block-spacer\"><\/div>\n\n\n\n<figure class=\"wp-block-image alignfull size-full hrz-elipse\"><img alt=\"\" decoding=\"async\" src=\"https:\/\/www.camping-besse.com\/wp-content\/uploads\/2025\/12\/elipse.svg\" alt=\"\" class=\"wp-image-223\"\/><\/figure>\n<\/div><\/div>\n<div style=\"padding-left:var(--wp--preset--spacing--s);padding-top:var(--wp--preset--spacing--s);padding-bottom:var(--wp--preset--spacing--s);\" class=\"alignfull wp-elements-5cd3591c1ade14a972751d58f754b855 wp-block-wpseopress-breadcrumbs has-text-color has-primary-color\"><nav  aria-label=\"breadcrumb\"><ol class=\"breadcrumb\" itemscope itemtype=\"https:\/\/schema.org\/BreadcrumbList\"><li class=\"breadcrumb-item active\" aria-current=\"page\" itemprop=\"itemListElement\" itemscope itemtype=\"https:\/\/schema.org\/ListItem\"><span itemprop=\"name\">Camping \u00e0 Super-Besse<\/span><meta itemprop=\"position\" content=\"1\"><\/li><\/ol><\/nav><\/div>\n<div class=\"wp-block-group alignfull has-global-padding is-layout-constrained wp-block-group-is-layout-constrained\">\n<div class=\"wp-block-columns alignfull is-layout-flex wp-container-core-columns-is-layout-28f84493 wp-block-columns-is-layout-flex\">\n<div class=\"wp-block-column is-layout-flow wp-block-column-is-layout-flow\">\n<h1 class=\"wp-block-heading has-text-align-center has-primary-color has-text-color has-link-color wp-elements-b51adeb11e89ca7c5a08c9119d28eb2c\">Camping Besse-et-Saint-Anastaise<\/h1>\n\n\n\n<p class=\"has-text-align-center has-secondary-color has-text-color has-link-color has-tertiary-font-family has-xxxxxl-font-size wp-elements-037db343ec396050d5ef8e5d414c7c52\">Geschiedenis van camping Bois de Gravi\u00e8re<\/p>\n<\/div>\n<\/div>\n<\/div>\n\n<div class=\"wp-block-columns alignwide are-vertically-aligned-center hrz-responsive-col hrz-reponsive-order is-layout-flex wp-container-core-columns-is-layout-3f562962 wp-block-columns-is-layout-flex\" style=\"margin-top:0;margin-bottom:0;padding-top:0;padding-right:var(--wp--preset--spacing--xxl);padding-bottom:0;padding-left:var(--wp--preset--spacing--xxl)\">\n<div class=\"wp-block-column is-vertically-aligned-center is-layout-flow wp-block-column-is-layout-flow\">\n<figure class=\"wp-block-image size-full is-style-image-svg-forme-2\"><img alt=\"Row of wooden cabins surrounded by lush greenery\" decoding=\"async\" width=\"1024\" height=\"576\" src=\"https:\/\/www.camping-besse.com\/wp-content\/uploads\/2025\/12\/chalet-en-ete.webp\" alt=\"\" class=\"wp-image-290\" style=\"aspect-ratio:3\/4;object-fit:cover\" srcset=\"https:\/\/www.camping-besse.com\/wp-content\/uploads\/2025\/12\/chalet-en-ete.webp 1024w, https:\/\/www.camping-besse.com\/wp-content\/uploads\/2025\/12\/chalet-en-ete-300x169.webp 300w, https:\/\/www.camping-besse.com\/wp-content\/uploads\/2025\/12\/chalet-en-ete-768x432.webp 768w, https:\/\/www.camping-besse.com\/wp-content\/uploads\/2025\/12\/chalet-en-ete-800x450.webp 800w, https:\/\/www.camping-besse.com\/wp-content\/uploads\/2025\/12\/chalet-en-ete-640x360.webp 640w, https:\/\/www.camping-besse.com\/wp-content\/uploads\/2025\/12\/chalet-en-ete-375x210.webp 375w, https:\/\/www.camping-besse.com\/wp-content\/uploads\/2025\/12\/chalet-en-ete-200x112.webp 200w, https:\/\/www.camping-besse.com\/wp-content\/uploads\/2025\/12\/chalet-en-ete-100x56.webp 100w\" sizes=\"(max-width: 1024px) 100vw, 1024px\" \/><\/figure>\n<\/div>\n\n\n\n<div class=\"wp-block-column is-vertically-aligned-center is-layout-flow wp-block-column-is-layout-flow\" style=\"padding-top:0;padding-right:0;padding-bottom:0;padding-left:0\">\n<p class=\"has-text-align-left is-style-top-title has-primary-color has-text-color has-link-color has-secondary-font-family has-xxxxl-font-size wp-elements-1343664195c48b34dd18ae64f4d5979c is-style-top-title--1\" style=\"line-height:1.2\">De geboorte van camping Bois de Gravi\u00e8re<\/p>\n\n\n\n<h2 class=\"wp-block-heading has-text-align-left has-secondary-color has-text-color has-link-color has-tertiary-font-family has-xxxxl-font-size wp-elements-d6bd00c0a5a2804e98c346be8950af6f\" style=\"line-height:1\">In de Puy-de-D\u00f4me<\/h2>\n\n\n\n<p><br\/>In het hart van het Parc des Volcans d&#8217;Auvergne, in het departement Puy-de-D\u00f4me, is camping Bois de Gravi\u00e8re ontstaan in een uitzonderlijke natuurlijke omgeving, vlakbij het middeleeuwse stadje Besse-et-Saint-Anastaise. Hier, in de Cha\u00eene des Puys, omgeven door vulkaanlandschappen en majestueuze meren, opende de camping meer dan 30 jaar geleden zijn deuren. Het idee was eenvoudig: natuurliefhebbers een authentieke camping bieden waar ze hun batterijen konden opladen terwijl ze genoten van de wonderen van de streek. Vanaf het begin is onze <strong><a href=\"https:\/\/www.camping-besse.com\/nl\/\" data-type=\"page\" data-id=\"4\">camping in Besse<\/a><\/strong> zijn bezoekers aangetrokken dankzij zijn bevoorrechte ligging in het centrum van Frankrijk, aan de voet van de Puy de Sancy, en zijn gezellige sfeer, waardoor het leuk is om nieuwe mensen te ontmoeten en nieuwe dingen te ontdekken.   <\/p>\n<\/div>\n<\/div>\n\n<div style=\"height:var(--wp--preset--spacing--xxxxl)\" aria-hidden=\"true\" class=\"wp-block-spacer\"><\/div>\n\n<div class=\"wp-block-group alignfull hrz-galerie-1 has-global-padding is-layout-constrained wp-block-group-is-layout-constrained\">\n<div class=\"wp-block-cover alignfull hrz-galerie-1-cover\" style=\"padding-top:var(--wp--preset--spacing--xxxxxl);padding-right:var(--wp--preset--spacing--xxxxxl);padding-bottom:var(--wp--preset--spacing--xxxxxl);padding-left:var(--wp--preset--spacing--xxxxxl)\"><img alt=\"Wooden cabins surrounded by trees and greenery\" decoding=\"async\" width=\"1024\" height=\"655\" class=\"wp-block-cover__image-background wp-image-274 size-full\" alt=\"\" src=\"https:\/\/www.camping-besse.com\/wp-content\/uploads\/2025\/12\/location-ete.webp\" data-object-fit=\"cover\" srcset=\"https:\/\/www.camping-besse.com\/wp-content\/uploads\/2025\/12\/location-ete.webp 1024w, https:\/\/www.camping-besse.com\/wp-content\/uploads\/2025\/12\/location-ete-300x192.webp 300w, https:\/\/www.camping-besse.com\/wp-content\/uploads\/2025\/12\/location-ete-768x491.webp 768w\" sizes=\"(max-width: 1024px) 100vw, 1024px\" \/><span aria-hidden=\"true\" class=\"wp-block-cover__background has-real-black-background-color has-background-dim-40 has-background-dim\"><\/span><div class=\"wp-block-cover__inner-container has-global-padding is-layout-constrained wp-container-core-cover-is-layout-143ab919 wp-block-cover-is-layout-constrained\">\n<p class=\"has-text-align-center is-style-top-title has-background-color has-text-color has-link-color has-secondary-font-family has-xxxxl-font-size wp-elements-1113e185edb8f0fa976fbc0fbb6da73a is-style-top-title--2\" style=\"line-height:1.2\"><br\/>De evolutie van de camping<\/p>\n\n\n\n<h2 class=\"wp-block-heading has-text-align-center has-background-color has-text-color has-link-color has-tertiary-font-family has-xxxxl-font-size wp-elements-1cb59866329ecc98355fa936a2d507e0\" style=\"line-height:1\">Grindgroeve Hout<\/h2>\n\n\n\n<p class=\"has-text-align-center has-real-white-color has-text-color has-link-color wp-elements-9d0e28c55081aa5bf0c50065161c77a3\"><br\/>In de loop der jaren zijn we blijven evolueren om aan je verwachtingen te voldoen en toch onze authenticiteit te bewaren. Onze faciliteiten zijn gemoderniseerd met de toevoeging van comfortabele stacaravans en goed uitgeruste chalets, met behoud van staanplaatsen voor tenten en caravans, zodat iedereen op zijn eigen manier van zijn kampeerervaring kan genieten. In samenwerking met lokale sport-, ski-, sneeuwschoen- en fietsorganisaties bieden we een scala aan diensten voor het hele gezin: begeleide wandelingen,<br\/>natuurworkshops en thema-avonden, om er maar een paar te noemen. Respect voor het milieu staat bij ons centraal en we zetten ons in voor een ecologisch verantwoorde aanpak door onze bezoekers bewust te maken van het belang van het behoud van de natuurlijke omgeving.   <\/p>\n<\/div><\/div>\n<\/div>\n\n<div class=\"wp-block-group alignfull hrz-galerie-3 has-global-padding is-layout-constrained wp-container-core-group-is-layout-a700ee33 wp-block-group-is-layout-constrained\" style=\"padding-top:0;padding-right:0;padding-bottom:0;padding-left:0\">\n<div class=\"wp-block-group has-global-padding is-layout-constrained wp-container-core-group-is-layout-41c22256 wp-block-group-is-layout-constrained\" style=\"padding-right:var(--wp--preset--spacing--l);padding-left:var(--wp--preset--spacing--l)\">\n<p class=\"has-text-align-center is-style-top-title has-primary-color has-text-color has-link-color has-secondary-font-family has-xxxxl-font-size wp-elements-28cde5a5df53b162874561ae9615ea8e is-style-top-title--3\" style=\"line-height:1.2\"><br\/>De toekomst van de camping<\/p>\n\n\n\n<h2 class=\"wp-block-heading has-text-align-center has-secondary-color has-text-color has-link-color has-tertiary-font-family has-xxxxl-font-size wp-elements-c9568fd58a02e2181f11244ffccea9ed\" style=\"line-height:1\">Grindgroeve Hout<\/h2>\n\n\n\n<p class=\"has-text-align-center is-style-lab-p--base has-text-alt-color has-text-color has-link-color wp-elements-e7f4188fe5df7eca1dfd180c6d2f5a6b\" style=\"margin-top:var(--wp--preset--spacing--s);margin-bottom:var(--wp--preset--spacing--m)\">We kijken met enthousiasme naar de toekomst! Op camping Bois de Gravi\u00e8re blijven we innoveren om onze bezoekers een steeds rijkere en authentiekere ervaring te bieden. We werken momenteel aan nieuwe projecten om onze faciliteiten te verbeteren en nog meer ruimtes voor ontspanning en vrije tijd te cre\u00ebren.  <\/p>\n\n\n\n<p>Jouw welzijn is onze prioriteit. We willen ook onze betrokkenheid bij de gemeenschap versterken door samen te werken met lokale producenten. Samen bieden we lokale producten aan in onze afhaalmaaltijden en organiseren we evenementen om het culturele erfgoed van onze mooie regio te promoten.  <\/p>\n\n\n\n<p>Onze ambitie is simpel: van de camping Bois de Gravi\u00e8re een plek maken waar iedereen zich thuis voelt, terwijl je de schatten van de Puy-de-D\u00f4me ontdekt.<\/p>\n\n\n\n<p class=\"has-text-align-center is-style-lab-p--base has-text-alt-color has-text-color has-link-color wp-elements-54e118527327ca7f41c650fbf5457da2\" style=\"margin-top:var(--wp--preset--spacing--s);margin-bottom:var(--wp--preset--spacing--m)\">Als je bij ons komt, ontdek je niet alleen een plek om te overnachten, maar een echt verhaal. We zijn erin geslaagd om te evolueren en toch trouw te blijven aan onze waarden. Of je nu een regelmatige kampeerder bent of een nieuwkomer op zoek naar een nieuwe ervaring, wij beloven je een vakantie vol ontdekkingen en gedeelde momenten.  <\/p>\n<\/div>\n<\/div>\n","protected":false},"excerpt":{"rendered":"<p>Camping Besse-et-Saint-Anastaise Geschiedenis van camping Bois de Gravi\u00e8re De geboorte van camping Bois de Gravi\u00e8re In de Puy-de-D\u00f4me In het hart van het Parc des Volcans d&#8217;Auvergne, in het departement Puy-de-D\u00f4me, is camping Bois de Gravi\u00e8re ontstaan in een uitzonderlijke natuurlijke omgeving, vlakbij het middeleeuwse stadje Besse-et-Saint-Anastaise. Hier, in de Cha\u00eene des Puys, omgeven door [&hellip;]<\/p>\n","protected":false},"author":1,"featured_media":0,"parent":0,"menu_order":0,"comment_status":"closed","ping_status":"closed","template":"page-no-title","meta":{"_acf_changed":false,"_seopress_robots_primary_cat":"","_seopress_titles_title":"Camping Besse-et-Saint-Anastaise | De geschiedenis van Camping Bois de Gravi\u00e8re","_seopress_titles_desc":"Een familiegeschiedenis geboren aan de voet van de Puy de Sancy: ontdek de ziel en de waarden van de camping Bois de Gravi\u00e8re in Besse-et-Saint-Anastaise sinds 30 jaar.","_seopress_robots_index":"","footnotes":""},"class_list":["post-2256","page","type-page","status-publish","hentry"],"acf":[],"_links":{"self":[{"href":"https:\/\/www.camping-besse.com\/nl\/wp-json\/wp\/v2\/pages\/2256","targetHints":{"allow":["GET"]}}],"collection":[{"href":"https:\/\/www.camping-besse.com\/nl\/wp-json\/wp\/v2\/pages"}],"about":[{"href":"https:\/\/www.camping-besse.com\/nl\/wp-json\/wp\/v2\/types\/page"}],"author":[{"embeddable":true,"href":"https:\/\/www.camping-besse.com\/nl\/wp-json\/wp\/v2\/users\/1"}],"replies":[{"embeddable":true,"href":"https:\/\/www.camping-besse.com\/nl\/wp-json\/wp\/v2\/comments?post=2256"}],"version-history":[{"count":2,"href":"https:\/\/www.camping-besse.com\/nl\/wp-json\/wp\/v2\/pages\/2256\/revisions"}],"predecessor-version":[{"id":2280,"href":"https:\/\/www.camping-besse.com\/nl\/wp-json\/wp\/v2\/pages\/2256\/revisions\/2280"}],"wp:attachment":[{"href":"https:\/\/www.camping-besse.com\/nl\/wp-json\/wp\/v2\/media?parent=2256"}],"curies":[{"name":"wp","href":"https:\/\/api.w.org\/{rel}","templated":true}]}}